{"id":92657,"date":"2025-01-14T17:08:04","date_gmt":"2025-01-14T16:08:04","guid":{"rendered":"https:\/\/connectif.ai\/?page_id=92657"},"modified":"2025-08-06T15:29:41","modified_gmt":"2025-08-06T14:29:41","slug":"luxury-ecommerce-inovacao-e-exclusividade-online","status":"publish","type":"page","link":"https:\/\/connectif.ai\/pt-br\/ebooks\/estrategias-ecommerce-luxury\/","title":{"rendered":"Luxury eCommerce: inova\u00e7\u00e3o e exclusividade online"},"content":{"rendered":"\t\t<div data-elementor-type=\"wp-page\" data-elementor-id=\"92657\" class=\"elementor elementor-92657 elementor-92001\" data-elementor-post-type=\"page\">\n\t\t\t\t<div class=\"elementor-element elementor-element-4e7dcd2 e-flex e-con-boxed e-con e-parent\" data-id=\"4e7dcd2\" data-element_type=\"container\" data-e-type=\"container\" data-settings=\"{&quot;_ob_use_container_extras&quot;:&quot;no&quot;,&quot;_ob_column_hoveranimator&quot;:&quot;no&quot;,&quot;_ob_glider_is_slider&quot;:&quot;no&quot;,&quot;_ob_column_has_pseudo&quot;:&quot;no&quot;}\">\n\t\t\t\t\t<div class=\"e-con-inner\">\n\t\t<div class=\"elementor-element elementor-element-09948f1 e-con-full e-flex e-con e-child\" data-id=\"09948f1\" data-element_type=\"container\" data-e-type=\"container\" data-settings=\"{&quot;_ob_use_container_extras&quot;:&quot;no&quot;,&quot;_ob_column_hoveranimator&quot;:&quot;no&quot;,&quot;_ob_glider_is_slider&quot;:&quot;no&quot;,&quot;_ob_column_has_pseudo&quot;:&quot;no&quot;}\">\n\t\t\t\t<div class=\"elementor-element elementor-element-d9f8e09 ob-harakiri-inherit ob-has-background-overlay elementor-widget elementor-widget-heading\" data-id=\"d9f8e09\" data-element_type=\"widget\" data-e-type=\"widget\" data-settings=\"{&quot;_ob_use_harakiri&quot;:&quot;yes&quot;,&quot;_ob_harakiri_writing_mode&quot;:&quot;inherit&quot;,&quot;_ob_harakiri_text_clip&quot;:&quot;none&quot;,&quot;_ob_widget_stalker_use&quot;:&quot;no&quot;,&quot;_ob_poopart_use&quot;:&quot;yes&quot;,&quot;_ob_shadough_use&quot;:&quot;no&quot;,&quot;_ob_allow_hoveranimator&quot;:&quot;no&quot;}\" data-widget_type=\"heading.default\">\n\t\t\t\t<div class=\"elementor-widget-container\">\n\t\t\t\t\t<h2 class=\"elementor-heading-title elementor-size-default\">Luxury eCommerce: inova\u00e7\u00e3o e exclusividade online<\/h2>\t\t\t\t<\/div>\n\t\t\t\t<\/div>\n\t\t\t\t<div class=\"elementor-element elementor-element-af0e636 ob-harakiri-inherit ob-has-background-overlay elementor-widget elementor-widget-text-editor\" data-id=\"af0e636\" data-element_type=\"widget\" data-e-type=\"widget\" data-settings=\"{&quot;_ob_use_harakiri&quot;:&quot;yes&quot;,&quot;_ob_harakiri_writing_mode&quot;:&quot;inherit&quot;,&quot;_ob_postman_use&quot;:&quot;no&quot;,&quot;_ob_widget_stalker_use&quot;:&quot;no&quot;,&quot;_ob_poopart_use&quot;:&quot;yes&quot;,&quot;_ob_shadough_use&quot;:&quot;no&quot;,&quot;_ob_allow_hoveranimator&quot;:&quot;no&quot;}\" data-widget_type=\"text-editor.default\">\n\t\t\t\t<div class=\"elementor-widget-container\">\n\t\t\t\t\t\t\t\t\t<p><span style=\"font-weight: 400;\">Baixe gratuitamente nosso eBook e descubra 8 estrat\u00e9gias de automa\u00e7\u00e3o de marketing para levar produtos premium a audi\u00eancias globais. Mais de 3.000 empresas confiam em n\u00f3s. E voc\u00ea? Impulsione seu eCommerce com a Connectif!<\/span><\/p>\t\t\t\t\t\t\t\t<\/div>\n\t\t\t\t<\/div>\n\t\t\t\t<div class=\"elementor-element elementor-element-084028c elementor-align-left c-button c-button-dt__primary ob-has-background-overlay elementor-widget elementor-widget-button\" data-id=\"084028c\" data-element_type=\"widget\" data-e-type=\"widget\" data-settings=\"{&quot;_ob_butterbutton_use_it&quot;:&quot;no&quot;,&quot;_ob_widget_stalker_use&quot;:&quot;no&quot;,&quot;_ob_poopart_use&quot;:&quot;yes&quot;,&quot;_ob_shadough_use&quot;:&quot;no&quot;,&quot;_ob_allow_hoveranimator&quot;:&quot;no&quot;}\" data-widget_type=\"button.default\">\n\t\t\t\t<div class=\"elementor-widget-container\">\n\t\t\t\t\t\t\t\t\t<div class=\"elementor-button-wrapper\">\n\t\t\t\t\t<a class=\"elementor-button elementor-button-link elementor-size-md\" href=\"#download-form\">\n\t\t\t\t\t\t<span class=\"elementor-button-content-wrapper\">\n\t\t\t\t\t\t\t\t\t<span class=\"elementor-button-text\">Baixe agora<\/span>\n\t\t\t\t\t<\/span>\n\t\t\t\t\t<\/a>\n\t\t\t\t<\/div>\n\t\t\t\t\t\t\t\t<\/div>\n\t\t\t\t<\/div>\n\t\t\t\t<\/div>\n\t\t<div class=\"elementor-element elementor-element-7d21efb e-con-full e-flex e-con e-child\" data-id=\"7d21efb\" data-element_type=\"container\" data-e-type=\"container\" data-settings=\"{&quot;background_background&quot;:&quot;classic&quot;,&quot;_ob_use_container_extras&quot;:&quot;no&quot;,&quot;_ob_column_hoveranimator&quot;:&quot;no&quot;,&quot;_ob_glider_is_slider&quot;:&quot;no&quot;,&quot;_ob_column_has_pseudo&quot;:&quot;no&quot;}\">\n\t\t\t\t<\/div>\n\t\t\t\t\t<\/div>\n\t\t\t\t<\/div>\n\t\t<div class=\"elementor-element elementor-element-d742743 e-grid e-con-boxed e-con e-parent\" data-id=\"d742743\" data-element_type=\"container\" data-e-type=\"container\" id=\"download-form\" data-settings=\"{&quot;_ob_use_container_extras&quot;:&quot;no&quot;,&quot;_ob_column_hoveranimator&quot;:&quot;no&quot;,&quot;_ob_glider_is_slider&quot;:&quot;no&quot;,&quot;_ob_column_has_pseudo&quot;:&quot;no&quot;}\">\n\t\t\t\t\t<div class=\"e-con-inner\">\n\t\t<div class=\"elementor-element elementor-element-c2d7291 e-con-full e-flex e-con e-child\" data-id=\"c2d7291\" data-element_type=\"container\" data-e-type=\"container\" data-settings=\"{&quot;_ob_use_container_extras&quot;:&quot;no&quot;,&quot;_ob_column_hoveranimator&quot;:&quot;no&quot;,&quot;_ob_glider_is_slider&quot;:&quot;no&quot;,&quot;_ob_column_has_pseudo&quot;:&quot;no&quot;}\">\n\t\t<div class=\"elementor-element elementor-element-2f0f38b e-con-full e-flex e-con e-child\" data-id=\"2f0f38b\" data-element_type=\"container\" data-e-type=\"container\" data-settings=\"{&quot;_ob_use_container_extras&quot;:&quot;no&quot;,&quot;_ob_column_hoveranimator&quot;:&quot;no&quot;,&quot;_ob_glider_is_slider&quot;:&quot;no&quot;,&quot;_ob_column_has_pseudo&quot;:&quot;no&quot;}\">\n\t\t\t\t<div class=\"elementor-element elementor-element-f52a641 ob-harakiri-inherit ob-has-background-overlay elementor-widget elementor-widget-heading\" data-id=\"f52a641\" data-element_type=\"widget\" data-e-type=\"widget\" data-settings=\"{&quot;_ob_use_harakiri&quot;:&quot;yes&quot;,&quot;_ob_harakiri_writing_mode&quot;:&quot;inherit&quot;,&quot;_ob_harakiri_text_clip&quot;:&quot;none&quot;,&quot;_ob_widget_stalker_use&quot;:&quot;no&quot;,&quot;_ob_poopart_use&quot;:&quot;yes&quot;,&quot;_ob_shadough_use&quot;:&quot;no&quot;,&quot;_ob_allow_hoveranimator&quot;:&quot;no&quot;}\" data-widget_type=\"heading.default\">\n\t\t\t\t<div class=\"elementor-widget-container\">\n\t\t\t\t\t<h3 class=\"elementor-heading-title elementor-size-default\">O que voc\u00ea vai encontrar no eBook?<\/h3>\t\t\t\t<\/div>\n\t\t\t\t<\/div>\n\t\t\t\t<div class=\"elementor-element elementor-element-ce74a42 u-list-square u-list-square__blue ob-harakiri-inherit ob-has-background-overlay elementor-widget elementor-widget-text-editor\" data-id=\"ce74a42\" data-element_type=\"widget\" data-e-type=\"widget\" data-settings=\"{&quot;_ob_use_harakiri&quot;:&quot;yes&quot;,&quot;_ob_harakiri_writing_mode&quot;:&quot;inherit&quot;,&quot;_ob_postman_use&quot;:&quot;no&quot;,&quot;_ob_widget_stalker_use&quot;:&quot;no&quot;,&quot;_ob_poopart_use&quot;:&quot;yes&quot;,&quot;_ob_shadough_use&quot;:&quot;no&quot;,&quot;_ob_allow_hoveranimator&quot;:&quot;no&quot;}\" data-widget_type=\"text-editor.default\">\n\t\t\t\t<div class=\"elementor-widget-container\">\n\t\t\t\t\t\t\t\t\t<ul>\n<li style=\"text-align: left;\">8 estrat\u00e9gias reais implementadas por marcas do setor de luxo para transformar a jornada do cliente em suas lojas online.<\/li>\n<li style=\"text-align: left;\"><span style=\"font-weight: 400;\"> Casos de uso pr\u00e1ticos que solucionam os problemas mais frequentes dos eCommerces.<\/span><\/li>\n<li style=\"font-weight: 400;\" aria-level=\"1\"><span style=\"font-weight: 400;\">Workflows estrat\u00e9gicos utilizados para maximizar as vendas. <\/span><\/li>\n<\/ul>\t\t\t\t\t\t\t\t<\/div>\n\t\t\t\t<\/div>\n\t\t\t\t<\/div>\n\t\t\t\t<\/div>\n\t\t<div class=\"elementor-element elementor-element-8fb9587 e-con-full e-flex e-con e-child\" data-id=\"8fb9587\" data-element_type=\"container\" data-e-type=\"container\" data-settings=\"{&quot;_ob_use_container_extras&quot;:&quot;no&quot;,&quot;_ob_column_hoveranimator&quot;:&quot;no&quot;,&quot;_ob_glider_is_slider&quot;:&quot;no&quot;,&quot;_ob_column_has_pseudo&quot;:&quot;no&quot;}\">\n\t\t\t\t<div class=\"elementor-element elementor-element-e6ff284 ob-has-background-overlay elementor-widget elementor-widget-html\" data-id=\"e6ff284\" data-element_type=\"widget\" data-e-type=\"widget\" data-settings=\"{&quot;_ob_widget_stalker_use&quot;:&quot;no&quot;,&quot;_ob_poopart_use&quot;:&quot;yes&quot;,&quot;_ob_shadough_use&quot;:&quot;no&quot;,&quot;_ob_allow_hoveranimator&quot;:&quot;no&quot;}\" data-widget_type=\"html.default\">\n\t\t\t\t<div class=\"elementor-widget-container\">\n\t\t\t\t\t<div class=\"cn-placeholder-pageform\"><\/div>\t\t\t\t<\/div>\n\t\t\t\t<\/div>\n\t\t\t\t<\/div>\n\t\t\t\t\t<\/div>\n\t\t\t\t<\/div>\n\t\t\t\t<\/div>\n\t\t","protected":false},"excerpt":{"rendered":"<p>8 estrat\u00e9gias de automa\u00e7\u00e3o de marketing para impulsionar marcas de luxo<\/p>\n","protected":false},"author":16,"featured_media":97357,"parent":96256,"menu_order":0,"comment_status":"closed","ping_status":"closed","template":"","meta":{"_acf_changed":false,"footnotes":""},"categories":[205],"tags":[],"class_list":["post-92657","page","type-page","status-publish","has-post-thumbnail","hentry","category-ebook-pt-br"],"acf":[],"yoast_head":"<!-- This site is optimized with the Yoast SEO plugin v27.3 - https:\/\/yoast.com\/product\/yoast-seo-wordpress\/ -->\n<title>Luxury eCommerce: inova\u00e7\u00e3o e exclusividade online - Connectif Marketing Automation<\/title>\n<meta name=\"description\" content=\"Voc\u00ea tem um eCommerce no setor de luxo e quer impulsionar as vendas? Baixe agora nosso eBook e implemente as melhores estrat\u00e9gias.\" \/>\n<meta name=\"robots\" content=\"noindex, nofollow\" \/>\n<meta property=\"og:locale\" content=\"pt_BR\" \/>\n<meta property=\"og:type\" content=\"article\" \/>\n<meta property=\"og:title\" content=\"Luxury eCommerce: inova\u00e7\u00e3o e exclusividade online\" \/>\n<meta property=\"og:description\" content=\"Voc\u00ea tem um eCommerce no setor de luxo e quer impulsionar as vendas? Baixe agora nosso eBook e implemente as melhores estrat\u00e9gias.\" \/>\n<meta property=\"og:url\" content=\"https:\/\/connectif.ai\/pt-br\/ebooks\/estrategias-ecommerce-luxury\/\" \/>\n<meta property=\"og:site_name\" content=\"Connectif Marketing Automation\" \/>\n<meta property=\"article:modified_time\" content=\"2025-08-06T14:29:41+00:00\" \/>\n<meta property=\"og:image\" content=\"https:\/\/connectif.ai\/wp-content\/uploads\/2025\/01\/Imagen-landing.png\" \/>\n\t<meta property=\"og:image:width\" content=\"800\" \/>\n\t<meta property=\"og:image:height\" content=\"800\" \/>\n\t<meta property=\"og:image:type\" content=\"image\/png\" \/>\n<meta name=\"twitter:card\" content=\"summary_large_image\" \/>\n<meta name=\"twitter:label1\" content=\"Est. tempo de leitura\" \/>\n\t<meta name=\"twitter:data1\" content=\"1 minuto\" \/>\n<script type=\"application\/ld+json\" class=\"yoast-schema-graph\">{\"@context\":\"https:\\\/\\\/schema.org\",\"@graph\":[{\"@type\":\"WebPage\",\"@id\":\"https:\\\/\\\/connectif.ai\\\/pt-br\\\/ebooks\\\/estrategias-ecommerce-luxury\\\/\",\"url\":\"https:\\\/\\\/connectif.ai\\\/pt-br\\\/ebooks\\\/estrategias-ecommerce-luxury\\\/\",\"name\":\"Luxury eCommerce: inova\u00e7\u00e3o e exclusividade online - Connectif Marketing Automation\",\"isPartOf\":{\"@id\":\"https:\\\/\\\/connectif.ai\\\/pt-br\\\/#website\"},\"primaryImageOfPage\":{\"@id\":\"https:\\\/\\\/connectif.ai\\\/pt-br\\\/ebooks\\\/estrategias-ecommerce-luxury\\\/#primaryimage\"},\"image\":{\"@id\":\"https:\\\/\\\/connectif.ai\\\/pt-br\\\/ebooks\\\/estrategias-ecommerce-luxury\\\/#primaryimage\"},\"thumbnailUrl\":\"https:\\\/\\\/connectif.ai\\\/wp-content\\\/uploads\\\/2025\\\/08\\\/Ebook_Connectif_8-estrategias-de-marketing-automation-para-impulsar-marcas-de-lujo.png\",\"datePublished\":\"2025-01-14T16:08:04+00:00\",\"dateModified\":\"2025-08-06T14:29:41+00:00\",\"description\":\"Voc\u00ea tem um eCommerce no setor de luxo e quer impulsionar as vendas? Baixe agora nosso eBook e implemente as melhores estrat\u00e9gias.\",\"breadcrumb\":{\"@id\":\"https:\\\/\\\/connectif.ai\\\/pt-br\\\/ebooks\\\/estrategias-ecommerce-luxury\\\/#breadcrumb\"},\"inLanguage\":\"pt-BR\",\"potentialAction\":[{\"@type\":\"ReadAction\",\"target\":[\"https:\\\/\\\/connectif.ai\\\/pt-br\\\/ebooks\\\/estrategias-ecommerce-luxury\\\/\"]}]},{\"@type\":\"ImageObject\",\"inLanguage\":\"pt-BR\",\"@id\":\"https:\\\/\\\/connectif.ai\\\/pt-br\\\/ebooks\\\/estrategias-ecommerce-luxury\\\/#primaryimage\",\"url\":\"https:\\\/\\\/connectif.ai\\\/wp-content\\\/uploads\\\/2025\\\/08\\\/Ebook_Connectif_8-estrategias-de-marketing-automation-para-impulsar-marcas-de-lujo.png\",\"contentUrl\":\"https:\\\/\\\/connectif.ai\\\/wp-content\\\/uploads\\\/2025\\\/08\\\/Ebook_Connectif_8-estrategias-de-marketing-automation-para-impulsar-marcas-de-lujo.png\",\"width\":850,\"height\":560},{\"@type\":\"BreadcrumbList\",\"@id\":\"https:\\\/\\\/connectif.ai\\\/pt-br\\\/ebooks\\\/estrategias-ecommerce-luxury\\\/#breadcrumb\",\"itemListElement\":[{\"@type\":\"ListItem\",\"position\":1,\"name\":\"Portada\",\"item\":\"https:\\\/\\\/connectif.ai\\\/\"},{\"@type\":\"ListItem\",\"position\":2,\"name\":\"eBooks\",\"item\":\"https:\\\/\\\/connectif.ai\\\/pt-br\\\/ebooks\\\/\"},{\"@type\":\"ListItem\",\"position\":3,\"name\":\"Luxury eCommerce: inova\u00e7\u00e3o e exclusividade online\"}]},{\"@type\":\"WebSite\",\"@id\":\"https:\\\/\\\/connectif.ai\\\/pt-br\\\/#website\",\"url\":\"https:\\\/\\\/connectif.ai\\\/pt-br\\\/\",\"name\":\"Connectif Marketing Automation\",\"description\":\"Marketing Automation Software Connectif te permite crear experiencias de compra hiperpersonalizada a tus clientes de forma r\u00e1pida y visual\",\"publisher\":{\"@id\":\"https:\\\/\\\/connectif.ai\\\/pt-br\\\/#organization\"},\"potentialAction\":[{\"@type\":\"SearchAction\",\"target\":{\"@type\":\"EntryPoint\",\"urlTemplate\":\"https:\\\/\\\/connectif.ai\\\/pt-br\\\/?s={search_term_string}\"},\"query-input\":{\"@type\":\"PropertyValueSpecification\",\"valueRequired\":true,\"valueName\":\"search_term_string\"}}],\"inLanguage\":\"pt-BR\"},{\"@type\":\"Organization\",\"@id\":\"https:\\\/\\\/connectif.ai\\\/pt-br\\\/#organization\",\"name\":\"Connectif Marketing Automation\",\"url\":\"https:\\\/\\\/connectif.ai\\\/pt-br\\\/\",\"logo\":{\"@type\":\"ImageObject\",\"inLanguage\":\"pt-BR\",\"@id\":\"https:\\\/\\\/connectif.ai\\\/pt-br\\\/#\\\/schema\\\/logo\\\/image\\\/\",\"url\":\"https:\\\/\\\/connectif.ai\\\/wp-content\\\/uploads\\\/2023\\\/02\\\/Logo-Connectif-web.svg\",\"contentUrl\":\"https:\\\/\\\/connectif.ai\\\/wp-content\\\/uploads\\\/2023\\\/02\\\/Logo-Connectif-web.svg\",\"width\":506,\"height\":46,\"caption\":\"Connectif Marketing Automation\"},\"image\":{\"@id\":\"https:\\\/\\\/connectif.ai\\\/pt-br\\\/#\\\/schema\\\/logo\\\/image\\\/\"}}]}<\/script>\n<!-- \/ Yoast SEO plugin. -->","yoast_head_json":{"title":"Luxury eCommerce: inova\u00e7\u00e3o e exclusividade online - Connectif Marketing Automation","description":"Voc\u00ea tem um eCommerce no setor de luxo e quer impulsionar as vendas? Baixe agora nosso eBook e implemente as melhores estrat\u00e9gias.","robots":{"index":"noindex","follow":"nofollow"},"og_locale":"pt_BR","og_type":"article","og_title":"Luxury eCommerce: inova\u00e7\u00e3o e exclusividade online","og_description":"Voc\u00ea tem um eCommerce no setor de luxo e quer impulsionar as vendas? Baixe agora nosso eBook e implemente as melhores estrat\u00e9gias.","og_url":"https:\/\/connectif.ai\/pt-br\/ebooks\/estrategias-ecommerce-luxury\/","og_site_name":"Connectif Marketing Automation","article_modified_time":"2025-08-06T14:29:41+00:00","og_image":[{"width":800,"height":800,"url":"https:\/\/connectif.ai\/wp-content\/uploads\/2025\/01\/Imagen-landing.png","type":"image\/png"}],"twitter_card":"summary_large_image","twitter_misc":{"Est. tempo de leitura":"1 minuto"},"schema":{"@context":"https:\/\/schema.org","@graph":[{"@type":"WebPage","@id":"https:\/\/connectif.ai\/pt-br\/ebooks\/estrategias-ecommerce-luxury\/","url":"https:\/\/connectif.ai\/pt-br\/ebooks\/estrategias-ecommerce-luxury\/","name":"Luxury eCommerce: inova\u00e7\u00e3o e exclusividade online - Connectif Marketing Automation","isPartOf":{"@id":"https:\/\/connectif.ai\/pt-br\/#website"},"primaryImageOfPage":{"@id":"https:\/\/connectif.ai\/pt-br\/ebooks\/estrategias-ecommerce-luxury\/#primaryimage"},"image":{"@id":"https:\/\/connectif.ai\/pt-br\/ebooks\/estrategias-ecommerce-luxury\/#primaryimage"},"thumbnailUrl":"https:\/\/connectif.ai\/wp-content\/uploads\/2025\/08\/Ebook_Connectif_8-estrategias-de-marketing-automation-para-impulsar-marcas-de-lujo.png","datePublished":"2025-01-14T16:08:04+00:00","dateModified":"2025-08-06T14:29:41+00:00","description":"Voc\u00ea tem um eCommerce no setor de luxo e quer impulsionar as vendas? Baixe agora nosso eBook e implemente as melhores estrat\u00e9gias.","breadcrumb":{"@id":"https:\/\/connectif.ai\/pt-br\/ebooks\/estrategias-ecommerce-luxury\/#breadcrumb"},"inLanguage":"pt-BR","potentialAction":[{"@type":"ReadAction","target":["https:\/\/connectif.ai\/pt-br\/ebooks\/estrategias-ecommerce-luxury\/"]}]},{"@type":"ImageObject","inLanguage":"pt-BR","@id":"https:\/\/connectif.ai\/pt-br\/ebooks\/estrategias-ecommerce-luxury\/#primaryimage","url":"https:\/\/connectif.ai\/wp-content\/uploads\/2025\/08\/Ebook_Connectif_8-estrategias-de-marketing-automation-para-impulsar-marcas-de-lujo.png","contentUrl":"https:\/\/connectif.ai\/wp-content\/uploads\/2025\/08\/Ebook_Connectif_8-estrategias-de-marketing-automation-para-impulsar-marcas-de-lujo.png","width":850,"height":560},{"@type":"BreadcrumbList","@id":"https:\/\/connectif.ai\/pt-br\/ebooks\/estrategias-ecommerce-luxury\/#breadcrumb","itemListElement":[{"@type":"ListItem","position":1,"name":"Portada","item":"https:\/\/connectif.ai\/"},{"@type":"ListItem","position":2,"name":"eBooks","item":"https:\/\/connectif.ai\/pt-br\/ebooks\/"},{"@type":"ListItem","position":3,"name":"Luxury eCommerce: inova\u00e7\u00e3o e exclusividade online"}]},{"@type":"WebSite","@id":"https:\/\/connectif.ai\/pt-br\/#website","url":"https:\/\/connectif.ai\/pt-br\/","name":"Connectif Marketing Automation","description":"Marketing Automation Software Connectif te permite crear experiencias de compra hiperpersonalizada a tus clientes de forma r\u00e1pida y visual","publisher":{"@id":"https:\/\/connectif.ai\/pt-br\/#organization"},"potentialAction":[{"@type":"SearchAction","target":{"@type":"EntryPoint","urlTemplate":"https:\/\/connectif.ai\/pt-br\/?s={search_term_string}"},"query-input":{"@type":"PropertyValueSpecification","valueRequired":true,"valueName":"search_term_string"}}],"inLanguage":"pt-BR"},{"@type":"Organization","@id":"https:\/\/connectif.ai\/pt-br\/#organization","name":"Connectif Marketing Automation","url":"https:\/\/connectif.ai\/pt-br\/","logo":{"@type":"ImageObject","inLanguage":"pt-BR","@id":"https:\/\/connectif.ai\/pt-br\/#\/schema\/logo\/image\/","url":"https:\/\/connectif.ai\/wp-content\/uploads\/2023\/02\/Logo-Connectif-web.svg","contentUrl":"https:\/\/connectif.ai\/wp-content\/uploads\/2023\/02\/Logo-Connectif-web.svg","width":506,"height":46,"caption":"Connectif Marketing Automation"},"image":{"@id":"https:\/\/connectif.ai\/pt-br\/#\/schema\/logo\/image\/"}}]}},"_links":{"self":[{"href":"https:\/\/connectif.ai\/pt-br\/wp-json\/wp\/v2\/pages\/92657","targetHints":{"allow":["GET"]}}],"collection":[{"href":"https:\/\/connectif.ai\/pt-br\/wp-json\/wp\/v2\/pages"}],"about":[{"href":"https:\/\/connectif.ai\/pt-br\/wp-json\/wp\/v2\/types\/page"}],"author":[{"embeddable":true,"href":"https:\/\/connectif.ai\/pt-br\/wp-json\/wp\/v2\/users\/16"}],"replies":[{"embeddable":true,"href":"https:\/\/connectif.ai\/pt-br\/wp-json\/wp\/v2\/comments?post=92657"}],"version-history":[{"count":0,"href":"https:\/\/connectif.ai\/pt-br\/wp-json\/wp\/v2\/pages\/92657\/revisions"}],"up":[{"embeddable":true,"href":"https:\/\/connectif.ai\/pt-br\/wp-json\/wp\/v2\/pages\/96256"}],"wp:featuredmedia":[{"embeddable":true,"href":"https:\/\/connectif.ai\/pt-br\/wp-json\/wp\/v2\/media\/97357"}],"wp:attachment":[{"href":"https:\/\/connectif.ai\/pt-br\/wp-json\/wp\/v2\/media?parent=92657"}],"wp:term":[{"taxonomy":"category","embeddable":true,"href":"https:\/\/connectif.ai\/pt-br\/wp-json\/wp\/v2\/categories?post=92657"},{"taxonomy":"post_tag","embeddable":true,"href":"https:\/\/connectif.ai\/pt-br\/wp-json\/wp\/v2\/tags?post=92657"}],"curies":[{"name":"wp","href":"https:\/\/api.w.org\/{rel}","templated":true}]}}