{"id":83987,"date":"2024-03-26T13:14:55","date_gmt":"2024-03-26T12:14:55","guid":{"rendered":"https:\/\/connectif.ai\/?page_id=83987"},"modified":"2025-07-28T11:01:22","modified_gmt":"2025-07-28T10:01:22","slug":"elementor-83987","status":"publish","type":"page","link":"https:\/\/connectif.ai\/pt-br\/termos-e-condicoes-sorteio\/","title":{"rendered":"Termos e Condi\u00e7\u00f5es Sorteio"},"content":{"rendered":"\t\t<div data-elementor-type=\"wp-page\" data-elementor-id=\"83987\" class=\"elementor elementor-83987\" data-elementor-post-type=\"page\">\n\t\t\t\t<div class=\"elementor-element elementor-element-1e99724 e-flex e-con-boxed e-con e-parent\" data-id=\"1e99724\" data-element_type=\"container\" data-e-type=\"container\" data-settings=\"{&quot;_ob_use_container_extras&quot;:&quot;no&quot;,&quot;_ob_column_hoveranimator&quot;:&quot;no&quot;,&quot;_ob_glider_is_slider&quot;:&quot;no&quot;,&quot;_ob_column_has_pseudo&quot;:&quot;no&quot;}\">\n\t\t\t\t\t<div class=\"e-con-inner\">\n\t\t<div class=\"elementor-element elementor-element-0f35207 e-flex e-con-boxed e-con e-child\" data-id=\"0f35207\" data-element_type=\"container\" data-e-type=\"container\" data-settings=\"{&quot;_ob_use_container_extras&quot;:&quot;no&quot;,&quot;_ob_column_hoveranimator&quot;:&quot;no&quot;,&quot;_ob_glider_is_slider&quot;:&quot;no&quot;,&quot;_ob_column_has_pseudo&quot;:&quot;no&quot;}\">\n\t\t\t\t\t<div class=\"e-con-inner\">\n\t\t\t\t<div class=\"elementor-element elementor-element-2f5c186 ob-harakiri-inherit ob-has-background-overlay elementor-widget elementor-widget-text-editor\" data-id=\"2f5c186\" data-element_type=\"widget\" data-e-type=\"widget\" data-settings=\"{&quot;_ob_use_harakiri&quot;:&quot;yes&quot;,&quot;_ob_harakiri_writing_mode&quot;:&quot;inherit&quot;,&quot;_ob_postman_use&quot;:&quot;no&quot;,&quot;_ob_widget_stalker_use&quot;:&quot;no&quot;,&quot;_ob_poopart_use&quot;:&quot;yes&quot;,&quot;_ob_shadough_use&quot;:&quot;no&quot;,&quot;_ob_allow_hoveranimator&quot;:&quot;no&quot;}\" data-widget_type=\"text-editor.default\">\n\t\t\t\t<div class=\"elementor-widget-container\">\n\t\t\t\t\t\t\t\t\t<h1><strong>Termos e Condi\u00e7\u00f5es<\/strong><\/h1>\t\t\t\t\t\t\t\t<\/div>\n\t\t\t\t<\/div>\n\t\t\t\t\t<\/div>\n\t\t\t\t<\/div>\n\t\t<div class=\"elementor-element elementor-element-31d3c2a e-flex e-con-boxed e-con e-child\" data-id=\"31d3c2a\" data-element_type=\"container\" data-e-type=\"container\" data-settings=\"{&quot;_ob_use_container_extras&quot;:&quot;no&quot;,&quot;_ob_column_hoveranimator&quot;:&quot;no&quot;,&quot;_ob_glider_is_slider&quot;:&quot;no&quot;,&quot;_ob_column_has_pseudo&quot;:&quot;no&quot;}\">\n\t\t\t\t\t<div class=\"e-con-inner\">\n\t\t\t\t<div class=\"elementor-element elementor-element-ccbac0f ob-harakiri-inherit ob-has-background-overlay elementor-widget elementor-widget-text-editor\" data-id=\"ccbac0f\" data-element_type=\"widget\" data-e-type=\"widget\" data-settings=\"{&quot;_ob_use_harakiri&quot;:&quot;yes&quot;,&quot;_ob_harakiri_writing_mode&quot;:&quot;inherit&quot;,&quot;_ob_postman_use&quot;:&quot;no&quot;,&quot;_ob_widget_stalker_use&quot;:&quot;no&quot;,&quot;_ob_poopart_use&quot;:&quot;yes&quot;,&quot;_ob_shadough_use&quot;:&quot;no&quot;,&quot;_ob_allow_hoveranimator&quot;:&quot;no&quot;}\" data-widget_type=\"text-editor.default\">\n\t\t\t\t<div class=\"elementor-widget-container\">\n\t\t\t\t\t\t\t\t\t<p>Esses s\u00e3o os termos e condi\u00e7\u00f5es que regem a participa\u00e7\u00e3o no sorteio promovido pela Connectif. Ao participar do sorteio, voc\u00ea aceita cumprir com estes termos e condi\u00e7\u00f5es.<\/p><ol><li><strong>Elegibilidade e Participa\u00e7\u00e3o:<\/strong><ul><li>Para participar do sorteio, a pessoa deve ter participado do Forum E-Commerce Brasil 2025 nos dias 29, 30 e 31 de julho.<\/li><li>Para participar do sorteio, a pessoa deve preencher completamente o formul\u00e1rio fornecido com seus dados pessoais.<\/li><li>Para ser eleg\u00edvel ao sorteio, a pessoa deve ser maior de idade, trabalhar em um e-commerce, e todas as informa\u00e7\u00f5es fornecidas devem ser precisas e corretas.<\/li><li>O endere\u00e7o de e-mail utilizado para participar deve ser o endere\u00e7o de e-mail oficial da empresa para a qual a pessoa trabalha.<\/li><\/ul><\/li><li><strong>Responsabilidade pelo Pr\u00eamio:<\/strong><ul><li>A Connectif n\u00e3o se responsabiliza pela entrega do pr\u00eamio se n\u00e3o conseguirmos entrar em contato com o vencedor dentro do prazo indicado.<\/li><li>\u00c9 responsabilidade do participante garantir que todas as informa\u00e7\u00f5es fornecidas sejam precisas e estejam atualizadas para facilitar o contato, caso seja selecionado como vencedor.<\/li><\/ul><\/li><li><strong>Pr\u00eamio:<\/strong><br \/><ul><li>Todos os participantes concorrer\u00e3o a uma c\u00e2mera instant\u00e2nea Fujifilm Instax Mini 12.<\/li><\/ul><\/li><li><strong>Sele\u00e7\u00e3o do Vencedor:<\/strong><ul><li>O vencedor ser\u00e1 selecionado aleatoriamente no dia 31 de julho entre os participantes eleg\u00edveis ao sorteio que tenham preenchido o formul\u00e1rio de inscri\u00e7\u00e3o.<\/li><li>O vencedor ser\u00e1 notificado em tempo real durante o evento.<\/li><li>Se o vencedor n\u00e3o responder \u00e0 notifica\u00e7\u00e3o dentro do per\u00edodo especificado, a Connectif se reserva o direito de selecionar um novo vencedor.<\/li><\/ul><\/li><li><strong>Disposi\u00e7\u00f5es Gerais:<\/strong><ul><li>A participa\u00e7\u00e3o neste sorteio constitui a aceita\u00e7\u00e3o total e incondicional destes termos e condi\u00e7\u00f5es.<\/li><li>A Connectif se reserva o direito de modificar, suspender ou cancelar o sorteio a qualquer momento, por qualquer motivo, sem aviso pr\u00e9vio.<\/li><\/ul><\/li><\/ol><p>Ao participar deste sorteio, voc\u00ea aceita todos os termos e condi\u00e7\u00f5es estabelecidos acima. Se tiver alguma d\u00favida sobre esses termos, entre em contato conosco antes de participar.<\/p>\t\t\t\t\t\t\t\t<\/div>\n\t\t\t\t<\/div>\n\t\t\t\t\t<\/div>\n\t\t\t\t<\/div>\n\t\t\t\t\t<\/div>\n\t\t\t\t<\/div>\n\t\t\t\t<\/div>\n\t\t","protected":false},"excerpt":{"rendered":"<p>Termos e Condi\u00e7\u00f5es Esses s\u00e3o os termos e condi\u00e7\u00f5es que regem a participa\u00e7\u00e3o no sorteio promovido pela Connectif. Ao participar do sorteio, voc\u00ea aceita cumprir com estes termos e condi\u00e7\u00f5es. Elegibilidade e Participa\u00e7\u00e3o: Para participar do sorteio, a pessoa deve ter participado do Forum E-Commerce Brasil 2025 nos dias 29, 30 e 31 de julho. [&hellip;]<\/p>\n","protected":false},"author":22,"featured_media":0,"parent":0,"menu_order":0,"comment_status":"closed","ping_status":"closed","template":"","meta":{"_acf_changed":false,"footnotes":""},"categories":[166],"tags":[],"class_list":["post-83987","page","type-page","status-publish","hentry","category-evento-pt-br"],"acf":[],"yoast_head":"<!-- This site is optimized with the Yoast SEO plugin v27.5 - https:\/\/yoast.com\/product\/yoast-seo-wordpress\/ -->\n<title>Termos e Condi\u00e7\u00f5es Sorteio - Connectif Marketing Automation<\/title>\n<meta name=\"robots\" content=\"noindex, nofollow\" \/>\n<meta property=\"og:locale\" content=\"pt_BR\" \/>\n<meta property=\"og:type\" content=\"article\" \/>\n<meta property=\"og:title\" content=\"Termos e Condi\u00e7\u00f5es Sorteio - Connectif Marketing Automation\" \/>\n<meta property=\"og:description\" content=\"Termos e Condi\u00e7\u00f5es Esses s\u00e3o os termos e condi\u00e7\u00f5es que regem a participa\u00e7\u00e3o no sorteio promovido pela Connectif. Ao participar do sorteio, voc\u00ea aceita cumprir com estes termos e condi\u00e7\u00f5es. Elegibilidade e Participa\u00e7\u00e3o: Para participar do sorteio, a pessoa deve ter participado do Forum E-Commerce Brasil 2025 nos dias 29, 30 e 31 de julho. [&hellip;]\" \/>\n<meta property=\"og:url\" content=\"https:\/\/connectif.ai\/pt-br\/termos-e-condicoes-sorteio\/\" \/>\n<meta property=\"og:site_name\" content=\"Connectif Marketing Automation\" \/>\n<meta property=\"article:modified_time\" content=\"2025-07-28T10:01:22+00:00\" \/>\n<meta name=\"twitter:card\" content=\"summary_large_image\" \/>\n<meta name=\"twitter:label1\" content=\"Est. tempo de leitura\" \/>\n\t<meta name=\"twitter:data1\" content=\"2 minutos\" \/>\n<script type=\"application\/ld+json\" class=\"yoast-schema-graph\">{\"@context\":\"https:\\\/\\\/schema.org\",\"@graph\":[{\"@type\":\"WebPage\",\"@id\":\"https:\\\/\\\/connectif.ai\\\/pt-br\\\/termos-e-condicoes-sorteio\\\/\",\"url\":\"https:\\\/\\\/connectif.ai\\\/pt-br\\\/termos-e-condicoes-sorteio\\\/\",\"name\":\"Termos e Condi\u00e7\u00f5es Sorteio - Connectif Marketing Automation\",\"isPartOf\":{\"@id\":\"https:\\\/\\\/connectif.ai\\\/pt-br\\\/#website\"},\"datePublished\":\"2024-03-26T12:14:55+00:00\",\"dateModified\":\"2025-07-28T10:01:22+00:00\",\"breadcrumb\":{\"@id\":\"https:\\\/\\\/connectif.ai\\\/pt-br\\\/termos-e-condicoes-sorteio\\\/#breadcrumb\"},\"inLanguage\":\"pt-BR\",\"potentialAction\":[{\"@type\":\"ReadAction\",\"target\":[\"https:\\\/\\\/connectif.ai\\\/pt-br\\\/termos-e-condicoes-sorteio\\\/\"]}]},{\"@type\":\"BreadcrumbList\",\"@id\":\"https:\\\/\\\/connectif.ai\\\/pt-br\\\/termos-e-condicoes-sorteio\\\/#breadcrumb\",\"itemListElement\":[{\"@type\":\"ListItem\",\"position\":1,\"name\":\"Portada\",\"item\":\"https:\\\/\\\/connectif.ai\\\/\"},{\"@type\":\"ListItem\",\"position\":2,\"name\":\"Termos e Condi\u00e7\u00f5es Sorteio\"}]},{\"@type\":\"WebSite\",\"@id\":\"https:\\\/\\\/connectif.ai\\\/pt-br\\\/#website\",\"url\":\"https:\\\/\\\/connectif.ai\\\/pt-br\\\/\",\"name\":\"Connectif Marketing Automation\",\"description\":\"Marketing Automation Software Connectif te permite crear experiencias de compra hiperpersonalizada a tus clientes de forma r\u00e1pida y visual\",\"publisher\":{\"@id\":\"https:\\\/\\\/connectif.ai\\\/pt-br\\\/#organization\"},\"potentialAction\":[{\"@type\":\"SearchAction\",\"target\":{\"@type\":\"EntryPoint\",\"urlTemplate\":\"https:\\\/\\\/connectif.ai\\\/pt-br\\\/?s={search_term_string}\"},\"query-input\":{\"@type\":\"PropertyValueSpecification\",\"valueRequired\":true,\"valueName\":\"search_term_string\"}}],\"inLanguage\":\"pt-BR\"},{\"@type\":\"Organization\",\"@id\":\"https:\\\/\\\/connectif.ai\\\/pt-br\\\/#organization\",\"name\":\"Connectif Marketing Automation\",\"url\":\"https:\\\/\\\/connectif.ai\\\/pt-br\\\/\",\"logo\":{\"@type\":\"ImageObject\",\"inLanguage\":\"pt-BR\",\"@id\":\"https:\\\/\\\/connectif.ai\\\/pt-br\\\/#\\\/schema\\\/logo\\\/image\\\/\",\"url\":\"https:\\\/\\\/connectif.ai\\\/wp-content\\\/uploads\\\/2023\\\/02\\\/Logo-Connectif-web.svg\",\"contentUrl\":\"https:\\\/\\\/connectif.ai\\\/wp-content\\\/uploads\\\/2023\\\/02\\\/Logo-Connectif-web.svg\",\"width\":506,\"height\":46,\"caption\":\"Connectif Marketing Automation\"},\"image\":{\"@id\":\"https:\\\/\\\/connectif.ai\\\/pt-br\\\/#\\\/schema\\\/logo\\\/image\\\/\"}}]}<\/script>\n<!-- \/ Yoast SEO plugin. -->","yoast_head_json":{"title":"Termos e Condi\u00e7\u00f5es Sorteio - Connectif Marketing Automation","robots":{"index":"noindex","follow":"nofollow"},"og_locale":"pt_BR","og_type":"article","og_title":"Termos e Condi\u00e7\u00f5es Sorteio - Connectif Marketing Automation","og_description":"Termos e Condi\u00e7\u00f5es Esses s\u00e3o os termos e condi\u00e7\u00f5es que regem a participa\u00e7\u00e3o no sorteio promovido pela Connectif. Ao participar do sorteio, voc\u00ea aceita cumprir com estes termos e condi\u00e7\u00f5es. Elegibilidade e Participa\u00e7\u00e3o: Para participar do sorteio, a pessoa deve ter participado do Forum E-Commerce Brasil 2025 nos dias 29, 30 e 31 de julho. [&hellip;]","og_url":"https:\/\/connectif.ai\/pt-br\/termos-e-condicoes-sorteio\/","og_site_name":"Connectif Marketing Automation","article_modified_time":"2025-07-28T10:01:22+00:00","twitter_card":"summary_large_image","twitter_misc":{"Est. tempo de leitura":"2 minutos"},"schema":{"@context":"https:\/\/schema.org","@graph":[{"@type":"WebPage","@id":"https:\/\/connectif.ai\/pt-br\/termos-e-condicoes-sorteio\/","url":"https:\/\/connectif.ai\/pt-br\/termos-e-condicoes-sorteio\/","name":"Termos e Condi\u00e7\u00f5es Sorteio - Connectif Marketing Automation","isPartOf":{"@id":"https:\/\/connectif.ai\/pt-br\/#website"},"datePublished":"2024-03-26T12:14:55+00:00","dateModified":"2025-07-28T10:01:22+00:00","breadcrumb":{"@id":"https:\/\/connectif.ai\/pt-br\/termos-e-condicoes-sorteio\/#breadcrumb"},"inLanguage":"pt-BR","potentialAction":[{"@type":"ReadAction","target":["https:\/\/connectif.ai\/pt-br\/termos-e-condicoes-sorteio\/"]}]},{"@type":"BreadcrumbList","@id":"https:\/\/connectif.ai\/pt-br\/termos-e-condicoes-sorteio\/#breadcrumb","itemListElement":[{"@type":"ListItem","position":1,"name":"Portada","item":"https:\/\/connectif.ai\/"},{"@type":"ListItem","position":2,"name":"Termos e Condi\u00e7\u00f5es Sorteio"}]},{"@type":"WebSite","@id":"https:\/\/connectif.ai\/pt-br\/#website","url":"https:\/\/connectif.ai\/pt-br\/","name":"Connectif Marketing Automation","description":"Marketing Automation Software Connectif te permite crear experiencias de compra hiperpersonalizada a tus clientes de forma r\u00e1pida y visual","publisher":{"@id":"https:\/\/connectif.ai\/pt-br\/#organization"},"potentialAction":[{"@type":"SearchAction","target":{"@type":"EntryPoint","urlTemplate":"https:\/\/connectif.ai\/pt-br\/?s={search_term_string}"},"query-input":{"@type":"PropertyValueSpecification","valueRequired":true,"valueName":"search_term_string"}}],"inLanguage":"pt-BR"},{"@type":"Organization","@id":"https:\/\/connectif.ai\/pt-br\/#organization","name":"Connectif Marketing Automation","url":"https:\/\/connectif.ai\/pt-br\/","logo":{"@type":"ImageObject","inLanguage":"pt-BR","@id":"https:\/\/connectif.ai\/pt-br\/#\/schema\/logo\/image\/","url":"https:\/\/connectif.ai\/wp-content\/uploads\/2023\/02\/Logo-Connectif-web.svg","contentUrl":"https:\/\/connectif.ai\/wp-content\/uploads\/2023\/02\/Logo-Connectif-web.svg","width":506,"height":46,"caption":"Connectif Marketing Automation"},"image":{"@id":"https:\/\/connectif.ai\/pt-br\/#\/schema\/logo\/image\/"}}]}},"_links":{"self":[{"href":"https:\/\/connectif.ai\/pt-br\/wp-json\/wp\/v2\/pages\/83987","targetHints":{"allow":["GET"]}}],"collection":[{"href":"https:\/\/connectif.ai\/pt-br\/wp-json\/wp\/v2\/pages"}],"about":[{"href":"https:\/\/connectif.ai\/pt-br\/wp-json\/wp\/v2\/types\/page"}],"author":[{"embeddable":true,"href":"https:\/\/connectif.ai\/pt-br\/wp-json\/wp\/v2\/users\/22"}],"replies":[{"embeddable":true,"href":"https:\/\/connectif.ai\/pt-br\/wp-json\/wp\/v2\/comments?post=83987"}],"version-history":[{"count":0,"href":"https:\/\/connectif.ai\/pt-br\/wp-json\/wp\/v2\/pages\/83987\/revisions"}],"wp:attachment":[{"href":"https:\/\/connectif.ai\/pt-br\/wp-json\/wp\/v2\/media?parent=83987"}],"wp:term":[{"taxonomy":"category","embeddable":true,"href":"https:\/\/connectif.ai\/pt-br\/wp-json\/wp\/v2\/categories?post=83987"},{"taxonomy":"post_tag","embeddable":true,"href":"https:\/\/connectif.ai\/pt-br\/wp-json\/wp\/v2\/tags?post=83987"}],"curies":[{"name":"wp","href":"https:\/\/api.w.org\/{rel}","templated":true}]}}