{"id":81103,"date":"2023-07-12T06:40:12","date_gmt":"2023-07-12T05:40:12","guid":{"rendered":"https:\/\/connectif.ai\/contacto\/"},"modified":"2023-12-14T14:48:26","modified_gmt":"2023-12-14T13:48:26","slug":"fale-conosco","status":"publish","type":"page","link":"https:\/\/connectif.ai\/pt-br\/fale-conosco\/","title":{"rendered":"Fale conosco"},"content":{"rendered":"\t\t<div data-elementor-type=\"wp-page\" data-elementor-id=\"81103\" class=\"elementor elementor-81103 elementor-72384\" data-elementor-post-type=\"page\">\n\t\t\t\t<div class=\"elementor-element elementor-element-7d21291 e-con-full e-flex e-con e-parent\" data-id=\"7d21291\" data-element_type=\"container\" data-e-type=\"container\" data-settings=\"{&quot;_ob_use_container_extras&quot;:&quot;no&quot;,&quot;_ob_column_hoveranimator&quot;:&quot;no&quot;,&quot;_ob_glider_is_slider&quot;:&quot;no&quot;,&quot;_ob_column_has_pseudo&quot;:&quot;no&quot;}\">\n\t\t<div class=\"elementor-element elementor-element-453262c e-con-full elementor-hidden-tablet elementor-hidden-mobile e-flex e-con e-parent\" data-id=\"453262c\" data-element_type=\"container\" data-e-type=\"container\" data-settings=\"{&quot;background_background&quot;:&quot;classic&quot;,&quot;_ob_use_container_extras&quot;:&quot;no&quot;,&quot;_ob_column_hoveranimator&quot;:&quot;no&quot;,&quot;_ob_glider_is_slider&quot;:&quot;no&quot;,&quot;_ob_column_has_pseudo&quot;:&quot;no&quot;}\">\n\t\t\t\t<\/div>\n\t\t<div class=\"elementor-element elementor-element-1363578 e-con-full e-flex e-con e-parent\" data-id=\"1363578\" data-element_type=\"container\" data-e-type=\"container\" data-settings=\"{&quot;_ob_use_container_extras&quot;:&quot;no&quot;,&quot;_ob_column_hoveranimator&quot;:&quot;no&quot;,&quot;_ob_glider_is_slider&quot;:&quot;no&quot;,&quot;_ob_column_has_pseudo&quot;:&quot;no&quot;}\">\n\t\t\t\t<div class=\"elementor-element elementor-element-950bc1f ob-harakiri-inherit ob-has-background-overlay elementor-widget elementor-widget-heading\" data-id=\"950bc1f\" data-element_type=\"widget\" data-e-type=\"widget\" data-settings=\"{&quot;_ob_use_harakiri&quot;:&quot;yes&quot;,&quot;_ob_harakiri_writing_mode&quot;:&quot;inherit&quot;,&quot;_ob_harakiri_text_clip&quot;:&quot;none&quot;,&quot;_ob_widget_stalker_use&quot;:&quot;no&quot;,&quot;_ob_poopart_use&quot;:&quot;yes&quot;,&quot;_ob_shadough_use&quot;:&quot;no&quot;,&quot;_ob_allow_hoveranimator&quot;:&quot;no&quot;}\" data-widget_type=\"heading.default\">\n\t\t\t\t<div class=\"elementor-widget-container\">\n\t\t\t\t\t<h1 class=\"elementor-heading-title elementor-size-default\">Fale conosco<\/h1>\t\t\t\t<\/div>\n\t\t\t\t<\/div>\n\t\t\t\t<div class=\"elementor-element elementor-element-4d08d59 ob-harakiri-inherit ob-has-background-overlay elementor-widget elementor-widget-text-editor\" data-id=\"4d08d59\" data-element_type=\"widget\" data-e-type=\"widget\" data-settings=\"{&quot;_ob_use_harakiri&quot;:&quot;yes&quot;,&quot;_ob_harakiri_writing_mode&quot;:&quot;inherit&quot;,&quot;_ob_postman_use&quot;:&quot;no&quot;,&quot;_ob_widget_stalker_use&quot;:&quot;no&quot;,&quot;_ob_poopart_use&quot;:&quot;yes&quot;,&quot;_ob_shadough_use&quot;:&quot;no&quot;,&quot;_ob_allow_hoveranimator&quot;:&quot;no&quot;}\" data-widget_type=\"text-editor.default\">\n\t\t\t\t<div class=\"elementor-widget-container\">\n\t\t\t\t\t\t\t\t\t<p>N\u00f3s adorar\u00edamos saber a sua opini\u00e3o.\u2028Para qualquer d\u00favida ou qualquer informa\u00e7\u00e3o sobre vendas, servi\u00e7os para nossos parceiros ou qualquer outra coisa, entre em contato agora mesmo e nossa equipe ter\u00e1 muito prazer em ajudar.<\/p>\t\t\t\t\t\t\t\t<\/div>\n\t\t\t\t<\/div>\n\t\t\t\t<div class=\"elementor-element elementor-element-c9d832f ob-has-background-overlay elementor-widget elementor-widget-html\" data-id=\"c9d832f\" data-element_type=\"widget\" data-e-type=\"widget\" data-settings=\"{&quot;_ob_widget_stalker_use&quot;:&quot;no&quot;,&quot;_ob_poopart_use&quot;:&quot;yes&quot;,&quot;_ob_shadough_use&quot;:&quot;no&quot;,&quot;_ob_allow_hoveranimator&quot;:&quot;no&quot;}\" data-widget_type=\"html.default\">\n\t\t\t\t<div class=\"elementor-widget-container\">\n\t\t\t\t\t<div class=\"cn-placeholder-pageform\" style=\"min-height: 420px;\"><\/div>\t\t\t\t<\/div>\n\t\t\t\t<\/div>\n\t\t\t\t<\/div>\n\t\t<div class=\"elementor-element elementor-element-f7be288 e-con-full elementor-hidden-tablet elementor-hidden-mobile e-flex e-con e-parent\" data-id=\"f7be288\" data-element_type=\"container\" data-e-type=\"container\" data-settings=\"{&quot;background_background&quot;:&quot;classic&quot;,&quot;_ob_use_container_extras&quot;:&quot;no&quot;,&quot;_ob_column_hoveranimator&quot;:&quot;no&quot;,&quot;_ob_glider_is_slider&quot;:&quot;no&quot;,&quot;_ob_column_has_pseudo&quot;:&quot;no&quot;}\">\n\t\t\t\t<\/div>\n\t\t\t\t<\/div>\n\t\t\t\t<\/div>\n\t\t","protected":false},"excerpt":{"rendered":"<p>Fale conosco N\u00f3s adorar\u00edamos saber a sua opini\u00e3o.\u2028Para qualquer d\u00favida ou qualquer informa\u00e7\u00e3o sobre vendas, servi\u00e7os para nossos parceiros ou qualquer outra coisa, entre em contato agora mesmo e nossa equipe ter\u00e1 muito prazer em ajudar.<\/p>\n","protected":false},"author":2,"featured_media":0,"parent":0,"menu_order":0,"comment_status":"closed","ping_status":"closed","template":"","meta":{"_acf_changed":false,"footnotes":""},"categories":[175],"tags":[],"class_list":["post-81103","page","type-page","status-publish","hentry","category-form-pt-br"],"acf":[],"yoast_head":"<!-- This site is optimized with the Yoast SEO plugin v27.3 - https:\/\/yoast.com\/product\/yoast-seo-wordpress\/ -->\n<title>Fale conosco - Connectif Marketing Automation<\/title>\n<meta name=\"description\" content=\"Para qualquer d\u00favida ou qualquer informa\u00e7\u00e3o sobre vendas, servi\u00e7os para nossos parceiros ou qualquer outra coisa, entre em contato agora mesmo e nossa equipe ter\u00e1 muito prazer em ajudar.\" \/>\n<meta name=\"robots\" content=\"index, follow, max-snippet:-1, max-image-preview:large, max-video-preview:-1\" \/>\n<link rel=\"canonical\" href=\"https:\/\/connectif.ai\/pt-br\/fale-conosco\/\" \/>\n<meta property=\"og:locale\" content=\"pt_BR\" \/>\n<meta property=\"og:type\" content=\"article\" \/>\n<meta property=\"og:title\" content=\"Fale conosco - Connectif Marketing Automation\" \/>\n<meta property=\"og:description\" content=\"Para qualquer d\u00favida ou qualquer informa\u00e7\u00e3o sobre vendas, servi\u00e7os para nossos parceiros ou qualquer outra coisa, entre em contato agora mesmo e nossa equipe ter\u00e1 muito prazer em ajudar.\" \/>\n<meta property=\"og:url\" content=\"https:\/\/connectif.ai\/pt-br\/fale-conosco\/\" \/>\n<meta property=\"og:site_name\" content=\"Connectif Marketing Automation\" \/>\n<meta property=\"article:modified_time\" content=\"2023-12-14T13:48:26+00:00\" \/>\n<meta name=\"twitter:card\" content=\"summary_large_image\" \/>\n<meta name=\"twitter:label1\" content=\"Est. tempo de leitura\" \/>\n\t<meta name=\"twitter:data1\" content=\"1 minuto\" \/>\n<script type=\"application\/ld+json\" class=\"yoast-schema-graph\">{\"@context\":\"https:\\\/\\\/schema.org\",\"@graph\":[{\"@type\":\"WebPage\",\"@id\":\"https:\\\/\\\/connectif.ai\\\/pt-br\\\/fale-conosco\\\/\",\"url\":\"https:\\\/\\\/connectif.ai\\\/pt-br\\\/fale-conosco\\\/\",\"name\":\"Fale conosco - Connectif Marketing Automation\",\"isPartOf\":{\"@id\":\"https:\\\/\\\/connectif.ai\\\/pt-br\\\/#website\"},\"datePublished\":\"2023-07-12T05:40:12+00:00\",\"dateModified\":\"2023-12-14T13:48:26+00:00\",\"description\":\"Para qualquer d\u00favida ou qualquer informa\u00e7\u00e3o sobre vendas, servi\u00e7os para nossos parceiros ou qualquer outra coisa, entre em contato agora mesmo e nossa equipe ter\u00e1 muito prazer em ajudar.\",\"breadcrumb\":{\"@id\":\"https:\\\/\\\/connectif.ai\\\/pt-br\\\/fale-conosco\\\/#breadcrumb\"},\"inLanguage\":\"pt-BR\",\"potentialAction\":[{\"@type\":\"ReadAction\",\"target\":[\"https:\\\/\\\/connectif.ai\\\/pt-br\\\/fale-conosco\\\/\"]}]},{\"@type\":\"BreadcrumbList\",\"@id\":\"https:\\\/\\\/connectif.ai\\\/pt-br\\\/fale-conosco\\\/#breadcrumb\",\"itemListElement\":[{\"@type\":\"ListItem\",\"position\":1,\"name\":\"Portada\",\"item\":\"https:\\\/\\\/connectif.ai\\\/\"},{\"@type\":\"ListItem\",\"position\":2,\"name\":\"Fale conosco\"}]},{\"@type\":\"WebSite\",\"@id\":\"https:\\\/\\\/connectif.ai\\\/pt-br\\\/#website\",\"url\":\"https:\\\/\\\/connectif.ai\\\/pt-br\\\/\",\"name\":\"Connectif Marketing Automation\",\"description\":\"Marketing Automation Software Connectif te permite crear experiencias de compra hiperpersonalizada a tus clientes de forma r\u00e1pida y visual\",\"publisher\":{\"@id\":\"https:\\\/\\\/connectif.ai\\\/pt-br\\\/#organization\"},\"potentialAction\":[{\"@type\":\"SearchAction\",\"target\":{\"@type\":\"EntryPoint\",\"urlTemplate\":\"https:\\\/\\\/connectif.ai\\\/pt-br\\\/?s={search_term_string}\"},\"query-input\":{\"@type\":\"PropertyValueSpecification\",\"valueRequired\":true,\"valueName\":\"search_term_string\"}}],\"inLanguage\":\"pt-BR\"},{\"@type\":\"Organization\",\"@id\":\"https:\\\/\\\/connectif.ai\\\/pt-br\\\/#organization\",\"name\":\"Connectif Marketing Automation\",\"url\":\"https:\\\/\\\/connectif.ai\\\/pt-br\\\/\",\"logo\":{\"@type\":\"ImageObject\",\"inLanguage\":\"pt-BR\",\"@id\":\"https:\\\/\\\/connectif.ai\\\/pt-br\\\/#\\\/schema\\\/logo\\\/image\\\/\",\"url\":\"https:\\\/\\\/connectif.ai\\\/wp-content\\\/uploads\\\/2023\\\/02\\\/Logo-Connectif-web.svg\",\"contentUrl\":\"https:\\\/\\\/connectif.ai\\\/wp-content\\\/uploads\\\/2023\\\/02\\\/Logo-Connectif-web.svg\",\"width\":506,\"height\":46,\"caption\":\"Connectif Marketing Automation\"},\"image\":{\"@id\":\"https:\\\/\\\/connectif.ai\\\/pt-br\\\/#\\\/schema\\\/logo\\\/image\\\/\"}}]}<\/script>\n<!-- \/ Yoast SEO plugin. -->","yoast_head_json":{"title":"Fale conosco - Connectif Marketing Automation","description":"Para qualquer d\u00favida ou qualquer informa\u00e7\u00e3o sobre vendas, servi\u00e7os para nossos parceiros ou qualquer outra coisa, entre em contato agora mesmo e nossa equipe ter\u00e1 muito prazer em ajudar.","robots":{"index":"index","follow":"follow","max-snippet":"max-snippet:-1","max-image-preview":"max-image-preview:large","max-video-preview":"max-video-preview:-1"},"canonical":"https:\/\/connectif.ai\/pt-br\/fale-conosco\/","og_locale":"pt_BR","og_type":"article","og_title":"Fale conosco - Connectif Marketing Automation","og_description":"Para qualquer d\u00favida ou qualquer informa\u00e7\u00e3o sobre vendas, servi\u00e7os para nossos parceiros ou qualquer outra coisa, entre em contato agora mesmo e nossa equipe ter\u00e1 muito prazer em ajudar.","og_url":"https:\/\/connectif.ai\/pt-br\/fale-conosco\/","og_site_name":"Connectif Marketing Automation","article_modified_time":"2023-12-14T13:48:26+00:00","twitter_card":"summary_large_image","twitter_misc":{"Est. tempo de leitura":"1 minuto"},"schema":{"@context":"https:\/\/schema.org","@graph":[{"@type":"WebPage","@id":"https:\/\/connectif.ai\/pt-br\/fale-conosco\/","url":"https:\/\/connectif.ai\/pt-br\/fale-conosco\/","name":"Fale conosco - Connectif Marketing Automation","isPartOf":{"@id":"https:\/\/connectif.ai\/pt-br\/#website"},"datePublished":"2023-07-12T05:40:12+00:00","dateModified":"2023-12-14T13:48:26+00:00","description":"Para qualquer d\u00favida ou qualquer informa\u00e7\u00e3o sobre vendas, servi\u00e7os para nossos parceiros ou qualquer outra coisa, entre em contato agora mesmo e nossa equipe ter\u00e1 muito prazer em ajudar.","breadcrumb":{"@id":"https:\/\/connectif.ai\/pt-br\/fale-conosco\/#breadcrumb"},"inLanguage":"pt-BR","potentialAction":[{"@type":"ReadAction","target":["https:\/\/connectif.ai\/pt-br\/fale-conosco\/"]}]},{"@type":"BreadcrumbList","@id":"https:\/\/connectif.ai\/pt-br\/fale-conosco\/#breadcrumb","itemListElement":[{"@type":"ListItem","position":1,"name":"Portada","item":"https:\/\/connectif.ai\/"},{"@type":"ListItem","position":2,"name":"Fale conosco"}]},{"@type":"WebSite","@id":"https:\/\/connectif.ai\/pt-br\/#website","url":"https:\/\/connectif.ai\/pt-br\/","name":"Connectif Marketing Automation","description":"Marketing Automation Software Connectif te permite crear experiencias de compra hiperpersonalizada a tus clientes de forma r\u00e1pida y visual","publisher":{"@id":"https:\/\/connectif.ai\/pt-br\/#organization"},"potentialAction":[{"@type":"SearchAction","target":{"@type":"EntryPoint","urlTemplate":"https:\/\/connectif.ai\/pt-br\/?s={search_term_string}"},"query-input":{"@type":"PropertyValueSpecification","valueRequired":true,"valueName":"search_term_string"}}],"inLanguage":"pt-BR"},{"@type":"Organization","@id":"https:\/\/connectif.ai\/pt-br\/#organization","name":"Connectif Marketing Automation","url":"https:\/\/connectif.ai\/pt-br\/","logo":{"@type":"ImageObject","inLanguage":"pt-BR","@id":"https:\/\/connectif.ai\/pt-br\/#\/schema\/logo\/image\/","url":"https:\/\/connectif.ai\/wp-content\/uploads\/2023\/02\/Logo-Connectif-web.svg","contentUrl":"https:\/\/connectif.ai\/wp-content\/uploads\/2023\/02\/Logo-Connectif-web.svg","width":506,"height":46,"caption":"Connectif Marketing Automation"},"image":{"@id":"https:\/\/connectif.ai\/pt-br\/#\/schema\/logo\/image\/"}}]}},"_links":{"self":[{"href":"https:\/\/connectif.ai\/pt-br\/wp-json\/wp\/v2\/pages\/81103","targetHints":{"allow":["GET"]}}],"collection":[{"href":"https:\/\/connectif.ai\/pt-br\/wp-json\/wp\/v2\/pages"}],"about":[{"href":"https:\/\/connectif.ai\/pt-br\/wp-json\/wp\/v2\/types\/page"}],"author":[{"embeddable":true,"href":"https:\/\/connectif.ai\/pt-br\/wp-json\/wp\/v2\/users\/2"}],"replies":[{"embeddable":true,"href":"https:\/\/connectif.ai\/pt-br\/wp-json\/wp\/v2\/comments?post=81103"}],"version-history":[{"count":0,"href":"https:\/\/connectif.ai\/pt-br\/wp-json\/wp\/v2\/pages\/81103\/revisions"}],"wp:attachment":[{"href":"https:\/\/connectif.ai\/pt-br\/wp-json\/wp\/v2\/media?parent=81103"}],"wp:term":[{"taxonomy":"category","embeddable":true,"href":"https:\/\/connectif.ai\/pt-br\/wp-json\/wp\/v2\/categories?post=81103"},{"taxonomy":"post_tag","embeddable":true,"href":"https:\/\/connectif.ai\/pt-br\/wp-json\/wp\/v2\/tags?post=81103"}],"curies":[{"name":"wp","href":"https:\/\/api.w.org\/{rel}","templated":true}]}}