{"id":81011,"date":"2023-04-24T10:28:09","date_gmt":"2023-04-24T09:28:09","guid":{"rendered":"https:\/\/connectif.ai\/aviso-legal\/"},"modified":"2024-03-26T13:12:40","modified_gmt":"2024-03-26T12:12:40","slug":"aviso-legal","status":"publish","type":"page","link":"https:\/\/connectif.ai\/pt-br\/aviso-legal\/","title":{"rendered":"Aviso Legal"},"content":{"rendered":"\t\t<div data-elementor-type=\"wp-page\" data-elementor-id=\"81011\" class=\"elementor elementor-81011 elementor-27477\" data-elementor-post-type=\"page\">\n\t\t\t\t<div class=\"elementor-element elementor-element-1ed4793 e-flex e-con-boxed e-con e-parent\" data-id=\"1ed4793\" data-element_type=\"container\" data-e-type=\"container\" data-settings=\"{&quot;_ob_use_container_extras&quot;:&quot;no&quot;,&quot;_ob_column_hoveranimator&quot;:&quot;no&quot;,&quot;_ob_glider_is_slider&quot;:&quot;no&quot;,&quot;_ob_column_has_pseudo&quot;:&quot;no&quot;}\">\n\t\t\t\t\t<div class=\"e-con-inner\">\n\t\t\t\t<div class=\"elementor-element elementor-element-0dcd5bd ob-harakiri-inherit ob-has-background-overlay elementor-widget elementor-widget-text-editor\" data-id=\"0dcd5bd\" data-element_type=\"widget\" data-e-type=\"widget\" data-settings=\"{&quot;_ob_use_harakiri&quot;:&quot;yes&quot;,&quot;_ob_harakiri_writing_mode&quot;:&quot;inherit&quot;,&quot;_ob_postman_use&quot;:&quot;no&quot;,&quot;_ob_widget_stalker_use&quot;:&quot;no&quot;,&quot;_ob_poopart_use&quot;:&quot;yes&quot;,&quot;_ob_shadough_use&quot;:&quot;no&quot;,&quot;_ob_allow_hoveranimator&quot;:&quot;no&quot;}\" data-widget_type=\"text-editor.default\">\n\t\t\t\t<div class=\"elementor-widget-container\">\n\t\t\t\t\t\t\t\t\t<h1 class=\"elementor-heading-title elementor-size-default\">Aviso Legal<\/h1>\t\t\t\t\t\t\t\t<\/div>\n\t\t\t\t<\/div>\n\t\t\t\t\t<\/div>\n\t\t\t\t<\/div>\n\t\t<div class=\"elementor-element elementor-element-d05ceac e-flex e-con-boxed e-con e-parent\" data-id=\"d05ceac\" data-element_type=\"container\" data-e-type=\"container\" data-settings=\"{&quot;_ob_use_container_extras&quot;:&quot;no&quot;,&quot;_ob_column_hoveranimator&quot;:&quot;no&quot;,&quot;_ob_glider_is_slider&quot;:&quot;no&quot;,&quot;_ob_column_has_pseudo&quot;:&quot;no&quot;}\">\n\t\t\t\t\t<div class=\"e-con-inner\">\n\t\t<div class=\"elementor-element elementor-element-a6f2b1c e-flex e-con-boxed e-con e-child\" data-id=\"a6f2b1c\" data-element_type=\"container\" data-e-type=\"container\" data-settings=\"{&quot;_ob_use_container_extras&quot;:&quot;no&quot;,&quot;_ob_column_hoveranimator&quot;:&quot;no&quot;,&quot;_ob_glider_is_slider&quot;:&quot;no&quot;,&quot;_ob_column_has_pseudo&quot;:&quot;no&quot;}\">\n\t\t\t\t\t<div class=\"e-con-inner\">\n\t\t\t\t<div class=\"elementor-element elementor-element-36b7193 ob-harakiri-inherit ob-has-background-overlay elementor-widget elementor-widget-text-editor\" data-id=\"36b7193\" data-element_type=\"widget\" data-e-type=\"widget\" data-settings=\"{&quot;_ob_use_harakiri&quot;:&quot;yes&quot;,&quot;_ob_harakiri_writing_mode&quot;:&quot;inherit&quot;,&quot;_ob_postman_use&quot;:&quot;no&quot;,&quot;_ob_widget_stalker_use&quot;:&quot;no&quot;,&quot;_ob_poopart_use&quot;:&quot;yes&quot;,&quot;_ob_shadough_use&quot;:&quot;no&quot;,&quot;_ob_allow_hoveranimator&quot;:&quot;no&quot;}\" data-widget_type=\"text-editor.default\">\n\t\t\t\t<div class=\"elementor-widget-container\">\n\t\t\t\t\t\t\t\t\t<p><span style=\"font-weight: 400;\">Por favor, leia todas as se\u00e7\u00f5es deste Aviso Legal antes de usar este site. As seguintes condi\u00e7\u00f5es s\u00e3o vinculativas para qualquer usu\u00e1rio do mesmo.<\/span><\/p><p><span style=\"font-weight: 400;\">Em cumprimento ao dever de informa\u00e7\u00e3o estabelecido na Lei 34\/2002, de Servi\u00e7os da Sociedade da Informa\u00e7\u00e3o e Com\u00e9rcio Eletr\u00f4nico (LSSI-CE) de 11 de julho, s\u00e3o fornecidos a seguir os seguintes dados de informa\u00e7\u00e3o geral deste site.<\/span><\/p><p><span style=\"font-weight: 400;\">A raz\u00e3o deste texto \u00e9 explicar detalhadamente as funcionalidades deste site e fornecer informa\u00e7\u00f5es relacionadas ao titular do site e ao prop\u00f3sito dos conte\u00fados inclu\u00eddos nele.<\/span><\/p><p><b>DADOS DE IDENTIFICA\u00c7\u00c3O<\/b><\/p><p><span style=\"font-weight: 400;\">Este Aviso Legal regula o uso do servi\u00e7o do site informando-o em conformidade com a Lei 34\/2002, de 11 de julho, de Servi\u00e7os da Sociedade da Informa\u00e7\u00e3o e Com\u00e9rcio Eletr\u00f4nico, sobre os seguintes pontos:<\/span><\/p><p><span style=\"font-weight: 400;\">Titular: CONNECTIF ARTIFICIAL INTELLIGENCE, S.L.<\/span><\/p><p><span style=\"font-weight: 400;\">CIF: B05509641<\/span><\/p><p><span style=\"font-weight: 400;\">Endere\u00e7o: Avenida Ciclista Mariano Rojas, 76; 4\u00aa Planta, 30009, Murcia<\/span><\/p><p><span style=\"font-weight: 400;\">Telefone: 968935520<\/span><\/p><p><span style=\"font-weight: 400;\">E-mail: info@connectif.es<\/span><\/p><p><span style=\"font-weight: 400;\">Dados de registro no Registro Mercantil: Murcia Tomo 3335 Folio 1 Hoja MU-98409 Inscripci\u00f3n 1\u00aa<\/span><\/p><p><span style=\"font-weight: 400;\">CONNECTIF ARTIFICIAL INTELLIGENCE, S.L. visa, por meio de seu site, dar a conhecer sua atividade e oferecer a possibilidade de entrar em contato, fazer consultas, assinar nossa revista, bem como informar-nos sobre reclama\u00e7\u00f5es e queixas.<\/span><\/p><p><span style=\"font-weight: 400;\">Este documento visa estabelecer os termos e condi\u00e7\u00f5es gerais de uso do site. Os termos e condi\u00e7\u00f5es gerais s\u00e3o de aceita\u00e7\u00e3o obrigat\u00f3ria e cumprimento por parte de todos os usu\u00e1rios que desejem fazer uso do mesmo.<\/span><\/p><p><b>USO DO SITE E OBRIGA\u00c7\u00d5ES DOS USU\u00c1RIOS<\/b><\/p><p><span style=\"font-weight: 400;\">O usu\u00e1rio compromete-se a utilizar o site, o conte\u00fado e os servi\u00e7os sem violar a legisla\u00e7\u00e3o vigente, os usos geralmente aceitos e a ordem p\u00fablica. Fica proibido o uso do site para fins il\u00edcitos ou prejudiciais \u00e0 CONNECTIF ARTIFICIAL INTELLIGENCE, S.L. ou a terceiros, que de qualquer forma possam causar preju\u00edzo ou impedir o uso normal do site.<\/span><\/p><p><span style=\"font-weight: 400;\">CONNECTIF ARTIFICIAL INTELLIGENCE, S.L. garante que os conte\u00fados e servi\u00e7os oferecidos pelo portal respeitam o princ\u00edpio da dignidade da pessoa, prote\u00e7\u00e3o da juventude e da inf\u00e2ncia, n\u00e3o discrimina\u00e7\u00e3o por motivos de ra\u00e7a, sexo, religi\u00e3o, opini\u00e3o, nacionalidade, defici\u00eancia ou qualquer outro aspecto pessoal e social.<\/span><\/p><p><span style=\"font-weight: 400;\">As presentes Condi\u00e7\u00f5es Gerais de Uso do site n\u00e3o conferem ao usu\u00e1rio nenhum outro direito de uso, altera\u00e7\u00e3o, explora\u00e7\u00e3o, reprodu\u00e7\u00e3o, distribui\u00e7\u00e3o ou comunica\u00e7\u00e3o p\u00fablica dos conte\u00fados do site, diferentes dos aqui expressamente previstos.<\/span><\/p><p><span style=\"font-weight: 400;\">Os conte\u00fados (informa\u00e7\u00e3o, arquivos de som e\/ou imagem, fotografias, designs, etc.) coletados no portal s\u00e3o propriedade da CONNECTIF ARTIFICIAL INTELLIGENCE, S.L. ou esta est\u00e1 devidamente autorizada para sua divulga\u00e7\u00e3o por seus leg\u00edtimos titulares.<\/span><\/p><p><span style=\"font-weight: 400;\">CONNECTIF ARTIFICIAL INTELLIGENCE, S.L. compromete-se a n\u00e3o realizar publicidade enganosa e, portanto, \u00e9 proibido:<\/span><\/p><ul><li style=\"font-weight: 400;\" aria-level=\"1\"><span style=\"font-weight: 400;\">O uso para qualquer tipo de fins comerciais ou publicit\u00e1rios, diferentes dos estritamente permitidos.<\/span><\/li><li style=\"font-weight: 400;\" aria-level=\"1\"><span style=\"font-weight: 400;\">Sua reprodu\u00e7\u00e3o, publica\u00e7\u00e3o, distribui\u00e7\u00e3o ou modifica\u00e7\u00e3o, total ou parcial, a menos que haja autoriza\u00e7\u00e3o pr\u00e9via e por escrito de seus leg\u00edtimos titulares ou seja legalmente permitido.<\/span><\/li><li style=\"font-weight: 400;\" aria-level=\"1\"><span style=\"font-weight: 400;\">Qualquer viola\u00e7\u00e3o dos direitos da CONNECTIF ARTIFICIAL INTELLIGENCE, S.L. ou de seus leg\u00edtimos titulares sobre os mesmos.<br \/><br \/><\/span><\/li><\/ul><p><b>PROPRIEDADE INTELECTUAL E INDUSTRIAL<\/b><\/p><p><span style=\"font-weight: 400;\">O usu\u00e1rio reconhece e aceita que todos os direitos de propriedade industrial e intelectual sobre os conte\u00fados e\/ou quaisquer outros elementos inseridos no site pertencem \u00e0 CONNECTIF ARTIFICIAL INTELLIGENCE, S.L. ou esta est\u00e1 devidamente autorizada para sua divulga\u00e7\u00e3o no presente site.<\/span><\/p><p><span style=\"font-weight: 400;\">No caso de um usu\u00e1rio ou terceiro considerar que houve uma viola\u00e7\u00e3o de seus leg\u00edtimos direitos de propriedade intelectual pela introdu\u00e7\u00e3o de determinado conte\u00fado no site, dever\u00e1 notificar tal circunst\u00e2ncia \u00e0 CONNECTIF ARTIFICIAL INTELLIGENCE, S.L., indicando:<\/span><\/p><ul><li style=\"font-weight: 400;\" aria-level=\"1\"><span style=\"font-weight: 400;\">Dados pessoais do interessado titular dos direitos presumivelmente infringidos, ou indicar a representa\u00e7\u00e3o com a qual atua caso a reclama\u00e7\u00e3o seja apresentada por um terceiro diferente do interessado.<\/span><\/li><li style=\"font-weight: 400;\" aria-level=\"1\"><span style=\"font-weight: 400;\">Apontar os conte\u00fados protegidos pelos direitos de propriedade intelectual e sua localiza\u00e7\u00e3o no site, a comprova\u00e7\u00e3o dos direitos de propriedade intelectual mencionados e declara\u00e7\u00e3o expressa em que o interessado se responsabiliza pela veracidade das informa\u00e7\u00f5es fornecidas na notifica\u00e7\u00e3o.<br \/><br \/><\/span><\/li><\/ul><p><b>LINKS<\/b><\/p><p><span style=\"font-weight: 400;\">Este site fornece links para outros sites pr\u00f3prios e conte\u00fados que s\u00e3o propriedade de terceiros.<\/span><\/p><p><span style=\"font-weight: 400;\">O \u00fanico prop\u00f3sito dos links \u00e9 proporcionar ao usu\u00e1rio a possibilidade de acessar esses links. CONNECTIF ARTIFICIAL INTELLIGENCE, S.L. n\u00e3o se responsabiliza, em nenhum caso, pelos resultados que possam derivar para o usu\u00e1rio pelo acesso a esses links.<\/span><\/p><p><span style=\"font-weight: 400;\">O usu\u00e1rio que pretenda estabelecer qualquer dispositivo t\u00e9cnico de link de seu site para o portal dever\u00e1 obter a autoriza\u00e7\u00e3o pr\u00e9via e por escrito da CONNECTIF ARTIFICIAL INTELLIGENCE, S.L.. O estabelecimento do link n\u00e3o implica, em nenhum caso, a exist\u00eancia de rela\u00e7\u00f5es entre CONNECTIF ARTIFICIAL INTELLIGENCE, S.L. e o propriet\u00e1rio do site em que o link \u00e9 estabelecido, nem a aceita\u00e7\u00e3o ou aprova\u00e7\u00e3o pela CONNECTIF ARTIFICIAL INTELLIGENCE, S.L. de seus conte\u00fados ou servi\u00e7os.<\/span><\/p><p><span style=\"font-weight: 400;\">O site em que o link \u00e9 estabelecido n\u00e3o conter\u00e1 nenhuma marca, denomina\u00e7\u00e3o, logotipo, slogan ou outros sinais distintivos pertencentes \u00e0 CONNECTIF ARTIFICIAL INTELLIGENCE, S.L., salvo os expressamente autorizados.<br \/><br \/><\/span><\/p><p><b>MODIFICA\u00c7\u00c3O UNILATERAL E DURA\u00c7\u00c3O<\/b><\/p><p><span style=\"font-weight: 400;\">CONNECTIF ARTIFICIAL INTELLIGENCE, S.L. reserva-se o direito de modificar, a qualquer momento e sem aviso pr\u00e9vio, a apresenta\u00e7\u00e3o e configura\u00e7\u00e3o do site, bem como este Aviso Legal.<\/span><\/p><p><span style=\"font-weight: 400;\">EXCLUS\u00c3O DE GARANTIAS E RESPONSABILIDADE<\/span><\/p><p><span style=\"font-weight: 400;\">CONNECTIF ARTIFICIAL INTELLIGENCE, S.L. n\u00e3o concede nenhuma garantia e n\u00e3o se responsabiliza, em nenhum caso, por danos de qualquer natureza que possam ocorrer devido a:<\/span><\/p><ul><li style=\"font-weight: 400;\" aria-level=\"1\"><span style=\"font-weight: 400;\">Falta de disponibilidade, manuten\u00e7\u00e3o e funcionamento efetivo do site e\/ou de seus servi\u00e7os ou conte\u00fados.<\/span><\/li><li style=\"font-weight: 400;\" aria-level=\"1\"><span style=\"font-weight: 400;\">Exist\u00eancia de v\u00edrus, programas maliciosos ou prejudiciais nos conte\u00fados.<\/span><\/li><li style=\"font-weight: 400;\" aria-level=\"1\"><span style=\"font-weight: 400;\">Uso il\u00edcito, negligente, fraudulento, contr\u00e1rio \u00e0s presentes condi\u00e7\u00f5es, \u00e0 boa f\u00e9, aos usos geralmente aceitos ou \u00e0 ordem p\u00fablica, do site, seus servi\u00e7os ou conte\u00fados, por parte dos usu\u00e1rios.<br \/><br \/><\/span><\/li><\/ul><p><b>TRATAMENTO DE DADOS PESSOAIS<\/b><\/p><p><span style=\"font-weight: 400;\">CONNECTIF ARTIFICIAL INTELLIGENCE, S.L., conforme estabelecido em sua &#8220;POL\u00cdTICA DE PRIVACIDADE&#8221; que pode ser consultada neste site, adotou os n\u00edveis de seguran\u00e7a adequados aos dados que trata e gerencia, incorporando todos os meios e medidas t\u00e9cnicas ao seu alcance para garantir sua confidencialidade, evitar seu mau uso, perda, altera\u00e7\u00e3o, acesso n\u00e3o autorizado e roubo.<br \/><br \/><\/span><\/p><p><b>LEGISLA\u00c7\u00c3O APLIC\u00c1VEL E JURISDI\u00c7\u00c3O<\/b><\/p><p><span style=\"font-weight: 400;\">Estas Condi\u00e7\u00f5es ser\u00e3o regidas pela legisla\u00e7\u00e3o espanhola, sujeitas aos tribunais da cidade de Murcia, para qualquer controv\u00e9rsia decorrente do acesso ao site.<br \/><br \/><\/span><\/p><p><b>CONTATO<\/b><\/p><p><span style=\"font-weight: 400;\">No caso de qualquer usu\u00e1rio ter d\u00favidas sobre este aviso legal ou fazer algum coment\u00e1rio sobre o mesmo, pode dirigir-se a info@connectif.es ou enviar uma comunica\u00e7\u00e3o por escrito para o endere\u00e7o indicado no cabe\u00e7alho.<\/span><\/p>\t\t\t\t\t\t\t\t<\/div>\n\t\t\t\t<\/div>\n\t\t\t\t\t<\/div>\n\t\t\t\t<\/div>\n\t\t\t\t\t<\/div>\n\t\t\t\t<\/div>\n\t\t\t\t<\/div>\n\t\t","protected":false},"excerpt":{"rendered":"<p>Aviso Legal Por favor, leia todas as se\u00e7\u00f5es deste Aviso Legal antes de usar este site. As seguintes condi\u00e7\u00f5es s\u00e3o vinculativas para qualquer usu\u00e1rio do mesmo. Em cumprimento ao dever de informa\u00e7\u00e3o estabelecido na Lei 34\/2002, de Servi\u00e7os da Sociedade da Informa\u00e7\u00e3o e Com\u00e9rcio Eletr\u00f4nico (LSSI-CE) de 11 de julho, s\u00e3o fornecidos a seguir os [&hellip;]<\/p>\n","protected":false},"author":22,"featured_media":0,"parent":0,"menu_order":0,"comment_status":"closed","ping_status":"closed","template":"","meta":{"_acf_changed":false,"footnotes":""},"categories":[],"tags":[172],"class_list":["post-81011","page","type-page","status-publish","hentry","tag-simple-pt-br"],"acf":[],"yoast_head":"<!-- This site is optimized with the Yoast SEO plugin v27.2 - https:\/\/yoast.com\/product\/yoast-seo-wordpress\/ -->\n<title>Aviso Legal - Connectif Marketing Automation<\/title>\n<meta name=\"robots\" content=\"index, follow, max-snippet:-1, max-image-preview:large, max-video-preview:-1\" \/>\n<link rel=\"canonical\" href=\"https:\/\/connectif.ai\/pt-br\/aviso-legal\/\" \/>\n<meta property=\"og:locale\" content=\"pt_BR\" \/>\n<meta property=\"og:type\" content=\"article\" \/>\n<meta property=\"og:title\" content=\"Aviso Legal - Connectif Marketing Automation\" \/>\n<meta property=\"og:description\" content=\"Aviso Legal Por favor, leia todas as se\u00e7\u00f5es deste Aviso Legal antes de usar este site. As seguintes condi\u00e7\u00f5es s\u00e3o vinculativas para qualquer usu\u00e1rio do mesmo. Em cumprimento ao dever de informa\u00e7\u00e3o estabelecido na Lei 34\/2002, de Servi\u00e7os da Sociedade da Informa\u00e7\u00e3o e Com\u00e9rcio Eletr\u00f4nico (LSSI-CE) de 11 de julho, s\u00e3o fornecidos a seguir os [&hellip;]\" \/>\n<meta property=\"og:url\" content=\"https:\/\/connectif.ai\/pt-br\/aviso-legal\/\" \/>\n<meta property=\"og:site_name\" content=\"Connectif Marketing Automation\" \/>\n<meta property=\"article:modified_time\" content=\"2024-03-26T12:12:40+00:00\" \/>\n<meta name=\"twitter:card\" content=\"summary_large_image\" \/>\n<meta name=\"twitter:label1\" content=\"Est. tempo de leitura\" \/>\n\t<meta name=\"twitter:data1\" content=\"6 minutos\" \/>\n<script type=\"application\/ld+json\" class=\"yoast-schema-graph\">{\"@context\":\"https:\/\/schema.org\",\"@graph\":[{\"@type\":\"WebPage\",\"@id\":\"https:\/\/connectif.ai\/pt-br\/aviso-legal\/\",\"url\":\"https:\/\/connectif.ai\/pt-br\/aviso-legal\/\",\"name\":\"Aviso Legal - Connectif Marketing Automation\",\"isPartOf\":{\"@id\":\"https:\/\/connectif.ai\/pt-br\/#website\"},\"datePublished\":\"2023-04-24T09:28:09+00:00\",\"dateModified\":\"2024-03-26T12:12:40+00:00\",\"breadcrumb\":{\"@id\":\"https:\/\/connectif.ai\/pt-br\/aviso-legal\/#breadcrumb\"},\"inLanguage\":\"pt-BR\",\"potentialAction\":[{\"@type\":\"ReadAction\",\"target\":[\"https:\/\/connectif.ai\/pt-br\/aviso-legal\/\"]}]},{\"@type\":\"BreadcrumbList\",\"@id\":\"https:\/\/connectif.ai\/pt-br\/aviso-legal\/#breadcrumb\",\"itemListElement\":[{\"@type\":\"ListItem\",\"position\":1,\"name\":\"Portada\",\"item\":\"https:\/\/connectif.ai\/\"},{\"@type\":\"ListItem\",\"position\":2,\"name\":\"Aviso Legal\"}]},{\"@type\":\"WebSite\",\"@id\":\"https:\/\/connectif.ai\/pt-br\/#website\",\"url\":\"https:\/\/connectif.ai\/pt-br\/\",\"name\":\"Connectif Marketing Automation\",\"description\":\"Marketing Automation Software Connectif te permite crear experiencias de compra hiperpersonalizada a tus clientes de forma r\u00e1pida y visual\",\"publisher\":{\"@id\":\"https:\/\/connectif.ai\/pt-br\/#organization\"},\"potentialAction\":[{\"@type\":\"SearchAction\",\"target\":{\"@type\":\"EntryPoint\",\"urlTemplate\":\"https:\/\/connectif.ai\/pt-br\/?s={search_term_string}\"},\"query-input\":{\"@type\":\"PropertyValueSpecification\",\"valueRequired\":true,\"valueName\":\"search_term_string\"}}],\"inLanguage\":\"pt-BR\"},{\"@type\":\"Organization\",\"@id\":\"https:\/\/connectif.ai\/pt-br\/#organization\",\"name\":\"Connectif Marketing Automation\",\"url\":\"https:\/\/connectif.ai\/pt-br\/\",\"logo\":{\"@type\":\"ImageObject\",\"inLanguage\":\"pt-BR\",\"@id\":\"https:\/\/connectif.ai\/pt-br\/#\/schema\/logo\/image\/\",\"url\":\"https:\/\/connectif.ai\/wp-content\/uploads\/2023\/02\/Logo-Connectif-web.svg\",\"contentUrl\":\"https:\/\/connectif.ai\/wp-content\/uploads\/2023\/02\/Logo-Connectif-web.svg\",\"width\":506,\"height\":46,\"caption\":\"Connectif Marketing Automation\"},\"image\":{\"@id\":\"https:\/\/connectif.ai\/pt-br\/#\/schema\/logo\/image\/\"}}]}<\/script>\n<!-- \/ Yoast SEO plugin. -->","yoast_head_json":{"title":"Aviso Legal - Connectif Marketing Automation","robots":{"index":"index","follow":"follow","max-snippet":"max-snippet:-1","max-image-preview":"max-image-preview:large","max-video-preview":"max-video-preview:-1"},"canonical":"https:\/\/connectif.ai\/pt-br\/aviso-legal\/","og_locale":"pt_BR","og_type":"article","og_title":"Aviso Legal - Connectif Marketing Automation","og_description":"Aviso Legal Por favor, leia todas as se\u00e7\u00f5es deste Aviso Legal antes de usar este site. As seguintes condi\u00e7\u00f5es s\u00e3o vinculativas para qualquer usu\u00e1rio do mesmo. Em cumprimento ao dever de informa\u00e7\u00e3o estabelecido na Lei 34\/2002, de Servi\u00e7os da Sociedade da Informa\u00e7\u00e3o e Com\u00e9rcio Eletr\u00f4nico (LSSI-CE) de 11 de julho, s\u00e3o fornecidos a seguir os [&hellip;]","og_url":"https:\/\/connectif.ai\/pt-br\/aviso-legal\/","og_site_name":"Connectif Marketing Automation","article_modified_time":"2024-03-26T12:12:40+00:00","twitter_card":"summary_large_image","twitter_misc":{"Est. tempo de leitura":"6 minutos"},"schema":{"@context":"https:\/\/schema.org","@graph":[{"@type":"WebPage","@id":"https:\/\/connectif.ai\/pt-br\/aviso-legal\/","url":"https:\/\/connectif.ai\/pt-br\/aviso-legal\/","name":"Aviso Legal - Connectif Marketing Automation","isPartOf":{"@id":"https:\/\/connectif.ai\/pt-br\/#website"},"datePublished":"2023-04-24T09:28:09+00:00","dateModified":"2024-03-26T12:12:40+00:00","breadcrumb":{"@id":"https:\/\/connectif.ai\/pt-br\/aviso-legal\/#breadcrumb"},"inLanguage":"pt-BR","potentialAction":[{"@type":"ReadAction","target":["https:\/\/connectif.ai\/pt-br\/aviso-legal\/"]}]},{"@type":"BreadcrumbList","@id":"https:\/\/connectif.ai\/pt-br\/aviso-legal\/#breadcrumb","itemListElement":[{"@type":"ListItem","position":1,"name":"Portada","item":"https:\/\/connectif.ai\/"},{"@type":"ListItem","position":2,"name":"Aviso Legal"}]},{"@type":"WebSite","@id":"https:\/\/connectif.ai\/pt-br\/#website","url":"https:\/\/connectif.ai\/pt-br\/","name":"Connectif Marketing Automation","description":"Marketing Automation Software Connectif te permite crear experiencias de compra hiperpersonalizada a tus clientes de forma r\u00e1pida y visual","publisher":{"@id":"https:\/\/connectif.ai\/pt-br\/#organization"},"potentialAction":[{"@type":"SearchAction","target":{"@type":"EntryPoint","urlTemplate":"https:\/\/connectif.ai\/pt-br\/?s={search_term_string}"},"query-input":{"@type":"PropertyValueSpecification","valueRequired":true,"valueName":"search_term_string"}}],"inLanguage":"pt-BR"},{"@type":"Organization","@id":"https:\/\/connectif.ai\/pt-br\/#organization","name":"Connectif Marketing Automation","url":"https:\/\/connectif.ai\/pt-br\/","logo":{"@type":"ImageObject","inLanguage":"pt-BR","@id":"https:\/\/connectif.ai\/pt-br\/#\/schema\/logo\/image\/","url":"https:\/\/connectif.ai\/wp-content\/uploads\/2023\/02\/Logo-Connectif-web.svg","contentUrl":"https:\/\/connectif.ai\/wp-content\/uploads\/2023\/02\/Logo-Connectif-web.svg","width":506,"height":46,"caption":"Connectif Marketing Automation"},"image":{"@id":"https:\/\/connectif.ai\/pt-br\/#\/schema\/logo\/image\/"}}]}},"_links":{"self":[{"href":"https:\/\/connectif.ai\/pt-br\/wp-json\/wp\/v2\/pages\/81011","targetHints":{"allow":["GET"]}}],"collection":[{"href":"https:\/\/connectif.ai\/pt-br\/wp-json\/wp\/v2\/pages"}],"about":[{"href":"https:\/\/connectif.ai\/pt-br\/wp-json\/wp\/v2\/types\/page"}],"author":[{"embeddable":true,"href":"https:\/\/connectif.ai\/pt-br\/wp-json\/wp\/v2\/users\/22"}],"replies":[{"embeddable":true,"href":"https:\/\/connectif.ai\/pt-br\/wp-json\/wp\/v2\/comments?post=81011"}],"version-history":[{"count":0,"href":"https:\/\/connectif.ai\/pt-br\/wp-json\/wp\/v2\/pages\/81011\/revisions"}],"wp:attachment":[{"href":"https:\/\/connectif.ai\/pt-br\/wp-json\/wp\/v2\/media?parent=81011"}],"wp:term":[{"taxonomy":"category","embeddable":true,"href":"https:\/\/connectif.ai\/pt-br\/wp-json\/wp\/v2\/categories?post=81011"},{"taxonomy":"post_tag","embeddable":true,"href":"https:\/\/connectif.ai\/pt-br\/wp-json\/wp\/v2\/tags?post=81011"}],"curies":[{"name":"wp","href":"https:\/\/api.w.org\/{rel}","templated":true}]}}