{"id":101643,"date":"2025-12-22T11:32:01","date_gmt":"2025-12-22T10:32:01","guid":{"rendered":"https:\/\/connectif.ai\/?page_id=101643"},"modified":"2026-01-20T11:55:39","modified_gmt":"2026-01-20T10:55:39","slug":"dal-digitale-al-fisico","status":"publish","type":"page","link":"https:\/\/connectif.ai\/it\/ebooks\/dal-digitale-al-fisico\/","title":{"rendered":"Dal digitale al fisico"},"content":{"rendered":"\t\t<div data-elementor-type=\"wp-page\" data-elementor-id=\"101643\" class=\"elementor elementor-101643 elementor-101636\" data-elementor-post-type=\"page\">\n\t\t\t\t<div class=\"elementor-element elementor-element-4e7dcd2 e-flex e-con-boxed e-con e-parent\" data-id=\"4e7dcd2\" data-element_type=\"container\" data-e-type=\"container\" data-settings=\"{&quot;_ob_use_container_extras&quot;:&quot;no&quot;,&quot;_ob_column_hoveranimator&quot;:&quot;no&quot;,&quot;_ob_glider_is_slider&quot;:&quot;no&quot;,&quot;_ob_column_has_pseudo&quot;:&quot;no&quot;}\">\n\t\t\t\t\t<div class=\"e-con-inner\">\n\t\t<div class=\"elementor-element elementor-element-09948f1 e-con-full e-flex e-con e-child\" data-id=\"09948f1\" data-element_type=\"container\" data-e-type=\"container\" data-settings=\"{&quot;_ob_use_container_extras&quot;:&quot;no&quot;,&quot;_ob_column_hoveranimator&quot;:&quot;no&quot;,&quot;_ob_glider_is_slider&quot;:&quot;no&quot;,&quot;_ob_column_has_pseudo&quot;:&quot;no&quot;}\">\n\t\t\t\t<div class=\"elementor-element elementor-element-d9f8e09 ob-harakiri-inherit ob-has-background-overlay elementor-widget elementor-widget-heading\" data-id=\"d9f8e09\" data-element_type=\"widget\" data-e-type=\"widget\" data-settings=\"{&quot;_ob_use_harakiri&quot;:&quot;yes&quot;,&quot;_ob_harakiri_writing_mode&quot;:&quot;inherit&quot;,&quot;_ob_harakiri_text_clip&quot;:&quot;none&quot;,&quot;_ob_widget_stalker_use&quot;:&quot;no&quot;,&quot;_ob_poopart_use&quot;:&quot;yes&quot;,&quot;_ob_shadough_use&quot;:&quot;no&quot;,&quot;_ob_allow_hoveranimator&quot;:&quot;no&quot;}\" data-widget_type=\"heading.default\">\n\t\t\t\t<div class=\"elementor-widget-container\">\n\t\t\t\t\t<h2 class=\"elementor-heading-title elementor-size-default\">Dal digitale al fisico<\/h2>\t\t\t\t<\/div>\n\t\t\t\t<\/div>\n\t\t\t\t<div class=\"elementor-element elementor-element-af0e636 ob-harakiri-inherit ob-has-background-overlay elementor-widget elementor-widget-text-editor\" data-id=\"af0e636\" data-element_type=\"widget\" data-e-type=\"widget\" data-settings=\"{&quot;_ob_use_harakiri&quot;:&quot;yes&quot;,&quot;_ob_harakiri_writing_mode&quot;:&quot;inherit&quot;,&quot;_ob_postman_use&quot;:&quot;no&quot;,&quot;_ob_widget_stalker_use&quot;:&quot;no&quot;,&quot;_ob_poopart_use&quot;:&quot;yes&quot;,&quot;_ob_shadough_use&quot;:&quot;no&quot;,&quot;_ob_allow_hoveranimator&quot;:&quot;no&quot;}\" data-widget_type=\"text-editor.default\">\n\t\t\t\t<div class=\"elementor-widget-container\">\n\t\t\t\t\t\t\t\t\tI clienti non pensano in termini di canali, ma di esperienze. E tu dovresti fare lo stesso! Scopri come unificare i tuoi dati online e offline e creare esperienze d\u2019acquisto fluide e coerenti per ogni cliente.\t\t\t\t\t\t\t\t<\/div>\n\t\t\t\t<\/div>\n\t\t\t\t<div class=\"elementor-element elementor-element-084028c elementor-align-left c-button c-button-dt__primary ob-has-background-overlay elementor-widget elementor-widget-button\" data-id=\"084028c\" data-element_type=\"widget\" data-e-type=\"widget\" data-settings=\"{&quot;_ob_butterbutton_use_it&quot;:&quot;no&quot;,&quot;_ob_widget_stalker_use&quot;:&quot;no&quot;,&quot;_ob_poopart_use&quot;:&quot;yes&quot;,&quot;_ob_shadough_use&quot;:&quot;no&quot;,&quot;_ob_allow_hoveranimator&quot;:&quot;no&quot;}\" data-widget_type=\"button.default\">\n\t\t\t\t<div class=\"elementor-widget-container\">\n\t\t\t\t\t\t\t\t\t<div class=\"elementor-button-wrapper\">\n\t\t\t\t\t<a class=\"elementor-button elementor-button-link elementor-size-md\" href=\"#download-form\">\n\t\t\t\t\t\t<span class=\"elementor-button-content-wrapper\">\n\t\t\t\t\t\t\t\t\t<span class=\"elementor-button-text\">Scarica l'eBook<\/span>\n\t\t\t\t\t<\/span>\n\t\t\t\t\t<\/a>\n\t\t\t\t<\/div>\n\t\t\t\t\t\t\t\t<\/div>\n\t\t\t\t<\/div>\n\t\t\t\t<\/div>\n\t\t<div class=\"elementor-element elementor-element-7d21efb e-con-full e-flex e-con e-child\" data-id=\"7d21efb\" data-element_type=\"container\" data-e-type=\"container\" data-settings=\"{&quot;background_background&quot;:&quot;classic&quot;,&quot;_ob_use_container_extras&quot;:&quot;no&quot;,&quot;_ob_column_hoveranimator&quot;:&quot;no&quot;,&quot;_ob_glider_is_slider&quot;:&quot;no&quot;,&quot;_ob_column_has_pseudo&quot;:&quot;no&quot;}\">\n\t\t\t\t<\/div>\n\t\t\t\t\t<\/div>\n\t\t\t\t<\/div>\n\t\t<div class=\"elementor-element elementor-element-d742743 e-grid e-con-boxed e-con e-parent\" data-id=\"d742743\" data-element_type=\"container\" data-e-type=\"container\" id=\"download-form\" data-settings=\"{&quot;_ob_use_container_extras&quot;:&quot;no&quot;,&quot;_ob_column_hoveranimator&quot;:&quot;no&quot;,&quot;_ob_glider_is_slider&quot;:&quot;no&quot;,&quot;_ob_column_has_pseudo&quot;:&quot;no&quot;}\">\n\t\t\t\t\t<div class=\"e-con-inner\">\n\t\t<div class=\"elementor-element elementor-element-c2d7291 e-con-full e-flex e-con e-child\" data-id=\"c2d7291\" data-element_type=\"container\" data-e-type=\"container\" data-settings=\"{&quot;_ob_use_container_extras&quot;:&quot;no&quot;,&quot;_ob_column_hoveranimator&quot;:&quot;no&quot;,&quot;_ob_glider_is_slider&quot;:&quot;no&quot;,&quot;_ob_column_has_pseudo&quot;:&quot;no&quot;}\">\n\t\t<div class=\"elementor-element elementor-element-2f0f38b e-con-full e-flex e-con e-child\" data-id=\"2f0f38b\" data-element_type=\"container\" data-e-type=\"container\" data-settings=\"{&quot;_ob_use_container_extras&quot;:&quot;no&quot;,&quot;_ob_column_hoveranimator&quot;:&quot;no&quot;,&quot;_ob_glider_is_slider&quot;:&quot;no&quot;,&quot;_ob_column_has_pseudo&quot;:&quot;no&quot;}\">\n\t\t\t\t<div class=\"elementor-element elementor-element-f52a641 ob-harakiri-inherit ob-has-background-overlay elementor-widget elementor-widget-heading\" data-id=\"f52a641\" data-element_type=\"widget\" data-e-type=\"widget\" data-settings=\"{&quot;_ob_use_harakiri&quot;:&quot;yes&quot;,&quot;_ob_harakiri_writing_mode&quot;:&quot;inherit&quot;,&quot;_ob_harakiri_text_clip&quot;:&quot;none&quot;,&quot;_ob_widget_stalker_use&quot;:&quot;no&quot;,&quot;_ob_poopart_use&quot;:&quot;yes&quot;,&quot;_ob_shadough_use&quot;:&quot;no&quot;,&quot;_ob_allow_hoveranimator&quot;:&quot;no&quot;}\" data-widget_type=\"heading.default\">\n\t\t\t\t<div class=\"elementor-widget-container\">\n\t\t\t\t\t<h3 class=\"elementor-heading-title elementor-size-default\">In questo eBook, scoprirai di pi\u00f9 su:<\/h3>\t\t\t\t<\/div>\n\t\t\t\t<\/div>\n\t\t\t\t<div class=\"elementor-element elementor-element-ce74a42 u-list-square u-list-square__blue ob-harakiri-inherit ob-has-background-overlay elementor-widget elementor-widget-text-editor\" data-id=\"ce74a42\" data-element_type=\"widget\" data-e-type=\"widget\" data-settings=\"{&quot;_ob_use_harakiri&quot;:&quot;yes&quot;,&quot;_ob_harakiri_writing_mode&quot;:&quot;inherit&quot;,&quot;_ob_postman_use&quot;:&quot;no&quot;,&quot;_ob_widget_stalker_use&quot;:&quot;no&quot;,&quot;_ob_poopart_use&quot;:&quot;yes&quot;,&quot;_ob_shadough_use&quot;:&quot;no&quot;,&quot;_ob_allow_hoveranimator&quot;:&quot;no&quot;}\" data-widget_type=\"text-editor.default\">\n\t\t\t\t<div class=\"elementor-widget-container\">\n\t\t\t\t\t\t\t\t\t<ul>\n \t<li style=\"text-align: left;\">Il consumatore iperconnesso di oggi e le sue aspettative nei confronti del tuo brand<\/li>\n \t<li style=\"text-align: left;\"><span style=\"font-weight: 400;\"> Perch\u00e9 collegare i dati online e offline \u00e8 importante in un mondo omnicanale<\/span><\/li>\n \t<li style=\"font-weight: 400;\" aria-level=\"1\"><span style=\"font-weight: 400;\">Come colmare il divario con Connectif e casi d\u2019uso reali<\/span><\/li>\n<\/ul>\t\t\t\t\t\t\t\t<\/div>\n\t\t\t\t<\/div>\n\t\t\t\t<\/div>\n\t\t\t\t<\/div>\n\t\t<div class=\"elementor-element elementor-element-8fb9587 e-con-full e-flex e-con e-child\" data-id=\"8fb9587\" data-element_type=\"container\" data-e-type=\"container\" data-settings=\"{&quot;_ob_use_container_extras&quot;:&quot;no&quot;,&quot;_ob_column_hoveranimator&quot;:&quot;no&quot;,&quot;_ob_glider_is_slider&quot;:&quot;no&quot;,&quot;_ob_column_has_pseudo&quot;:&quot;no&quot;}\">\n\t\t\t\t<div class=\"elementor-element elementor-element-e6ff284 ob-has-background-overlay elementor-widget elementor-widget-html\" data-id=\"e6ff284\" data-element_type=\"widget\" data-e-type=\"widget\" data-settings=\"{&quot;_ob_widget_stalker_use&quot;:&quot;no&quot;,&quot;_ob_poopart_use&quot;:&quot;yes&quot;,&quot;_ob_shadough_use&quot;:&quot;no&quot;,&quot;_ob_allow_hoveranimator&quot;:&quot;no&quot;}\" data-widget_type=\"html.default\">\n\t\t\t\t<div class=\"elementor-widget-container\">\n\t\t\t\t\t<div class=\"cn-placeholder-pageform\"><\/div>\t\t\t\t<\/div>\n\t\t\t\t<\/div>\n\t\t\t\t<\/div>\n\t\t\t\t\t<\/div>\n\t\t\t\t<\/div>\n\t\t\t\t<\/div>\n\t\t","protected":false},"excerpt":{"rendered":"<p>De un clic\u2028a la tienda\u2028f\u00edsica Tus clientes no piensan en canales, piensan en experiencias. Y tu marca deber\u00eda hacer lo mismo. Descubre c\u00f3mo unificar tus datos online y offline y crear experiencias de compra conectadas para cada cliente. Descarga el ebook \u2028En este ebook descubrir\u00e1s: C\u00f3mo es el consumidor de hoy y qu\u00e9 espera realmente [&hellip;]<\/p>\n","protected":false},"author":16,"featured_media":0,"parent":96255,"menu_order":0,"comment_status":"closed","ping_status":"closed","template":"","meta":{"_acf_changed":false,"footnotes":""},"categories":[],"tags":[],"class_list":["post-101643","page","type-page","status-publish","hentry"],"acf":[],"yoast_head":"<!-- This site is optimized with the Yoast SEO plugin v27.4 - https:\/\/yoast.com\/product\/yoast-seo-wordpress\/ -->\n<title>Dal digitale al fisico - Connectif Marketing Automation<\/title>\n<meta name=\"description\" content=\"Scopri come unificare i tuoi dati online e offline e creare esperienze d\u2019acquisto fluide e coerenti per ogni cliente.\" \/>\n<meta name=\"robots\" content=\"noindex, nofollow\" \/>\n<meta property=\"og:locale\" content=\"it_IT\" \/>\n<meta property=\"og:type\" content=\"article\" \/>\n<meta property=\"og:title\" content=\"Dal digitale al fisico\" \/>\n<meta property=\"og:description\" content=\"Scopri come unificare i tuoi dati online e offline e creare esperienze d\u2019acquisto fluide e coerenti per ogni cliente.\" \/>\n<meta property=\"og:url\" content=\"https:\/\/connectif.ai\/it\/ebooks\/dal-digitale-al-fisico\/\" \/>\n<meta property=\"og:site_name\" content=\"Connectif Marketing Automation\" \/>\n<meta property=\"article:modified_time\" content=\"2026-01-20T10:55:39+00:00\" \/>\n<meta property=\"og:image\" content=\"https:\/\/connectif.ai\/wp-content\/uploads\/2025\/12\/cabecera-ebook-from-clicks-to-bricks-IT-1.png\" \/>\n\t<meta property=\"og:image:width\" content=\"850\" \/>\n\t<meta property=\"og:image:height\" content=\"560\" \/>\n\t<meta property=\"og:image:type\" content=\"image\/png\" \/>\n<meta name=\"twitter:card\" content=\"summary_large_image\" \/>\n<meta name=\"twitter:label1\" content=\"Tempo di lettura stimato\" \/>\n\t<meta name=\"twitter:data1\" content=\"1 minuto\" \/>\n<script type=\"application\/ld+json\" class=\"yoast-schema-graph\">{\"@context\":\"https:\\\/\\\/schema.org\",\"@graph\":[{\"@type\":\"WebPage\",\"@id\":\"https:\\\/\\\/connectif.ai\\\/it\\\/ebooks\\\/dal-digitale-al-fisico\\\/\",\"url\":\"https:\\\/\\\/connectif.ai\\\/it\\\/ebooks\\\/dal-digitale-al-fisico\\\/\",\"name\":\"Dal digitale al fisico - Connectif Marketing Automation\",\"isPartOf\":{\"@id\":\"https:\\\/\\\/connectif.ai\\\/it\\\/#website\"},\"datePublished\":\"2025-12-22T10:32:01+00:00\",\"dateModified\":\"2026-01-20T10:55:39+00:00\",\"description\":\"Scopri come unificare i tuoi dati online e offline e creare esperienze d\u2019acquisto fluide e coerenti per ogni cliente.\",\"breadcrumb\":{\"@id\":\"https:\\\/\\\/connectif.ai\\\/it\\\/ebooks\\\/dal-digitale-al-fisico\\\/#breadcrumb\"},\"inLanguage\":\"it-IT\",\"potentialAction\":[{\"@type\":\"ReadAction\",\"target\":[\"https:\\\/\\\/connectif.ai\\\/it\\\/ebooks\\\/dal-digitale-al-fisico\\\/\"]}]},{\"@type\":\"BreadcrumbList\",\"@id\":\"https:\\\/\\\/connectif.ai\\\/it\\\/ebooks\\\/dal-digitale-al-fisico\\\/#breadcrumb\",\"itemListElement\":[{\"@type\":\"ListItem\",\"position\":1,\"name\":\"Portada\",\"item\":\"https:\\\/\\\/connectif.ai\\\/\"},{\"@type\":\"ListItem\",\"position\":2,\"name\":\"eBooks\",\"item\":\"https:\\\/\\\/connectif.ai\\\/it\\\/ebooks\\\/\"},{\"@type\":\"ListItem\",\"position\":3,\"name\":\"Dal digitale al fisico\"}]},{\"@type\":\"WebSite\",\"@id\":\"https:\\\/\\\/connectif.ai\\\/it\\\/#website\",\"url\":\"https:\\\/\\\/connectif.ai\\\/it\\\/\",\"name\":\"Connectif Marketing Automation\",\"description\":\"Marketing Automation Software Connectif te permite crear experiencias de compra hiperpersonalizada a tus clientes de forma r\u00e1pida y visual\",\"publisher\":{\"@id\":\"https:\\\/\\\/connectif.ai\\\/it\\\/#organization\"},\"potentialAction\":[{\"@type\":\"SearchAction\",\"target\":{\"@type\":\"EntryPoint\",\"urlTemplate\":\"https:\\\/\\\/connectif.ai\\\/it\\\/?s={search_term_string}\"},\"query-input\":{\"@type\":\"PropertyValueSpecification\",\"valueRequired\":true,\"valueName\":\"search_term_string\"}}],\"inLanguage\":\"it-IT\"},{\"@type\":\"Organization\",\"@id\":\"https:\\\/\\\/connectif.ai\\\/it\\\/#organization\",\"name\":\"Connectif Marketing Automation\",\"url\":\"https:\\\/\\\/connectif.ai\\\/it\\\/\",\"logo\":{\"@type\":\"ImageObject\",\"inLanguage\":\"it-IT\",\"@id\":\"https:\\\/\\\/connectif.ai\\\/it\\\/#\\\/schema\\\/logo\\\/image\\\/\",\"url\":\"https:\\\/\\\/connectif.ai\\\/wp-content\\\/uploads\\\/2023\\\/02\\\/Logo-Connectif-web.svg\",\"contentUrl\":\"https:\\\/\\\/connectif.ai\\\/wp-content\\\/uploads\\\/2023\\\/02\\\/Logo-Connectif-web.svg\",\"width\":506,\"height\":46,\"caption\":\"Connectif Marketing Automation\"},\"image\":{\"@id\":\"https:\\\/\\\/connectif.ai\\\/it\\\/#\\\/schema\\\/logo\\\/image\\\/\"}}]}<\/script>\n<!-- \/ Yoast SEO plugin. -->","yoast_head_json":{"title":"Dal digitale al fisico - Connectif Marketing Automation","description":"Scopri come unificare i tuoi dati online e offline e creare esperienze d\u2019acquisto fluide e coerenti per ogni cliente.","robots":{"index":"noindex","follow":"nofollow"},"og_locale":"it_IT","og_type":"article","og_title":"Dal digitale al fisico","og_description":"Scopri come unificare i tuoi dati online e offline e creare esperienze d\u2019acquisto fluide e coerenti per ogni cliente.","og_url":"https:\/\/connectif.ai\/it\/ebooks\/dal-digitale-al-fisico\/","og_site_name":"Connectif Marketing Automation","article_modified_time":"2026-01-20T10:55:39+00:00","og_image":[{"width":850,"height":560,"url":"https:\/\/connectif.ai\/wp-content\/uploads\/2025\/12\/cabecera-ebook-from-clicks-to-bricks-IT-1.png","type":"image\/png"}],"twitter_card":"summary_large_image","twitter_misc":{"Tempo di lettura stimato":"1 minuto"},"schema":{"@context":"https:\/\/schema.org","@graph":[{"@type":"WebPage","@id":"https:\/\/connectif.ai\/it\/ebooks\/dal-digitale-al-fisico\/","url":"https:\/\/connectif.ai\/it\/ebooks\/dal-digitale-al-fisico\/","name":"Dal digitale al fisico - Connectif Marketing Automation","isPartOf":{"@id":"https:\/\/connectif.ai\/it\/#website"},"datePublished":"2025-12-22T10:32:01+00:00","dateModified":"2026-01-20T10:55:39+00:00","description":"Scopri come unificare i tuoi dati online e offline e creare esperienze d\u2019acquisto fluide e coerenti per ogni cliente.","breadcrumb":{"@id":"https:\/\/connectif.ai\/it\/ebooks\/dal-digitale-al-fisico\/#breadcrumb"},"inLanguage":"it-IT","potentialAction":[{"@type":"ReadAction","target":["https:\/\/connectif.ai\/it\/ebooks\/dal-digitale-al-fisico\/"]}]},{"@type":"BreadcrumbList","@id":"https:\/\/connectif.ai\/it\/ebooks\/dal-digitale-al-fisico\/#breadcrumb","itemListElement":[{"@type":"ListItem","position":1,"name":"Portada","item":"https:\/\/connectif.ai\/"},{"@type":"ListItem","position":2,"name":"eBooks","item":"https:\/\/connectif.ai\/it\/ebooks\/"},{"@type":"ListItem","position":3,"name":"Dal digitale al fisico"}]},{"@type":"WebSite","@id":"https:\/\/connectif.ai\/it\/#website","url":"https:\/\/connectif.ai\/it\/","name":"Connectif Marketing Automation","description":"Marketing Automation Software Connectif te permite crear experiencias de compra hiperpersonalizada a tus clientes de forma r\u00e1pida y visual","publisher":{"@id":"https:\/\/connectif.ai\/it\/#organization"},"potentialAction":[{"@type":"SearchAction","target":{"@type":"EntryPoint","urlTemplate":"https:\/\/connectif.ai\/it\/?s={search_term_string}"},"query-input":{"@type":"PropertyValueSpecification","valueRequired":true,"valueName":"search_term_string"}}],"inLanguage":"it-IT"},{"@type":"Organization","@id":"https:\/\/connectif.ai\/it\/#organization","name":"Connectif Marketing Automation","url":"https:\/\/connectif.ai\/it\/","logo":{"@type":"ImageObject","inLanguage":"it-IT","@id":"https:\/\/connectif.ai\/it\/#\/schema\/logo\/image\/","url":"https:\/\/connectif.ai\/wp-content\/uploads\/2023\/02\/Logo-Connectif-web.svg","contentUrl":"https:\/\/connectif.ai\/wp-content\/uploads\/2023\/02\/Logo-Connectif-web.svg","width":506,"height":46,"caption":"Connectif Marketing Automation"},"image":{"@id":"https:\/\/connectif.ai\/it\/#\/schema\/logo\/image\/"}}]}},"_links":{"self":[{"href":"https:\/\/connectif.ai\/it\/wp-json\/wp\/v2\/pages\/101643","targetHints":{"allow":["GET"]}}],"collection":[{"href":"https:\/\/connectif.ai\/it\/wp-json\/wp\/v2\/pages"}],"about":[{"href":"https:\/\/connectif.ai\/it\/wp-json\/wp\/v2\/types\/page"}],"author":[{"embeddable":true,"href":"https:\/\/connectif.ai\/it\/wp-json\/wp\/v2\/users\/16"}],"replies":[{"embeddable":true,"href":"https:\/\/connectif.ai\/it\/wp-json\/wp\/v2\/comments?post=101643"}],"version-history":[{"count":10,"href":"https:\/\/connectif.ai\/it\/wp-json\/wp\/v2\/pages\/101643\/revisions"}],"predecessor-version":[{"id":101728,"href":"https:\/\/connectif.ai\/it\/wp-json\/wp\/v2\/pages\/101643\/revisions\/101728"}],"up":[{"embeddable":true,"href":"https:\/\/connectif.ai\/it\/wp-json\/wp\/v2\/pages\/96255"}],"wp:attachment":[{"href":"https:\/\/connectif.ai\/it\/wp-json\/wp\/v2\/media?parent=101643"}],"wp:term":[{"taxonomy":"category","embeddable":true,"href":"https:\/\/connectif.ai\/it\/wp-json\/wp\/v2\/categories?post=101643"},{"taxonomy":"post_tag","embeddable":true,"href":"https:\/\/connectif.ai\/it\/wp-json\/wp\/v2\/tags?post=101643"}],"curies":[{"name":"wp","href":"https:\/\/api.w.org\/{rel}","templated":true}]}}