{"id":96427,"date":"2025-07-16T12:57:01","date_gmt":"2025-07-16T11:57:01","guid":{"rendered":"https:\/\/connectif.ai\/?page_id=96427"},"modified":"2025-08-18T11:11:29","modified_gmt":"2025-08-18T10:11:29","slug":"comment-transformer-les-utilisateurs-anonymes-en-clients-fideles","status":"publish","type":"page","link":"https:\/\/connectif.ai\/fr\/ebooks\/comment-transformer-utilisateurs-anonymes-en-clients-fideles\/","title":{"rendered":"Ebook: Comment transformer les utilisateurs anonymes en clients fid\u00e8les"},"content":{"rendered":"\t\t<div data-elementor-type=\"wp-page\" data-elementor-id=\"96427\" class=\"elementor elementor-96427 elementor-96288\" data-elementor-post-type=\"page\">\n\t\t\t\t<div class=\"elementor-element elementor-element-4e7dcd2 e-flex e-con-boxed e-con e-parent\" data-id=\"4e7dcd2\" data-element_type=\"container\" data-e-type=\"container\" data-settings=\"{&quot;_ob_use_container_extras&quot;:&quot;no&quot;,&quot;_ob_column_hoveranimator&quot;:&quot;no&quot;,&quot;_ob_glider_is_slider&quot;:&quot;no&quot;,&quot;_ob_column_has_pseudo&quot;:&quot;no&quot;}\">\n\t\t\t\t\t<div class=\"e-con-inner\">\n\t\t<div class=\"elementor-element elementor-element-09948f1 e-con-full e-flex e-con e-child\" data-id=\"09948f1\" data-element_type=\"container\" data-e-type=\"container\" data-settings=\"{&quot;_ob_use_container_extras&quot;:&quot;no&quot;,&quot;_ob_column_hoveranimator&quot;:&quot;no&quot;,&quot;_ob_glider_is_slider&quot;:&quot;no&quot;,&quot;_ob_column_has_pseudo&quot;:&quot;no&quot;}\">\n\t\t\t\t<div class=\"elementor-element elementor-element-d9f8e09 ob-harakiri-inherit ob-has-background-overlay elementor-widget elementor-widget-heading\" data-id=\"d9f8e09\" data-element_type=\"widget\" data-e-type=\"widget\" data-settings=\"{&quot;_ob_use_harakiri&quot;:&quot;yes&quot;,&quot;_ob_harakiri_writing_mode&quot;:&quot;inherit&quot;,&quot;_ob_harakiri_text_clip&quot;:&quot;none&quot;,&quot;_ob_widget_stalker_use&quot;:&quot;no&quot;,&quot;_ob_poopart_use&quot;:&quot;yes&quot;,&quot;_ob_shadough_use&quot;:&quot;no&quot;,&quot;_ob_allow_hoveranimator&quot;:&quot;no&quot;}\" data-widget_type=\"heading.default\">\n\t\t\t\t<div class=\"elementor-widget-container\">\n\t\t\t\t\t<h2 class=\"elementor-heading-title elementor-size-default\">Comment transformer les utilisateurs anonymes en clients fid\u00e8les<\/h2>\t\t\t\t<\/div>\n\t\t\t\t<\/div>\n\t\t\t\t<div class=\"elementor-element elementor-element-af0e636 ob-harakiri-inherit ob-has-background-overlay elementor-widget elementor-widget-text-editor\" data-id=\"af0e636\" data-element_type=\"widget\" data-e-type=\"widget\" data-settings=\"{&quot;_ob_use_harakiri&quot;:&quot;yes&quot;,&quot;_ob_harakiri_writing_mode&quot;:&quot;inherit&quot;,&quot;_ob_postman_use&quot;:&quot;no&quot;,&quot;_ob_widget_stalker_use&quot;:&quot;no&quot;,&quot;_ob_poopart_use&quot;:&quot;yes&quot;,&quot;_ob_shadough_use&quot;:&quot;no&quot;,&quot;_ob_allow_hoveranimator&quot;:&quot;no&quot;}\" data-widget_type=\"text-editor.default\">\n\t\t\t\t<div class=\"elementor-widget-container\">\n\t\t\t\t\t\t\t\t\t<p><span style=\"font-weight: 400;\">V\u00e9ritable source d\u2019inspiration, cet e-book pr\u00e9sente des cas d\u2019utilisation et d\u00e9crit des strat\u00e9gies de marketing automation adopt\u00e9es par de grandes marques internationales pour s\u00e9duire et capter le trafic anonyme.<\/span><\/p>\t\t\t\t\t\t\t\t<\/div>\n\t\t\t\t<\/div>\n\t\t\t\t<div class=\"elementor-element elementor-element-084028c elementor-align-left c-button c-button-dt__primary ob-has-background-overlay elementor-widget elementor-widget-button\" data-id=\"084028c\" data-element_type=\"widget\" data-e-type=\"widget\" data-settings=\"{&quot;_ob_butterbutton_use_it&quot;:&quot;no&quot;,&quot;_ob_widget_stalker_use&quot;:&quot;no&quot;,&quot;_ob_poopart_use&quot;:&quot;yes&quot;,&quot;_ob_shadough_use&quot;:&quot;no&quot;,&quot;_ob_allow_hoveranimator&quot;:&quot;no&quot;}\" data-widget_type=\"button.default\">\n\t\t\t\t<div class=\"elementor-widget-container\">\n\t\t\t\t\t\t\t\t\t<div class=\"elementor-button-wrapper\">\n\t\t\t\t\t<a class=\"elementor-button elementor-button-link elementor-size-md\" href=\"#download-form\">\n\t\t\t\t\t\t<span class=\"elementor-button-content-wrapper\">\n\t\t\t\t\t\t\t\t\t<span class=\"elementor-button-text\">Obtenir l\u2019e-book<\/span>\n\t\t\t\t\t<\/span>\n\t\t\t\t\t<\/a>\n\t\t\t\t<\/div>\n\t\t\t\t\t\t\t\t<\/div>\n\t\t\t\t<\/div>\n\t\t\t\t<\/div>\n\t\t<div class=\"elementor-element elementor-element-7d21efb e-con-full e-flex e-con e-child\" data-id=\"7d21efb\" data-element_type=\"container\" data-e-type=\"container\" data-settings=\"{&quot;background_background&quot;:&quot;classic&quot;,&quot;_ob_use_container_extras&quot;:&quot;no&quot;,&quot;_ob_column_hoveranimator&quot;:&quot;no&quot;,&quot;_ob_glider_is_slider&quot;:&quot;no&quot;,&quot;_ob_column_has_pseudo&quot;:&quot;no&quot;}\">\n\t\t\t\t<\/div>\n\t\t\t\t\t<\/div>\n\t\t\t\t<\/div>\n\t\t<div class=\"elementor-element elementor-element-d742743 e-grid e-con-boxed e-con e-parent\" data-id=\"d742743\" data-element_type=\"container\" data-e-type=\"container\" id=\"download-form\" data-settings=\"{&quot;_ob_use_container_extras&quot;:&quot;no&quot;,&quot;_ob_column_hoveranimator&quot;:&quot;no&quot;,&quot;_ob_glider_is_slider&quot;:&quot;no&quot;,&quot;_ob_column_has_pseudo&quot;:&quot;no&quot;}\">\n\t\t\t\t\t<div class=\"e-con-inner\">\n\t\t<div class=\"elementor-element elementor-element-c2d7291 e-con-full e-flex e-con e-child\" data-id=\"c2d7291\" data-element_type=\"container\" data-e-type=\"container\" data-settings=\"{&quot;_ob_use_container_extras&quot;:&quot;no&quot;,&quot;_ob_column_hoveranimator&quot;:&quot;no&quot;,&quot;_ob_glider_is_slider&quot;:&quot;no&quot;,&quot;_ob_column_has_pseudo&quot;:&quot;no&quot;}\">\n\t\t<div class=\"elementor-element elementor-element-2f0f38b e-con-full e-flex e-con e-child\" data-id=\"2f0f38b\" data-element_type=\"container\" data-e-type=\"container\" data-settings=\"{&quot;_ob_use_container_extras&quot;:&quot;no&quot;,&quot;_ob_column_hoveranimator&quot;:&quot;no&quot;,&quot;_ob_glider_is_slider&quot;:&quot;no&quot;,&quot;_ob_column_has_pseudo&quot;:&quot;no&quot;}\">\n\t\t\t\t<div class=\"elementor-element elementor-element-f52a641 ob-harakiri-inherit ob-has-background-overlay elementor-widget elementor-widget-heading\" data-id=\"f52a641\" data-element_type=\"widget\" data-e-type=\"widget\" data-settings=\"{&quot;_ob_use_harakiri&quot;:&quot;yes&quot;,&quot;_ob_harakiri_writing_mode&quot;:&quot;inherit&quot;,&quot;_ob_harakiri_text_clip&quot;:&quot;none&quot;,&quot;_ob_widget_stalker_use&quot;:&quot;no&quot;,&quot;_ob_poopart_use&quot;:&quot;yes&quot;,&quot;_ob_shadough_use&quot;:&quot;no&quot;,&quot;_ob_allow_hoveranimator&quot;:&quot;no&quot;}\" data-widget_type=\"heading.default\">\n\t\t\t\t<div class=\"elementor-widget-container\">\n\t\t\t\t\t<h3 class=\"elementor-heading-title elementor-size-default\">D\u00e9couvrez comment :<\/h3>\t\t\t\t<\/div>\n\t\t\t\t<\/div>\n\t\t\t\t<div class=\"elementor-element elementor-element-ce74a42 u-list-square u-list-square__blue ob-harakiri-inherit ob-has-background-overlay elementor-widget elementor-widget-text-editor\" data-id=\"ce74a42\" data-element_type=\"widget\" data-e-type=\"widget\" data-settings=\"{&quot;_ob_use_harakiri&quot;:&quot;yes&quot;,&quot;_ob_harakiri_writing_mode&quot;:&quot;inherit&quot;,&quot;_ob_postman_use&quot;:&quot;no&quot;,&quot;_ob_widget_stalker_use&quot;:&quot;no&quot;,&quot;_ob_poopart_use&quot;:&quot;yes&quot;,&quot;_ob_shadough_use&quot;:&quot;no&quot;,&quot;_ob_allow_hoveranimator&quot;:&quot;no&quot;}\" data-widget_type=\"text-editor.default\">\n\t\t\t\t<div class=\"elementor-widget-container\">\n\t\t\t\t\t\t\t\t\t<ul><li style=\"font-weight: 400;\" aria-level=\"1\"><span style=\"font-weight: 400;\">Inciter le trafic anonyme \u00e0 fournir ses coordonn\u00e9es.<\/span><\/li><li style=\"font-weight: 400;\" aria-level=\"1\"><span style=\"font-weight: 400;\">Proposer aux utilisateurs anonymes de recevoir l\u2019information du contenu de leur panier par e-mail.<\/span><\/li><li style=\"font-weight: 400;\" aria-level=\"1\"><span style=\"font-weight: 400;\">Montrer aux utilisateurs anonymes les produits qu\u2019ils ont abandonn\u00e9s lors de leur derni\u00e8re visite.<\/span><\/li><li style=\"font-weight: 400;\" aria-level=\"1\"><span style=\"font-weight: 400;\">Identifier le meilleur moment pour cr\u00e9er un impact et transformer les utilisateurs anonymes.<\/span><\/li><\/ul><p>\u00a0<\/p><p><span style=\"font-weight: 400;\">\u00a0Pr\u00eat \u00e0 exploiter au maximum le potentiel du trafic anonyme de votre boutique en ligne\u00a0?<\/span><\/p>\t\t\t\t\t\t\t\t<\/div>\n\t\t\t\t<\/div>\n\t\t\t\t<\/div>\n\t\t\t\t<\/div>\n\t\t<div class=\"elementor-element elementor-element-8fb9587 e-con-full e-flex e-con e-child\" data-id=\"8fb9587\" data-element_type=\"container\" data-e-type=\"container\" data-settings=\"{&quot;_ob_use_container_extras&quot;:&quot;no&quot;,&quot;_ob_column_hoveranimator&quot;:&quot;no&quot;,&quot;_ob_glider_is_slider&quot;:&quot;no&quot;,&quot;_ob_column_has_pseudo&quot;:&quot;no&quot;}\">\n\t\t\t\t<div class=\"elementor-element elementor-element-e6ff284 ob-has-background-overlay elementor-widget elementor-widget-html\" data-id=\"e6ff284\" data-element_type=\"widget\" data-e-type=\"widget\" data-settings=\"{&quot;_ob_widget_stalker_use&quot;:&quot;no&quot;,&quot;_ob_poopart_use&quot;:&quot;yes&quot;,&quot;_ob_shadough_use&quot;:&quot;no&quot;,&quot;_ob_allow_hoveranimator&quot;:&quot;no&quot;}\" data-widget_type=\"html.default\">\n\t\t\t\t<div class=\"elementor-widget-container\">\n\t\t\t\t\t<div class=\"cn-placeholder-pageform\"><\/div>\t\t\t\t<\/div>\n\t\t\t\t<\/div>\n\t\t\t\t<\/div>\n\t\t\t\t\t<\/div>\n\t\t\t\t<\/div>\n\t\t\t\t<\/div>\n\t\t","protected":false},"excerpt":{"rendered":"<p>Comment transformer les utilisateurs anonymes en clients fid\u00e8les <\/p>\n","protected":false},"author":12,"featured_media":101155,"parent":96254,"menu_order":0,"comment_status":"closed","ping_status":"closed","template":"","meta":{"_acf_changed":false,"footnotes":""},"categories":[203],"tags":[],"class_list":["post-96427","page","type-page","status-publish","has-post-thumbnail","hentry","category-ebook-fr"],"acf":[],"yoast_head":"<!-- This site is optimized with the Yoast SEO plugin v27.4 - https:\/\/yoast.com\/product\/yoast-seo-wordpress\/ -->\n<title>eBook: Comment transformer les utilisateurs anonymes en clients fid\u00e8les<\/title>\n<meta name=\"description\" content=\"D\u00e9couvrez les strat\u00e9gies de marketing automation ultra performantes lanc\u00e9es par de grandes marques pour s\u00e9duire et capter le trafic anonyme.\" \/>\n<meta name=\"robots\" content=\"noindex, nofollow\" \/>\n<meta property=\"og:locale\" content=\"fr_FR\" \/>\n<meta property=\"og:type\" content=\"article\" \/>\n<meta property=\"og:title\" content=\"eBook: Comment transformer les utilisateurs anonymes en clients fid\u00e8les\" \/>\n<meta property=\"og:description\" content=\"D\u00e9couvrez les strat\u00e9gies de marketing automation ultra performantes lanc\u00e9es par de grandes marques pour s\u00e9duire et capter le trafic anonyme.\" \/>\n<meta property=\"og:url\" content=\"https:\/\/connectif.ai\/fr\/ebooks\/comment-transformer-utilisateurs-anonymes-en-clients-fideles\/\" \/>\n<meta property=\"og:site_name\" content=\"Connectif Marketing Automation\" \/>\n<meta property=\"article:modified_time\" content=\"2025-08-18T10:11:29+00:00\" \/>\n<meta property=\"og:image\" content=\"https:\/\/connectif.ai\/wp-content\/uploads\/2025\/11\/blog-anonimos.png\" \/>\n\t<meta property=\"og:image:width\" content=\"850\" \/>\n\t<meta property=\"og:image:height\" content=\"560\" \/>\n\t<meta property=\"og:image:type\" content=\"image\/png\" \/>\n<meta name=\"twitter:card\" content=\"summary_large_image\" \/>\n<meta name=\"twitter:label1\" content=\"Dur\u00e9e de lecture estim\u00e9e\" \/>\n\t<meta name=\"twitter:data1\" content=\"1 minute\" \/>\n<script type=\"application\/ld+json\" class=\"yoast-schema-graph\">{\"@context\":\"https:\\\/\\\/schema.org\",\"@graph\":[{\"@type\":\"WebPage\",\"@id\":\"https:\\\/\\\/connectif.ai\\\/fr\\\/ebooks\\\/comment-transformer-utilisateurs-anonymes-en-clients-fideles\\\/\",\"url\":\"https:\\\/\\\/connectif.ai\\\/fr\\\/ebooks\\\/comment-transformer-utilisateurs-anonymes-en-clients-fideles\\\/\",\"name\":\"eBook: Comment transformer les utilisateurs anonymes en clients fid\u00e8les\",\"isPartOf\":{\"@id\":\"https:\\\/\\\/connectif.ai\\\/fr\\\/#website\"},\"primaryImageOfPage\":{\"@id\":\"https:\\\/\\\/connectif.ai\\\/fr\\\/ebooks\\\/comment-transformer-utilisateurs-anonymes-en-clients-fideles\\\/#primaryimage\"},\"image\":{\"@id\":\"https:\\\/\\\/connectif.ai\\\/fr\\\/ebooks\\\/comment-transformer-utilisateurs-anonymes-en-clients-fideles\\\/#primaryimage\"},\"thumbnailUrl\":\"https:\\\/\\\/connectif.ai\\\/wp-content\\\/uploads\\\/2025\\\/11\\\/blog-anonimos.png\",\"datePublished\":\"2025-07-16T11:57:01+00:00\",\"dateModified\":\"2025-08-18T10:11:29+00:00\",\"description\":\"D\u00e9couvrez les strat\u00e9gies de marketing automation ultra performantes lanc\u00e9es par de grandes marques pour s\u00e9duire et capter le trafic anonyme.\",\"breadcrumb\":{\"@id\":\"https:\\\/\\\/connectif.ai\\\/fr\\\/ebooks\\\/comment-transformer-utilisateurs-anonymes-en-clients-fideles\\\/#breadcrumb\"},\"inLanguage\":\"fr-FR\",\"potentialAction\":[{\"@type\":\"ReadAction\",\"target\":[\"https:\\\/\\\/connectif.ai\\\/fr\\\/ebooks\\\/comment-transformer-utilisateurs-anonymes-en-clients-fideles\\\/\"]}]},{\"@type\":\"ImageObject\",\"inLanguage\":\"fr-FR\",\"@id\":\"https:\\\/\\\/connectif.ai\\\/fr\\\/ebooks\\\/comment-transformer-utilisateurs-anonymes-en-clients-fideles\\\/#primaryimage\",\"url\":\"https:\\\/\\\/connectif.ai\\\/wp-content\\\/uploads\\\/2025\\\/11\\\/blog-anonimos.png\",\"contentUrl\":\"https:\\\/\\\/connectif.ai\\\/wp-content\\\/uploads\\\/2025\\\/11\\\/blog-anonimos.png\",\"width\":850,\"height\":560},{\"@type\":\"BreadcrumbList\",\"@id\":\"https:\\\/\\\/connectif.ai\\\/fr\\\/ebooks\\\/comment-transformer-utilisateurs-anonymes-en-clients-fideles\\\/#breadcrumb\",\"itemListElement\":[{\"@type\":\"ListItem\",\"position\":1,\"name\":\"Portada\",\"item\":\"https:\\\/\\\/connectif.ai\\\/\"},{\"@type\":\"ListItem\",\"position\":2,\"name\":\"eBooks\",\"item\":\"https:\\\/\\\/connectif.ai\\\/fr\\\/ebooks\\\/\"},{\"@type\":\"ListItem\",\"position\":3,\"name\":\"Ebook: Comment transformer les utilisateurs anonymes en clients fid\u00e8les\"}]},{\"@type\":\"WebSite\",\"@id\":\"https:\\\/\\\/connectif.ai\\\/fr\\\/#website\",\"url\":\"https:\\\/\\\/connectif.ai\\\/fr\\\/\",\"name\":\"Connectif Marketing Automation\",\"description\":\"Marketing Automation Software Connectif te permite crear experiencias de compra hiperpersonalizada a tus clientes de forma r\u00e1pida y visual\",\"publisher\":{\"@id\":\"https:\\\/\\\/connectif.ai\\\/fr\\\/#organization\"},\"potentialAction\":[{\"@type\":\"SearchAction\",\"target\":{\"@type\":\"EntryPoint\",\"urlTemplate\":\"https:\\\/\\\/connectif.ai\\\/fr\\\/?s={search_term_string}\"},\"query-input\":{\"@type\":\"PropertyValueSpecification\",\"valueRequired\":true,\"valueName\":\"search_term_string\"}}],\"inLanguage\":\"fr-FR\"},{\"@type\":\"Organization\",\"@id\":\"https:\\\/\\\/connectif.ai\\\/fr\\\/#organization\",\"name\":\"Connectif Marketing Automation\",\"url\":\"https:\\\/\\\/connectif.ai\\\/fr\\\/\",\"logo\":{\"@type\":\"ImageObject\",\"inLanguage\":\"fr-FR\",\"@id\":\"https:\\\/\\\/connectif.ai\\\/fr\\\/#\\\/schema\\\/logo\\\/image\\\/\",\"url\":\"https:\\\/\\\/connectif.ai\\\/wp-content\\\/uploads\\\/2023\\\/02\\\/Logo-Connectif-web.svg\",\"contentUrl\":\"https:\\\/\\\/connectif.ai\\\/wp-content\\\/uploads\\\/2023\\\/02\\\/Logo-Connectif-web.svg\",\"width\":506,\"height\":46,\"caption\":\"Connectif Marketing Automation\"},\"image\":{\"@id\":\"https:\\\/\\\/connectif.ai\\\/fr\\\/#\\\/schema\\\/logo\\\/image\\\/\"}}]}<\/script>\n<!-- \/ Yoast SEO plugin. -->","yoast_head_json":{"title":"eBook: Comment transformer les utilisateurs anonymes en clients fid\u00e8les","description":"D\u00e9couvrez les strat\u00e9gies de marketing automation ultra performantes lanc\u00e9es par de grandes marques pour s\u00e9duire et capter le trafic anonyme.","robots":{"index":"noindex","follow":"nofollow"},"og_locale":"fr_FR","og_type":"article","og_title":"eBook: Comment transformer les utilisateurs anonymes en clients fid\u00e8les","og_description":"D\u00e9couvrez les strat\u00e9gies de marketing automation ultra performantes lanc\u00e9es par de grandes marques pour s\u00e9duire et capter le trafic anonyme.","og_url":"https:\/\/connectif.ai\/fr\/ebooks\/comment-transformer-utilisateurs-anonymes-en-clients-fideles\/","og_site_name":"Connectif Marketing Automation","article_modified_time":"2025-08-18T10:11:29+00:00","og_image":[{"width":850,"height":560,"url":"https:\/\/connectif.ai\/wp-content\/uploads\/2025\/11\/blog-anonimos.png","type":"image\/png"}],"twitter_card":"summary_large_image","twitter_misc":{"Dur\u00e9e de lecture estim\u00e9e":"1 minute"},"schema":{"@context":"https:\/\/schema.org","@graph":[{"@type":"WebPage","@id":"https:\/\/connectif.ai\/fr\/ebooks\/comment-transformer-utilisateurs-anonymes-en-clients-fideles\/","url":"https:\/\/connectif.ai\/fr\/ebooks\/comment-transformer-utilisateurs-anonymes-en-clients-fideles\/","name":"eBook: Comment transformer les utilisateurs anonymes en clients fid\u00e8les","isPartOf":{"@id":"https:\/\/connectif.ai\/fr\/#website"},"primaryImageOfPage":{"@id":"https:\/\/connectif.ai\/fr\/ebooks\/comment-transformer-utilisateurs-anonymes-en-clients-fideles\/#primaryimage"},"image":{"@id":"https:\/\/connectif.ai\/fr\/ebooks\/comment-transformer-utilisateurs-anonymes-en-clients-fideles\/#primaryimage"},"thumbnailUrl":"https:\/\/connectif.ai\/wp-content\/uploads\/2025\/11\/blog-anonimos.png","datePublished":"2025-07-16T11:57:01+00:00","dateModified":"2025-08-18T10:11:29+00:00","description":"D\u00e9couvrez les strat\u00e9gies de marketing automation ultra performantes lanc\u00e9es par de grandes marques pour s\u00e9duire et capter le trafic anonyme.","breadcrumb":{"@id":"https:\/\/connectif.ai\/fr\/ebooks\/comment-transformer-utilisateurs-anonymes-en-clients-fideles\/#breadcrumb"},"inLanguage":"fr-FR","potentialAction":[{"@type":"ReadAction","target":["https:\/\/connectif.ai\/fr\/ebooks\/comment-transformer-utilisateurs-anonymes-en-clients-fideles\/"]}]},{"@type":"ImageObject","inLanguage":"fr-FR","@id":"https:\/\/connectif.ai\/fr\/ebooks\/comment-transformer-utilisateurs-anonymes-en-clients-fideles\/#primaryimage","url":"https:\/\/connectif.ai\/wp-content\/uploads\/2025\/11\/blog-anonimos.png","contentUrl":"https:\/\/connectif.ai\/wp-content\/uploads\/2025\/11\/blog-anonimos.png","width":850,"height":560},{"@type":"BreadcrumbList","@id":"https:\/\/connectif.ai\/fr\/ebooks\/comment-transformer-utilisateurs-anonymes-en-clients-fideles\/#breadcrumb","itemListElement":[{"@type":"ListItem","position":1,"name":"Portada","item":"https:\/\/connectif.ai\/"},{"@type":"ListItem","position":2,"name":"eBooks","item":"https:\/\/connectif.ai\/fr\/ebooks\/"},{"@type":"ListItem","position":3,"name":"Ebook: Comment transformer les utilisateurs anonymes en clients fid\u00e8les"}]},{"@type":"WebSite","@id":"https:\/\/connectif.ai\/fr\/#website","url":"https:\/\/connectif.ai\/fr\/","name":"Connectif Marketing Automation","description":"Marketing Automation Software Connectif te permite crear experiencias de compra hiperpersonalizada a tus clientes de forma r\u00e1pida y visual","publisher":{"@id":"https:\/\/connectif.ai\/fr\/#organization"},"potentialAction":[{"@type":"SearchAction","target":{"@type":"EntryPoint","urlTemplate":"https:\/\/connectif.ai\/fr\/?s={search_term_string}"},"query-input":{"@type":"PropertyValueSpecification","valueRequired":true,"valueName":"search_term_string"}}],"inLanguage":"fr-FR"},{"@type":"Organization","@id":"https:\/\/connectif.ai\/fr\/#organization","name":"Connectif Marketing Automation","url":"https:\/\/connectif.ai\/fr\/","logo":{"@type":"ImageObject","inLanguage":"fr-FR","@id":"https:\/\/connectif.ai\/fr\/#\/schema\/logo\/image\/","url":"https:\/\/connectif.ai\/wp-content\/uploads\/2023\/02\/Logo-Connectif-web.svg","contentUrl":"https:\/\/connectif.ai\/wp-content\/uploads\/2023\/02\/Logo-Connectif-web.svg","width":506,"height":46,"caption":"Connectif Marketing Automation"},"image":{"@id":"https:\/\/connectif.ai\/fr\/#\/schema\/logo\/image\/"}}]}},"_links":{"self":[{"href":"https:\/\/connectif.ai\/fr\/wp-json\/wp\/v2\/pages\/96427","targetHints":{"allow":["GET"]}}],"collection":[{"href":"https:\/\/connectif.ai\/fr\/wp-json\/wp\/v2\/pages"}],"about":[{"href":"https:\/\/connectif.ai\/fr\/wp-json\/wp\/v2\/types\/page"}],"author":[{"embeddable":true,"href":"https:\/\/connectif.ai\/fr\/wp-json\/wp\/v2\/users\/12"}],"replies":[{"embeddable":true,"href":"https:\/\/connectif.ai\/fr\/wp-json\/wp\/v2\/comments?post=96427"}],"version-history":[{"count":0,"href":"https:\/\/connectif.ai\/fr\/wp-json\/wp\/v2\/pages\/96427\/revisions"}],"up":[{"embeddable":true,"href":"https:\/\/connectif.ai\/fr\/wp-json\/wp\/v2\/pages\/96254"}],"wp:featuredmedia":[{"embeddable":true,"href":"https:\/\/connectif.ai\/fr\/wp-json\/wp\/v2\/media\/101155"}],"wp:attachment":[{"href":"https:\/\/connectif.ai\/fr\/wp-json\/wp\/v2\/media?parent=96427"}],"wp:term":[{"taxonomy":"category","embeddable":true,"href":"https:\/\/connectif.ai\/fr\/wp-json\/wp\/v2\/categories?post=96427"},{"taxonomy":"post_tag","embeddable":true,"href":"https:\/\/connectif.ai\/fr\/wp-json\/wp\/v2\/tags?post=96427"}],"curies":[{"name":"wp","href":"https:\/\/api.w.org\/{rel}","templated":true}]}}