{"id":92663,"date":"2025-01-14T17:08:04","date_gmt":"2025-01-14T16:08:04","guid":{"rendered":"https:\/\/connectif.ai\/?page_id=92663"},"modified":"2025-08-06T15:28:21","modified_gmt":"2025-08-06T14:28:21","slug":"e-commerce-et-luxe-innovation-et-exclusivite-en-ligne","status":"publish","type":"page","link":"https:\/\/connectif.ai\/fr\/ebooks\/strategies-ecommerce-luxe\/","title":{"rendered":"E-commerce et luxe\u00a0: innovation et exclusivit\u00e9 en ligne"},"content":{"rendered":"\t\t<div data-elementor-type=\"wp-page\" data-elementor-id=\"92663\" class=\"elementor elementor-92663 elementor-92001\" data-elementor-post-type=\"page\">\n\t\t\t\t<div class=\"elementor-element elementor-element-4e7dcd2 e-flex e-con-boxed e-con e-parent\" data-id=\"4e7dcd2\" data-element_type=\"container\" data-e-type=\"container\" data-settings=\"{&quot;_ob_use_container_extras&quot;:&quot;no&quot;,&quot;_ob_column_hoveranimator&quot;:&quot;no&quot;,&quot;_ob_glider_is_slider&quot;:&quot;no&quot;,&quot;_ob_column_has_pseudo&quot;:&quot;no&quot;}\">\n\t\t\t\t\t<div class=\"e-con-inner\">\n\t\t<div class=\"elementor-element elementor-element-09948f1 e-con-full e-flex e-con e-child\" data-id=\"09948f1\" data-element_type=\"container\" data-e-type=\"container\" data-settings=\"{&quot;_ob_use_container_extras&quot;:&quot;no&quot;,&quot;_ob_column_hoveranimator&quot;:&quot;no&quot;,&quot;_ob_glider_is_slider&quot;:&quot;no&quot;,&quot;_ob_column_has_pseudo&quot;:&quot;no&quot;}\">\n\t\t\t\t<div class=\"elementor-element elementor-element-d9f8e09 ob-harakiri-inherit ob-has-background-overlay elementor-widget elementor-widget-heading\" data-id=\"d9f8e09\" data-element_type=\"widget\" data-e-type=\"widget\" data-settings=\"{&quot;_ob_use_harakiri&quot;:&quot;yes&quot;,&quot;_ob_harakiri_writing_mode&quot;:&quot;inherit&quot;,&quot;_ob_harakiri_text_clip&quot;:&quot;none&quot;,&quot;_ob_widget_stalker_use&quot;:&quot;no&quot;,&quot;_ob_poopart_use&quot;:&quot;yes&quot;,&quot;_ob_shadough_use&quot;:&quot;no&quot;,&quot;_ob_allow_hoveranimator&quot;:&quot;no&quot;}\" data-widget_type=\"heading.default\">\n\t\t\t\t<div class=\"elementor-widget-container\">\n\t\t\t\t\t<h2 class=\"elementor-heading-title elementor-size-default\">E-commerce et luxe\u00a0: innovation et exclusivit\u00e9 en ligne<\/h2>\t\t\t\t<\/div>\n\t\t\t\t<\/div>\n\t\t\t\t<div class=\"elementor-element elementor-element-af0e636 ob-harakiri-inherit ob-has-background-overlay elementor-widget elementor-widget-text-editor\" data-id=\"af0e636\" data-element_type=\"widget\" data-e-type=\"widget\" data-settings=\"{&quot;_ob_use_harakiri&quot;:&quot;yes&quot;,&quot;_ob_harakiri_writing_mode&quot;:&quot;inherit&quot;,&quot;_ob_postman_use&quot;:&quot;no&quot;,&quot;_ob_widget_stalker_use&quot;:&quot;no&quot;,&quot;_ob_poopart_use&quot;:&quot;yes&quot;,&quot;_ob_shadough_use&quot;:&quot;no&quot;,&quot;_ob_allow_hoveranimator&quot;:&quot;no&quot;}\" data-widget_type=\"text-editor.default\">\n\t\t\t\t<div class=\"elementor-widget-container\">\n\t\t\t\t\t\t\t\t\t<span style=\"font-weight: 400;\">T\u00e9l\u00e9chargez gratuitement notre eBook et d\u00e9couvrez 8 strat\u00e9gies d&rsquo;automatisation du marketing pour promouvoir des produits premium aupr\u00e8s d&rsquo;audiences mondiales.\nPlus de 3 000 entreprises nous font confiance. Et vous ? Boostez votre e-commerce avec Connectif !<\/span>\t\t\t\t\t\t\t\t<\/div>\n\t\t\t\t<\/div>\n\t\t\t\t<div class=\"elementor-element elementor-element-084028c elementor-align-left c-button c-button-dt__primary ob-has-background-overlay elementor-widget elementor-widget-button\" data-id=\"084028c\" data-element_type=\"widget\" data-e-type=\"widget\" data-settings=\"{&quot;_ob_butterbutton_use_it&quot;:&quot;no&quot;,&quot;_ob_widget_stalker_use&quot;:&quot;no&quot;,&quot;_ob_poopart_use&quot;:&quot;yes&quot;,&quot;_ob_shadough_use&quot;:&quot;no&quot;,&quot;_ob_allow_hoveranimator&quot;:&quot;no&quot;}\" data-widget_type=\"button.default\">\n\t\t\t\t<div class=\"elementor-widget-container\">\n\t\t\t\t\t\t\t\t\t<div class=\"elementor-button-wrapper\">\n\t\t\t\t\t<a class=\"elementor-button elementor-button-link elementor-size-md\" href=\"#download-form\">\n\t\t\t\t\t\t<span class=\"elementor-button-content-wrapper\">\n\t\t\t\t\t\t\t\t\t<span class=\"elementor-button-text\">T\u00e9l\u00e9chargez maintenant<\/span>\n\t\t\t\t\t<\/span>\n\t\t\t\t\t<\/a>\n\t\t\t\t<\/div>\n\t\t\t\t\t\t\t\t<\/div>\n\t\t\t\t<\/div>\n\t\t\t\t<\/div>\n\t\t<div class=\"elementor-element elementor-element-7d21efb e-con-full e-flex e-con e-child\" data-id=\"7d21efb\" data-element_type=\"container\" data-e-type=\"container\" data-settings=\"{&quot;background_background&quot;:&quot;classic&quot;,&quot;_ob_use_container_extras&quot;:&quot;no&quot;,&quot;_ob_column_hoveranimator&quot;:&quot;no&quot;,&quot;_ob_glider_is_slider&quot;:&quot;no&quot;,&quot;_ob_column_has_pseudo&quot;:&quot;no&quot;}\">\n\t\t\t\t<\/div>\n\t\t\t\t\t<\/div>\n\t\t\t\t<\/div>\n\t\t<div class=\"elementor-element elementor-element-d742743 e-grid e-con-boxed e-con e-parent\" data-id=\"d742743\" data-element_type=\"container\" data-e-type=\"container\" id=\"download-form\" data-settings=\"{&quot;_ob_use_container_extras&quot;:&quot;no&quot;,&quot;_ob_column_hoveranimator&quot;:&quot;no&quot;,&quot;_ob_glider_is_slider&quot;:&quot;no&quot;,&quot;_ob_column_has_pseudo&quot;:&quot;no&quot;}\">\n\t\t\t\t\t<div class=\"e-con-inner\">\n\t\t<div class=\"elementor-element elementor-element-c2d7291 e-con-full e-flex e-con e-child\" data-id=\"c2d7291\" data-element_type=\"container\" data-e-type=\"container\" data-settings=\"{&quot;_ob_use_container_extras&quot;:&quot;no&quot;,&quot;_ob_column_hoveranimator&quot;:&quot;no&quot;,&quot;_ob_glider_is_slider&quot;:&quot;no&quot;,&quot;_ob_column_has_pseudo&quot;:&quot;no&quot;}\">\n\t\t<div class=\"elementor-element elementor-element-2f0f38b e-con-full e-flex e-con e-child\" data-id=\"2f0f38b\" data-element_type=\"container\" data-e-type=\"container\" data-settings=\"{&quot;_ob_use_container_extras&quot;:&quot;no&quot;,&quot;_ob_column_hoveranimator&quot;:&quot;no&quot;,&quot;_ob_glider_is_slider&quot;:&quot;no&quot;,&quot;_ob_column_has_pseudo&quot;:&quot;no&quot;}\">\n\t\t\t\t<div class=\"elementor-element elementor-element-f52a641 ob-harakiri-inherit ob-has-background-overlay elementor-widget elementor-widget-heading\" data-id=\"f52a641\" data-element_type=\"widget\" data-e-type=\"widget\" data-settings=\"{&quot;_ob_use_harakiri&quot;:&quot;yes&quot;,&quot;_ob_harakiri_writing_mode&quot;:&quot;inherit&quot;,&quot;_ob_harakiri_text_clip&quot;:&quot;none&quot;,&quot;_ob_widget_stalker_use&quot;:&quot;no&quot;,&quot;_ob_poopart_use&quot;:&quot;yes&quot;,&quot;_ob_shadough_use&quot;:&quot;no&quot;,&quot;_ob_allow_hoveranimator&quot;:&quot;no&quot;}\" data-widget_type=\"heading.default\">\n\t\t\t\t<div class=\"elementor-widget-container\">\n\t\t\t\t\t<h3 class=\"elementor-heading-title elementor-size-default\">Que d\u00e9couvrirez-vous dans l\u2019eBook ?<\/h3>\t\t\t\t<\/div>\n\t\t\t\t<\/div>\n\t\t\t\t<div class=\"elementor-element elementor-element-ce74a42 u-list-square u-list-square__blue ob-harakiri-inherit ob-has-background-overlay elementor-widget elementor-widget-text-editor\" data-id=\"ce74a42\" data-element_type=\"widget\" data-e-type=\"widget\" data-settings=\"{&quot;_ob_use_harakiri&quot;:&quot;yes&quot;,&quot;_ob_harakiri_writing_mode&quot;:&quot;inherit&quot;,&quot;_ob_postman_use&quot;:&quot;no&quot;,&quot;_ob_widget_stalker_use&quot;:&quot;no&quot;,&quot;_ob_poopart_use&quot;:&quot;yes&quot;,&quot;_ob_shadough_use&quot;:&quot;no&quot;,&quot;_ob_allow_hoveranimator&quot;:&quot;no&quot;}\" data-widget_type=\"text-editor.default\">\n\t\t\t\t<div class=\"elementor-widget-container\">\n\t\t\t\t\t\t\t\t\t<ul>\n \t<li style=\"text-align: left;\">8 strat\u00e9gies concr\u00e8tes mises en place par des marques du secteur du luxe pour transformer le parcours client sur leurs boutiques en ligne.<\/li>\n \t<li style=\"text-align: left;\"><span style=\"font-weight: 400;\"> Des cas d\u2019utilisation qui r\u00e9solvent les probl\u00e8mes les plus fr\u00e9quents des entreprises d\u2019e-commerce.<\/span><\/li>\n \t<li style=\"font-weight: 400;\" aria-level=\"1\"><span style=\"font-weight: 400;\">Des workflows strat\u00e9giques utilis\u00e9s pour maximiser les ventes. <\/span><\/li>\n<\/ul>\t\t\t\t\t\t\t\t<\/div>\n\t\t\t\t<\/div>\n\t\t\t\t<\/div>\n\t\t\t\t<\/div>\n\t\t<div class=\"elementor-element elementor-element-8fb9587 e-con-full e-flex e-con e-child\" data-id=\"8fb9587\" data-element_type=\"container\" data-e-type=\"container\" data-settings=\"{&quot;_ob_use_container_extras&quot;:&quot;no&quot;,&quot;_ob_column_hoveranimator&quot;:&quot;no&quot;,&quot;_ob_glider_is_slider&quot;:&quot;no&quot;,&quot;_ob_column_has_pseudo&quot;:&quot;no&quot;}\">\n\t\t\t\t<div class=\"elementor-element elementor-element-e6ff284 ob-has-background-overlay elementor-widget elementor-widget-html\" data-id=\"e6ff284\" data-element_type=\"widget\" data-e-type=\"widget\" data-settings=\"{&quot;_ob_widget_stalker_use&quot;:&quot;no&quot;,&quot;_ob_poopart_use&quot;:&quot;yes&quot;,&quot;_ob_shadough_use&quot;:&quot;no&quot;,&quot;_ob_allow_hoveranimator&quot;:&quot;no&quot;}\" data-widget_type=\"html.default\">\n\t\t\t\t<div class=\"elementor-widget-container\">\n\t\t\t\t\t<div class=\"cn-placeholder-pageform\"><\/div>\t\t\t\t<\/div>\n\t\t\t\t<\/div>\n\t\t\t\t<\/div>\n\t\t\t\t\t<\/div>\n\t\t\t\t<\/div>\n\t\t\t\t<\/div>\n\t\t","protected":false},"excerpt":{"rendered":"<p>8 strat\u00e9gies d\u2019automatisation marketing pour dynamiser les marques de luxe<\/p>\n","protected":false},"author":16,"featured_media":97355,"parent":96254,"menu_order":0,"comment_status":"closed","ping_status":"closed","template":"","meta":{"_acf_changed":false,"footnotes":""},"categories":[203],"tags":[],"class_list":["post-92663","page","type-page","status-publish","has-post-thumbnail","hentry","category-ebook-fr"],"acf":[],"yoast_head":"<!-- This site is optimized with the Yoast SEO plugin v27.2 - https:\/\/yoast.com\/product\/yoast-seo-wordpress\/ -->\n<title>E-commerce et luxe\u00a0: innovation et exclusivit\u00e9 en ligne - Connectif Marketing Automation<\/title>\n<meta name=\"description\" content=\"Vous avez un eCommerce dans le secteur du luxe et vous souhaitez augmenter vos ventes ? T\u00e9l\u00e9chargez d\u00e8s maintenant notre eBook et mettez en \u0153uvre les meilleures strat\u00e9gies.\" \/>\n<meta name=\"robots\" content=\"noindex, nofollow\" \/>\n<meta property=\"og:locale\" content=\"fr_FR\" \/>\n<meta property=\"og:type\" content=\"article\" \/>\n<meta property=\"og:title\" content=\"E-commerce et luxe\u00a0: innovation et exclusivit\u00e9 en ligne\" \/>\n<meta property=\"og:description\" content=\"Vous avez un eCommerce dans le secteur du luxe et vous souhaitez augmenter vos ventes ? T\u00e9l\u00e9chargez d\u00e8s maintenant notre eBook et mettez en \u0153uvre les meilleures strat\u00e9gies.\" \/>\n<meta property=\"og:url\" content=\"https:\/\/connectif.ai\/fr\/ebooks\/strategies-ecommerce-luxe\/\" \/>\n<meta property=\"og:site_name\" content=\"Connectif Marketing Automation\" \/>\n<meta property=\"article:modified_time\" content=\"2025-08-06T14:28:21+00:00\" \/>\n<meta property=\"og:image\" content=\"https:\/\/connectif.ai\/wp-content\/uploads\/2025\/01\/Imagen-landing.png\" \/>\n\t<meta property=\"og:image:width\" content=\"800\" \/>\n\t<meta property=\"og:image:height\" content=\"800\" \/>\n\t<meta property=\"og:image:type\" content=\"image\/png\" \/>\n<meta name=\"twitter:card\" content=\"summary_large_image\" \/>\n<meta name=\"twitter:label1\" content=\"Dur\u00e9e de lecture estim\u00e9e\" \/>\n\t<meta name=\"twitter:data1\" content=\"1 minute\" \/>\n<script type=\"application\/ld+json\" class=\"yoast-schema-graph\">{\"@context\":\"https:\/\/schema.org\",\"@graph\":[{\"@type\":\"WebPage\",\"@id\":\"https:\/\/connectif.ai\/fr\/ebooks\/strategies-ecommerce-luxe\/\",\"url\":\"https:\/\/connectif.ai\/fr\/ebooks\/strategies-ecommerce-luxe\/\",\"name\":\"E-commerce et luxe\u00a0: innovation et exclusivit\u00e9 en ligne - Connectif Marketing Automation\",\"isPartOf\":{\"@id\":\"https:\/\/connectif.ai\/fr\/#website\"},\"primaryImageOfPage\":{\"@id\":\"https:\/\/connectif.ai\/fr\/ebooks\/strategies-ecommerce-luxe\/#primaryimage\"},\"image\":{\"@id\":\"https:\/\/connectif.ai\/fr\/ebooks\/strategies-ecommerce-luxe\/#primaryimage\"},\"thumbnailUrl\":\"https:\/\/connectif.ai\/wp-content\/uploads\/2025\/08\/Ebook_Connectif_8-estrategias-de-marketing-automation-para-impulsar-marcas-de-lujo.png\",\"datePublished\":\"2025-01-14T16:08:04+00:00\",\"dateModified\":\"2025-08-06T14:28:21+00:00\",\"description\":\"Vous avez un eCommerce dans le secteur du luxe et vous souhaitez augmenter vos ventes ? T\u00e9l\u00e9chargez d\u00e8s maintenant notre eBook et mettez en \u0153uvre les meilleures strat\u00e9gies.\",\"breadcrumb\":{\"@id\":\"https:\/\/connectif.ai\/fr\/ebooks\/strategies-ecommerce-luxe\/#breadcrumb\"},\"inLanguage\":\"fr-FR\",\"potentialAction\":[{\"@type\":\"ReadAction\",\"target\":[\"https:\/\/connectif.ai\/fr\/ebooks\/strategies-ecommerce-luxe\/\"]}]},{\"@type\":\"ImageObject\",\"inLanguage\":\"fr-FR\",\"@id\":\"https:\/\/connectif.ai\/fr\/ebooks\/strategies-ecommerce-luxe\/#primaryimage\",\"url\":\"https:\/\/connectif.ai\/wp-content\/uploads\/2025\/08\/Ebook_Connectif_8-estrategias-de-marketing-automation-para-impulsar-marcas-de-lujo.png\",\"contentUrl\":\"https:\/\/connectif.ai\/wp-content\/uploads\/2025\/08\/Ebook_Connectif_8-estrategias-de-marketing-automation-para-impulsar-marcas-de-lujo.png\",\"width\":850,\"height\":560},{\"@type\":\"BreadcrumbList\",\"@id\":\"https:\/\/connectif.ai\/fr\/ebooks\/strategies-ecommerce-luxe\/#breadcrumb\",\"itemListElement\":[{\"@type\":\"ListItem\",\"position\":1,\"name\":\"Portada\",\"item\":\"https:\/\/connectif.ai\/\"},{\"@type\":\"ListItem\",\"position\":2,\"name\":\"eBooks\",\"item\":\"https:\/\/connectif.ai\/fr\/ebooks\/\"},{\"@type\":\"ListItem\",\"position\":3,\"name\":\"E-commerce et luxe\u00a0: innovation et exclusivit\u00e9 en ligne\"}]},{\"@type\":\"WebSite\",\"@id\":\"https:\/\/connectif.ai\/fr\/#website\",\"url\":\"https:\/\/connectif.ai\/fr\/\",\"name\":\"Connectif Marketing Automation\",\"description\":\"Marketing Automation Software Connectif te permite crear experiencias de compra hiperpersonalizada a tus clientes de forma r\u00e1pida y visual\",\"publisher\":{\"@id\":\"https:\/\/connectif.ai\/fr\/#organization\"},\"potentialAction\":[{\"@type\":\"SearchAction\",\"target\":{\"@type\":\"EntryPoint\",\"urlTemplate\":\"https:\/\/connectif.ai\/fr\/?s={search_term_string}\"},\"query-input\":{\"@type\":\"PropertyValueSpecification\",\"valueRequired\":true,\"valueName\":\"search_term_string\"}}],\"inLanguage\":\"fr-FR\"},{\"@type\":\"Organization\",\"@id\":\"https:\/\/connectif.ai\/fr\/#organization\",\"name\":\"Connectif Marketing Automation\",\"url\":\"https:\/\/connectif.ai\/fr\/\",\"logo\":{\"@type\":\"ImageObject\",\"inLanguage\":\"fr-FR\",\"@id\":\"https:\/\/connectif.ai\/fr\/#\/schema\/logo\/image\/\",\"url\":\"https:\/\/connectif.ai\/wp-content\/uploads\/2023\/02\/Logo-Connectif-web.svg\",\"contentUrl\":\"https:\/\/connectif.ai\/wp-content\/uploads\/2023\/02\/Logo-Connectif-web.svg\",\"width\":506,\"height\":46,\"caption\":\"Connectif Marketing Automation\"},\"image\":{\"@id\":\"https:\/\/connectif.ai\/fr\/#\/schema\/logo\/image\/\"}}]}<\/script>\n<!-- \/ Yoast SEO plugin. -->","yoast_head_json":{"title":"E-commerce et luxe\u00a0: innovation et exclusivit\u00e9 en ligne - Connectif Marketing Automation","description":"Vous avez un eCommerce dans le secteur du luxe et vous souhaitez augmenter vos ventes ? T\u00e9l\u00e9chargez d\u00e8s maintenant notre eBook et mettez en \u0153uvre les meilleures strat\u00e9gies.","robots":{"index":"noindex","follow":"nofollow"},"og_locale":"fr_FR","og_type":"article","og_title":"E-commerce et luxe\u00a0: innovation et exclusivit\u00e9 en ligne","og_description":"Vous avez un eCommerce dans le secteur du luxe et vous souhaitez augmenter vos ventes ? T\u00e9l\u00e9chargez d\u00e8s maintenant notre eBook et mettez en \u0153uvre les meilleures strat\u00e9gies.","og_url":"https:\/\/connectif.ai\/fr\/ebooks\/strategies-ecommerce-luxe\/","og_site_name":"Connectif Marketing Automation","article_modified_time":"2025-08-06T14:28:21+00:00","og_image":[{"width":800,"height":800,"url":"https:\/\/connectif.ai\/wp-content\/uploads\/2025\/01\/Imagen-landing.png","type":"image\/png"}],"twitter_card":"summary_large_image","twitter_misc":{"Dur\u00e9e de lecture estim\u00e9e":"1 minute"},"schema":{"@context":"https:\/\/schema.org","@graph":[{"@type":"WebPage","@id":"https:\/\/connectif.ai\/fr\/ebooks\/strategies-ecommerce-luxe\/","url":"https:\/\/connectif.ai\/fr\/ebooks\/strategies-ecommerce-luxe\/","name":"E-commerce et luxe\u00a0: innovation et exclusivit\u00e9 en ligne - Connectif Marketing Automation","isPartOf":{"@id":"https:\/\/connectif.ai\/fr\/#website"},"primaryImageOfPage":{"@id":"https:\/\/connectif.ai\/fr\/ebooks\/strategies-ecommerce-luxe\/#primaryimage"},"image":{"@id":"https:\/\/connectif.ai\/fr\/ebooks\/strategies-ecommerce-luxe\/#primaryimage"},"thumbnailUrl":"https:\/\/connectif.ai\/wp-content\/uploads\/2025\/08\/Ebook_Connectif_8-estrategias-de-marketing-automation-para-impulsar-marcas-de-lujo.png","datePublished":"2025-01-14T16:08:04+00:00","dateModified":"2025-08-06T14:28:21+00:00","description":"Vous avez un eCommerce dans le secteur du luxe et vous souhaitez augmenter vos ventes ? T\u00e9l\u00e9chargez d\u00e8s maintenant notre eBook et mettez en \u0153uvre les meilleures strat\u00e9gies.","breadcrumb":{"@id":"https:\/\/connectif.ai\/fr\/ebooks\/strategies-ecommerce-luxe\/#breadcrumb"},"inLanguage":"fr-FR","potentialAction":[{"@type":"ReadAction","target":["https:\/\/connectif.ai\/fr\/ebooks\/strategies-ecommerce-luxe\/"]}]},{"@type":"ImageObject","inLanguage":"fr-FR","@id":"https:\/\/connectif.ai\/fr\/ebooks\/strategies-ecommerce-luxe\/#primaryimage","url":"https:\/\/connectif.ai\/wp-content\/uploads\/2025\/08\/Ebook_Connectif_8-estrategias-de-marketing-automation-para-impulsar-marcas-de-lujo.png","contentUrl":"https:\/\/connectif.ai\/wp-content\/uploads\/2025\/08\/Ebook_Connectif_8-estrategias-de-marketing-automation-para-impulsar-marcas-de-lujo.png","width":850,"height":560},{"@type":"BreadcrumbList","@id":"https:\/\/connectif.ai\/fr\/ebooks\/strategies-ecommerce-luxe\/#breadcrumb","itemListElement":[{"@type":"ListItem","position":1,"name":"Portada","item":"https:\/\/connectif.ai\/"},{"@type":"ListItem","position":2,"name":"eBooks","item":"https:\/\/connectif.ai\/fr\/ebooks\/"},{"@type":"ListItem","position":3,"name":"E-commerce et luxe\u00a0: innovation et exclusivit\u00e9 en ligne"}]},{"@type":"WebSite","@id":"https:\/\/connectif.ai\/fr\/#website","url":"https:\/\/connectif.ai\/fr\/","name":"Connectif Marketing Automation","description":"Marketing Automation Software Connectif te permite crear experiencias de compra hiperpersonalizada a tus clientes de forma r\u00e1pida y visual","publisher":{"@id":"https:\/\/connectif.ai\/fr\/#organization"},"potentialAction":[{"@type":"SearchAction","target":{"@type":"EntryPoint","urlTemplate":"https:\/\/connectif.ai\/fr\/?s={search_term_string}"},"query-input":{"@type":"PropertyValueSpecification","valueRequired":true,"valueName":"search_term_string"}}],"inLanguage":"fr-FR"},{"@type":"Organization","@id":"https:\/\/connectif.ai\/fr\/#organization","name":"Connectif Marketing Automation","url":"https:\/\/connectif.ai\/fr\/","logo":{"@type":"ImageObject","inLanguage":"fr-FR","@id":"https:\/\/connectif.ai\/fr\/#\/schema\/logo\/image\/","url":"https:\/\/connectif.ai\/wp-content\/uploads\/2023\/02\/Logo-Connectif-web.svg","contentUrl":"https:\/\/connectif.ai\/wp-content\/uploads\/2023\/02\/Logo-Connectif-web.svg","width":506,"height":46,"caption":"Connectif Marketing Automation"},"image":{"@id":"https:\/\/connectif.ai\/fr\/#\/schema\/logo\/image\/"}}]}},"_links":{"self":[{"href":"https:\/\/connectif.ai\/fr\/wp-json\/wp\/v2\/pages\/92663","targetHints":{"allow":["GET"]}}],"collection":[{"href":"https:\/\/connectif.ai\/fr\/wp-json\/wp\/v2\/pages"}],"about":[{"href":"https:\/\/connectif.ai\/fr\/wp-json\/wp\/v2\/types\/page"}],"author":[{"embeddable":true,"href":"https:\/\/connectif.ai\/fr\/wp-json\/wp\/v2\/users\/16"}],"replies":[{"embeddable":true,"href":"https:\/\/connectif.ai\/fr\/wp-json\/wp\/v2\/comments?post=92663"}],"version-history":[{"count":0,"href":"https:\/\/connectif.ai\/fr\/wp-json\/wp\/v2\/pages\/92663\/revisions"}],"up":[{"embeddable":true,"href":"https:\/\/connectif.ai\/fr\/wp-json\/wp\/v2\/pages\/96254"}],"wp:featuredmedia":[{"embeddable":true,"href":"https:\/\/connectif.ai\/fr\/wp-json\/wp\/v2\/media\/97355"}],"wp:attachment":[{"href":"https:\/\/connectif.ai\/fr\/wp-json\/wp\/v2\/media?parent=92663"}],"wp:term":[{"taxonomy":"category","embeddable":true,"href":"https:\/\/connectif.ai\/fr\/wp-json\/wp\/v2\/categories?post=92663"},{"taxonomy":"post_tag","embeddable":true,"href":"https:\/\/connectif.ai\/fr\/wp-json\/wp\/v2\/tags?post=92663"}],"curies":[{"name":"wp","href":"https:\/\/api.w.org\/{rel}","templated":true}]}}