{"id":85454,"date":"2024-05-14T16:42:03","date_gmt":"2024-05-14T15:42:03","guid":{"rendered":"https:\/\/connectif.ai\/?page_id=85454"},"modified":"2024-05-14T16:48:38","modified_gmt":"2024-05-14T15:48:38","slug":"conditions-generales","status":"publish","type":"page","link":"https:\/\/connectif.ai\/fr\/conditions-generales-connectif-doofinder-profileo\/","title":{"rendered":"Conditions g\u00e9n\u00e9rales de Connectif, Doofinder et Profileo"},"content":{"rendered":"\t\t<div data-elementor-type=\"wp-page\" data-elementor-id=\"85454\" class=\"elementor elementor-85454\" data-elementor-post-type=\"page\">\n\t\t\t\t<div class=\"elementor-element elementor-element-cca8fc5 e-flex e-con-boxed e-con e-parent\" data-id=\"cca8fc5\" data-element_type=\"container\" data-e-type=\"container\" data-settings=\"{&quot;_ob_use_container_extras&quot;:&quot;no&quot;,&quot;_ob_column_hoveranimator&quot;:&quot;no&quot;,&quot;_ob_glider_is_slider&quot;:&quot;no&quot;,&quot;_ob_column_has_pseudo&quot;:&quot;no&quot;}\">\n\t\t\t\t\t<div class=\"e-con-inner\">\n\t\t\t\t<div class=\"elementor-element elementor-element-4259bd7 ob-harakiri-inherit ob-has-background-overlay elementor-widget elementor-widget-heading\" data-id=\"4259bd7\" data-element_type=\"widget\" data-e-type=\"widget\" data-settings=\"{&quot;_ob_use_harakiri&quot;:&quot;yes&quot;,&quot;_ob_harakiri_writing_mode&quot;:&quot;inherit&quot;,&quot;_ob_harakiri_text_clip&quot;:&quot;none&quot;,&quot;_ob_widget_stalker_use&quot;:&quot;no&quot;,&quot;_ob_poopart_use&quot;:&quot;yes&quot;,&quot;_ob_shadough_use&quot;:&quot;no&quot;,&quot;_ob_allow_hoveranimator&quot;:&quot;no&quot;}\" data-widget_type=\"heading.default\">\n\t\t\t\t<div class=\"elementor-widget-container\">\n\t\t\t\t\t<h2 class=\"elementor-heading-title elementor-size-default\">Conditions g\u00e9n\u00e9rales de confidentialit\u00e9 de Connectif, Doofinder et Profileo<\/h2>\t\t\t\t<\/div>\n\t\t\t\t<\/div>\n\t\t\t\t\t<\/div>\n\t\t\t\t<\/div>\n\t\t<div class=\"elementor-element elementor-element-3898b45 e-flex e-con-boxed e-con e-parent\" data-id=\"3898b45\" data-element_type=\"container\" data-e-type=\"container\" data-settings=\"{&quot;_ob_use_container_extras&quot;:&quot;no&quot;,&quot;_ob_column_hoveranimator&quot;:&quot;no&quot;,&quot;_ob_glider_is_slider&quot;:&quot;no&quot;,&quot;_ob_column_has_pseudo&quot;:&quot;no&quot;}\">\n\t\t\t\t\t<div class=\"e-con-inner\">\n\t\t\t\t<div class=\"elementor-element elementor-element-30a41e1 ob-harakiri-inherit ob-has-background-overlay elementor-widget elementor-widget-text-editor\" data-id=\"30a41e1\" data-element_type=\"widget\" data-e-type=\"widget\" data-settings=\"{&quot;_ob_use_harakiri&quot;:&quot;yes&quot;,&quot;_ob_harakiri_writing_mode&quot;:&quot;inherit&quot;,&quot;_ob_postman_use&quot;:&quot;no&quot;,&quot;_ob_widget_stalker_use&quot;:&quot;no&quot;,&quot;_ob_poopart_use&quot;:&quot;yes&quot;,&quot;_ob_shadough_use&quot;:&quot;no&quot;,&quot;_ob_allow_hoveranimator&quot;:&quot;no&quot;}\" data-widget_type=\"text-editor.default\">\n\t\t\t\t<div class=\"elementor-widget-container\">\n\t\t\t\t\t\t\t\t\t<p>J\u00b4ai lu et j\u00b4accepte les conditions g\u00e9n\u00e9rales de:<\/p><ul><li><a href=\"https:\/\/connectif.ai\/fr\/politique-de-confidentialite\/\">Connectif<\/a><\/li><li><a href=\"https:\/\/www.doofinder.com\/fr\/privacy-policy\">Doofinder<\/a><\/li><li><a href=\"https:\/\/www.profileo.com\/fr\/content\/52-conditions-generales-de-vente\">Profileo<\/a><\/li><\/ul>\t\t\t\t\t\t\t\t<\/div>\n\t\t\t\t<\/div>\n\t\t\t\t\t<\/div>\n\t\t\t\t<\/div>\n\t\t\t\t<\/div>\n\t\t","protected":false},"excerpt":{"rendered":"<p>Conditions g\u00e9n\u00e9rales de confidentialit\u00e9 de Connectif, Doofinder et Profileo<\/p>\n","protected":false},"author":3,"featured_media":0,"parent":0,"menu_order":0,"comment_status":"closed","ping_status":"closed","template":"","meta":{"_acf_changed":false,"footnotes":""},"categories":[],"tags":[],"class_list":["post-85454","page","type-page","status-publish","hentry"],"acf":[],"yoast_head":"<!-- This site is optimized with the Yoast SEO plugin v27.5 - https:\/\/yoast.com\/product\/yoast-seo-wordpress\/ -->\n<title>Conditions g\u00e9n\u00e9rales de Connectif, Doofinder et Profileo - Connectif Marketing Automation<\/title>\n<meta name=\"description\" content=\"Conditions g\u00e9n\u00e9rales de Connectif, Doofinder et Profileo\" \/>\n<meta name=\"robots\" content=\"index, follow, max-snippet:-1, max-image-preview:large, max-video-preview:-1\" \/>\n<link rel=\"canonical\" href=\"https:\/\/connectif.ai\/fr\/conditions-generales-connectif-doofinder-profileo\/\" \/>\n<meta property=\"og:locale\" content=\"fr_FR\" \/>\n<meta property=\"og:type\" content=\"article\" \/>\n<meta property=\"og:title\" content=\"Conditions g\u00e9n\u00e9rales de Connectif, Doofinder et Profileo - Connectif Marketing Automation\" \/>\n<meta property=\"og:description\" content=\"Conditions g\u00e9n\u00e9rales de Connectif, Doofinder et Profileo\" \/>\n<meta property=\"og:url\" content=\"https:\/\/connectif.ai\/fr\/conditions-generales-connectif-doofinder-profileo\/\" \/>\n<meta property=\"og:site_name\" content=\"Connectif Marketing Automation\" \/>\n<meta property=\"article:modified_time\" content=\"2024-05-14T15:48:38+00:00\" \/>\n<meta name=\"twitter:card\" content=\"summary_large_image\" \/>\n<meta name=\"twitter:label1\" content=\"Dur\u00e9e de lecture estim\u00e9e\" \/>\n\t<meta name=\"twitter:data1\" content=\"1 minute\" \/>\n<script type=\"application\/ld+json\" class=\"yoast-schema-graph\">{\"@context\":\"https:\\\/\\\/schema.org\",\"@graph\":[{\"@type\":\"WebPage\",\"@id\":\"https:\\\/\\\/connectif.ai\\\/fr\\\/conditions-generales-connectif-doofinder-profileo\\\/\",\"url\":\"https:\\\/\\\/connectif.ai\\\/fr\\\/conditions-generales-connectif-doofinder-profileo\\\/\",\"name\":\"Conditions g\u00e9n\u00e9rales de Connectif, Doofinder et Profileo - Connectif Marketing Automation\",\"isPartOf\":{\"@id\":\"https:\\\/\\\/connectif.ai\\\/fr\\\/#website\"},\"datePublished\":\"2024-05-14T15:42:03+00:00\",\"dateModified\":\"2024-05-14T15:48:38+00:00\",\"description\":\"Conditions g\u00e9n\u00e9rales de Connectif, Doofinder et Profileo\",\"breadcrumb\":{\"@id\":\"https:\\\/\\\/connectif.ai\\\/fr\\\/conditions-generales-connectif-doofinder-profileo\\\/#breadcrumb\"},\"inLanguage\":\"fr-FR\",\"potentialAction\":[{\"@type\":\"ReadAction\",\"target\":[\"https:\\\/\\\/connectif.ai\\\/fr\\\/conditions-generales-connectif-doofinder-profileo\\\/\"]}]},{\"@type\":\"BreadcrumbList\",\"@id\":\"https:\\\/\\\/connectif.ai\\\/fr\\\/conditions-generales-connectif-doofinder-profileo\\\/#breadcrumb\",\"itemListElement\":[{\"@type\":\"ListItem\",\"position\":1,\"name\":\"Portada\",\"item\":\"https:\\\/\\\/connectif.ai\\\/\"},{\"@type\":\"ListItem\",\"position\":2,\"name\":\"Conditions g\u00e9n\u00e9rales de Connectif, Doofinder et Profileo\"}]},{\"@type\":\"WebSite\",\"@id\":\"https:\\\/\\\/connectif.ai\\\/fr\\\/#website\",\"url\":\"https:\\\/\\\/connectif.ai\\\/fr\\\/\",\"name\":\"Connectif Marketing Automation\",\"description\":\"Marketing Automation Software Connectif te permite crear experiencias de compra hiperpersonalizada a tus clientes de forma r\u00e1pida y visual\",\"publisher\":{\"@id\":\"https:\\\/\\\/connectif.ai\\\/fr\\\/#organization\"},\"potentialAction\":[{\"@type\":\"SearchAction\",\"target\":{\"@type\":\"EntryPoint\",\"urlTemplate\":\"https:\\\/\\\/connectif.ai\\\/fr\\\/?s={search_term_string}\"},\"query-input\":{\"@type\":\"PropertyValueSpecification\",\"valueRequired\":true,\"valueName\":\"search_term_string\"}}],\"inLanguage\":\"fr-FR\"},{\"@type\":\"Organization\",\"@id\":\"https:\\\/\\\/connectif.ai\\\/fr\\\/#organization\",\"name\":\"Connectif Marketing Automation\",\"url\":\"https:\\\/\\\/connectif.ai\\\/fr\\\/\",\"logo\":{\"@type\":\"ImageObject\",\"inLanguage\":\"fr-FR\",\"@id\":\"https:\\\/\\\/connectif.ai\\\/fr\\\/#\\\/schema\\\/logo\\\/image\\\/\",\"url\":\"https:\\\/\\\/connectif.ai\\\/wp-content\\\/uploads\\\/2023\\\/02\\\/Logo-Connectif-web.svg\",\"contentUrl\":\"https:\\\/\\\/connectif.ai\\\/wp-content\\\/uploads\\\/2023\\\/02\\\/Logo-Connectif-web.svg\",\"width\":506,\"height\":46,\"caption\":\"Connectif Marketing Automation\"},\"image\":{\"@id\":\"https:\\\/\\\/connectif.ai\\\/fr\\\/#\\\/schema\\\/logo\\\/image\\\/\"}}]}<\/script>\n<!-- \/ Yoast SEO plugin. -->","yoast_head_json":{"title":"Conditions g\u00e9n\u00e9rales de Connectif, Doofinder et Profileo - Connectif Marketing Automation","description":"Conditions g\u00e9n\u00e9rales de Connectif, Doofinder et Profileo","robots":{"index":"index","follow":"follow","max-snippet":"max-snippet:-1","max-image-preview":"max-image-preview:large","max-video-preview":"max-video-preview:-1"},"canonical":"https:\/\/connectif.ai\/fr\/conditions-generales-connectif-doofinder-profileo\/","og_locale":"fr_FR","og_type":"article","og_title":"Conditions g\u00e9n\u00e9rales de Connectif, Doofinder et Profileo - Connectif Marketing Automation","og_description":"Conditions g\u00e9n\u00e9rales de Connectif, Doofinder et Profileo","og_url":"https:\/\/connectif.ai\/fr\/conditions-generales-connectif-doofinder-profileo\/","og_site_name":"Connectif Marketing Automation","article_modified_time":"2024-05-14T15:48:38+00:00","twitter_card":"summary_large_image","twitter_misc":{"Dur\u00e9e de lecture estim\u00e9e":"1 minute"},"schema":{"@context":"https:\/\/schema.org","@graph":[{"@type":"WebPage","@id":"https:\/\/connectif.ai\/fr\/conditions-generales-connectif-doofinder-profileo\/","url":"https:\/\/connectif.ai\/fr\/conditions-generales-connectif-doofinder-profileo\/","name":"Conditions g\u00e9n\u00e9rales de Connectif, Doofinder et Profileo - Connectif Marketing Automation","isPartOf":{"@id":"https:\/\/connectif.ai\/fr\/#website"},"datePublished":"2024-05-14T15:42:03+00:00","dateModified":"2024-05-14T15:48:38+00:00","description":"Conditions g\u00e9n\u00e9rales de Connectif, Doofinder et Profileo","breadcrumb":{"@id":"https:\/\/connectif.ai\/fr\/conditions-generales-connectif-doofinder-profileo\/#breadcrumb"},"inLanguage":"fr-FR","potentialAction":[{"@type":"ReadAction","target":["https:\/\/connectif.ai\/fr\/conditions-generales-connectif-doofinder-profileo\/"]}]},{"@type":"BreadcrumbList","@id":"https:\/\/connectif.ai\/fr\/conditions-generales-connectif-doofinder-profileo\/#breadcrumb","itemListElement":[{"@type":"ListItem","position":1,"name":"Portada","item":"https:\/\/connectif.ai\/"},{"@type":"ListItem","position":2,"name":"Conditions g\u00e9n\u00e9rales de Connectif, Doofinder et Profileo"}]},{"@type":"WebSite","@id":"https:\/\/connectif.ai\/fr\/#website","url":"https:\/\/connectif.ai\/fr\/","name":"Connectif Marketing Automation","description":"Marketing Automation Software Connectif te permite crear experiencias de compra hiperpersonalizada a tus clientes de forma r\u00e1pida y visual","publisher":{"@id":"https:\/\/connectif.ai\/fr\/#organization"},"potentialAction":[{"@type":"SearchAction","target":{"@type":"EntryPoint","urlTemplate":"https:\/\/connectif.ai\/fr\/?s={search_term_string}"},"query-input":{"@type":"PropertyValueSpecification","valueRequired":true,"valueName":"search_term_string"}}],"inLanguage":"fr-FR"},{"@type":"Organization","@id":"https:\/\/connectif.ai\/fr\/#organization","name":"Connectif Marketing Automation","url":"https:\/\/connectif.ai\/fr\/","logo":{"@type":"ImageObject","inLanguage":"fr-FR","@id":"https:\/\/connectif.ai\/fr\/#\/schema\/logo\/image\/","url":"https:\/\/connectif.ai\/wp-content\/uploads\/2023\/02\/Logo-Connectif-web.svg","contentUrl":"https:\/\/connectif.ai\/wp-content\/uploads\/2023\/02\/Logo-Connectif-web.svg","width":506,"height":46,"caption":"Connectif Marketing Automation"},"image":{"@id":"https:\/\/connectif.ai\/fr\/#\/schema\/logo\/image\/"}}]}},"_links":{"self":[{"href":"https:\/\/connectif.ai\/fr\/wp-json\/wp\/v2\/pages\/85454","targetHints":{"allow":["GET"]}}],"collection":[{"href":"https:\/\/connectif.ai\/fr\/wp-json\/wp\/v2\/pages"}],"about":[{"href":"https:\/\/connectif.ai\/fr\/wp-json\/wp\/v2\/types\/page"}],"author":[{"embeddable":true,"href":"https:\/\/connectif.ai\/fr\/wp-json\/wp\/v2\/users\/3"}],"replies":[{"embeddable":true,"href":"https:\/\/connectif.ai\/fr\/wp-json\/wp\/v2\/comments?post=85454"}],"version-history":[{"count":0,"href":"https:\/\/connectif.ai\/fr\/wp-json\/wp\/v2\/pages\/85454\/revisions"}],"wp:attachment":[{"href":"https:\/\/connectif.ai\/fr\/wp-json\/wp\/v2\/media?parent=85454"}],"wp:term":[{"taxonomy":"category","embeddable":true,"href":"https:\/\/connectif.ai\/fr\/wp-json\/wp\/v2\/categories?post=85454"},{"taxonomy":"post_tag","embeddable":true,"href":"https:\/\/connectif.ai\/fr\/wp-json\/wp\/v2\/tags?post=85454"}],"curies":[{"name":"wp","href":"https:\/\/api.w.org\/{rel}","templated":true}]}}