{"id":78899,"date":"2023-10-23T12:45:40","date_gmt":"2023-10-23T11:45:40","guid":{"rendered":"https:\/\/connectif.ai\/?page_id=78899"},"modified":"2025-08-06T15:45:27","modified_gmt":"2025-08-06T14:45:27","slug":"la-check-list-essentielle-pour-le-black-friday-et-pour-apres","status":"publish","type":"page","link":"https:\/\/connectif.ai\/fr\/ebooks\/la-checklist-essentielle-pour-le-black-friday\/","title":{"rendered":"La check-list essentielle pour le Black Friday (et pour apr\u00e8s !)"},"content":{"rendered":"\t\t<div data-elementor-type=\"wp-page\" data-elementor-id=\"78899\" class=\"elementor elementor-78899 elementor-78870\" data-elementor-post-type=\"page\">\n\t\t\t\t<div class=\"elementor-element elementor-element-4e7dcd2 e-flex e-con-boxed e-con e-parent\" data-id=\"4e7dcd2\" data-element_type=\"container\" data-e-type=\"container\" data-settings=\"{&quot;_ob_use_container_extras&quot;:&quot;no&quot;,&quot;_ob_column_hoveranimator&quot;:&quot;no&quot;,&quot;_ob_glider_is_slider&quot;:&quot;no&quot;,&quot;_ob_column_has_pseudo&quot;:&quot;no&quot;}\">\n\t\t\t\t\t<div class=\"e-con-inner\">\n\t\t<div class=\"elementor-element elementor-element-09948f1 e-con-full e-flex e-con e-parent\" data-id=\"09948f1\" data-element_type=\"container\" data-e-type=\"container\" data-settings=\"{&quot;_ob_use_container_extras&quot;:&quot;no&quot;,&quot;_ob_column_hoveranimator&quot;:&quot;no&quot;,&quot;_ob_glider_is_slider&quot;:&quot;no&quot;,&quot;_ob_column_has_pseudo&quot;:&quot;no&quot;}\">\n\t\t\t\t<div class=\"elementor-element elementor-element-d9f8e09 ob-harakiri-inherit ob-has-background-overlay elementor-widget elementor-widget-heading\" data-id=\"d9f8e09\" data-element_type=\"widget\" data-e-type=\"widget\" data-settings=\"{&quot;_ob_use_harakiri&quot;:&quot;yes&quot;,&quot;_ob_harakiri_writing_mode&quot;:&quot;inherit&quot;,&quot;_ob_harakiri_text_clip&quot;:&quot;none&quot;,&quot;_ob_widget_stalker_use&quot;:&quot;no&quot;,&quot;_ob_poopart_use&quot;:&quot;yes&quot;,&quot;_ob_shadough_use&quot;:&quot;no&quot;,&quot;_ob_allow_hoveranimator&quot;:&quot;no&quot;}\" data-widget_type=\"heading.default\">\n\t\t\t\t<div class=\"elementor-widget-container\">\n\t\t\t\t\t<h2 class=\"elementor-heading-title elementor-size-default\">La check-list essentielle<br>pour le Black Friday<\/h2>\t\t\t\t<\/div>\n\t\t\t\t<\/div>\n\t\t\t\t<div class=\"elementor-element elementor-element-c3b8470 ob-harakiri-inherit ob-has-background-overlay elementor-widget elementor-widget-text-editor\" data-id=\"c3b8470\" data-element_type=\"widget\" data-e-type=\"widget\" data-settings=\"{&quot;_ob_use_harakiri&quot;:&quot;yes&quot;,&quot;_ob_harakiri_writing_mode&quot;:&quot;inherit&quot;,&quot;_ob_postman_use&quot;:&quot;no&quot;,&quot;_ob_widget_stalker_use&quot;:&quot;no&quot;,&quot;_ob_poopart_use&quot;:&quot;yes&quot;,&quot;_ob_shadough_use&quot;:&quot;no&quot;,&quot;_ob_allow_hoveranimator&quot;:&quot;no&quot;}\" data-widget_type=\"text-editor.default\">\n\t\t\t\t<div class=\"elementor-widget-container\">\n\t\t\t\t\t\t\t\t\t<p><strong>Votre e-commerce est-il pr\u00eat ?<\/strong><\/p>\t\t\t\t\t\t\t\t<\/div>\n\t\t\t\t<\/div>\n\t\t\t\t<div class=\"elementor-element elementor-element-af0e636 ob-harakiri-inherit ob-has-background-overlay elementor-widget elementor-widget-text-editor\" data-id=\"af0e636\" data-element_type=\"widget\" data-e-type=\"widget\" data-settings=\"{&quot;_ob_use_harakiri&quot;:&quot;yes&quot;,&quot;_ob_harakiri_writing_mode&quot;:&quot;inherit&quot;,&quot;_ob_postman_use&quot;:&quot;no&quot;,&quot;_ob_widget_stalker_use&quot;:&quot;no&quot;,&quot;_ob_poopart_use&quot;:&quot;yes&quot;,&quot;_ob_shadough_use&quot;:&quot;no&quot;,&quot;_ob_allow_hoveranimator&quot;:&quot;no&quot;}\" data-widget_type=\"text-editor.default\">\n\t\t\t\t<div class=\"elementor-widget-container\">\n\t\t\t\t\t\t\t\t\t<p><span style=\"font-weight: 400;\">Pendant une p\u00e9riode de rabais, les clients d\u00e9tiennent le pouvoir ultime de d\u00e9cider quoi, comment et o\u00f9 acheter. Cela signifie que votre e-commerce doit mettre les bouch\u00e9es doubles pour attirer du trafic et faire que chaque visite d\u00e9bouche sur une vente. Connectif vous aide \u00e0 y parvenir avec cette liste de contr\u00f4le essentielle pour les sp\u00e9cialistes du marketing.<\/span><\/p>\t\t\t\t\t\t\t\t<\/div>\n\t\t\t\t<\/div>\n\t\t\t\t<div class=\"elementor-element elementor-element-084028c elementor-align-left c-button c-button-dt__primary ob-has-background-overlay elementor-widget elementor-widget-button\" data-id=\"084028c\" data-element_type=\"widget\" data-e-type=\"widget\" data-settings=\"{&quot;_ob_butterbutton_use_it&quot;:&quot;no&quot;,&quot;_ob_widget_stalker_use&quot;:&quot;no&quot;,&quot;_ob_poopart_use&quot;:&quot;yes&quot;,&quot;_ob_shadough_use&quot;:&quot;no&quot;,&quot;_ob_allow_hoveranimator&quot;:&quot;no&quot;}\" data-widget_type=\"button.default\">\n\t\t\t\t<div class=\"elementor-widget-container\">\n\t\t\t\t\t\t\t\t\t<div class=\"elementor-button-wrapper\">\n\t\t\t\t\t<a class=\"elementor-button elementor-button-link elementor-size-md\" href=\"#download-form\">\n\t\t\t\t\t\t<span class=\"elementor-button-content-wrapper\">\n\t\t\t\t\t\t\t\t\t<span class=\"elementor-button-text\">T\u00e9l\u00e9chargez maintenant<\/span>\n\t\t\t\t\t<\/span>\n\t\t\t\t\t<\/a>\n\t\t\t\t<\/div>\n\t\t\t\t\t\t\t\t<\/div>\n\t\t\t\t<\/div>\n\t\t\t\t<\/div>\n\t\t<div class=\"elementor-element elementor-element-7d21efb e-con-full e-flex e-con e-parent\" data-id=\"7d21efb\" data-element_type=\"container\" data-e-type=\"container\" data-settings=\"{&quot;background_background&quot;:&quot;classic&quot;,&quot;_ob_use_container_extras&quot;:&quot;no&quot;,&quot;_ob_column_hoveranimator&quot;:&quot;no&quot;,&quot;_ob_glider_is_slider&quot;:&quot;no&quot;,&quot;_ob_column_has_pseudo&quot;:&quot;no&quot;}\">\n\t\t\t\t<\/div>\n\t\t\t\t\t<\/div>\n\t\t\t\t<\/div>\n\t\t<div class=\"elementor-element elementor-element-d742743 e-grid e-con-boxed e-con e-parent\" data-id=\"d742743\" data-element_type=\"container\" data-e-type=\"container\" id=\"download-form\" data-settings=\"{&quot;_ob_use_container_extras&quot;:&quot;no&quot;,&quot;_ob_column_hoveranimator&quot;:&quot;no&quot;,&quot;_ob_glider_is_slider&quot;:&quot;no&quot;,&quot;_ob_column_has_pseudo&quot;:&quot;no&quot;}\">\n\t\t\t\t\t<div class=\"e-con-inner\">\n\t\t<div class=\"elementor-element elementor-element-c2d7291 e-con-full e-flex e-con e-parent\" data-id=\"c2d7291\" data-element_type=\"container\" data-e-type=\"container\" data-settings=\"{&quot;_ob_use_container_extras&quot;:&quot;no&quot;,&quot;_ob_column_hoveranimator&quot;:&quot;no&quot;,&quot;_ob_glider_is_slider&quot;:&quot;no&quot;,&quot;_ob_column_has_pseudo&quot;:&quot;no&quot;}\">\n\t\t<div class=\"elementor-element elementor-element-2f0f38b e-con-full e-flex e-con e-parent\" data-id=\"2f0f38b\" data-element_type=\"container\" data-e-type=\"container\" data-settings=\"{&quot;_ob_use_container_extras&quot;:&quot;no&quot;,&quot;_ob_column_hoveranimator&quot;:&quot;no&quot;,&quot;_ob_glider_is_slider&quot;:&quot;no&quot;,&quot;_ob_column_has_pseudo&quot;:&quot;no&quot;}\">\n\t\t\t\t<div class=\"elementor-element elementor-element-f52a641 ob-harakiri-inherit ob-has-background-overlay elementor-widget elementor-widget-heading\" data-id=\"f52a641\" data-element_type=\"widget\" data-e-type=\"widget\" data-settings=\"{&quot;_ob_use_harakiri&quot;:&quot;yes&quot;,&quot;_ob_harakiri_writing_mode&quot;:&quot;inherit&quot;,&quot;_ob_harakiri_text_clip&quot;:&quot;none&quot;,&quot;_ob_widget_stalker_use&quot;:&quot;no&quot;,&quot;_ob_poopart_use&quot;:&quot;yes&quot;,&quot;_ob_shadough_use&quot;:&quot;no&quot;,&quot;_ob_allow_hoveranimator&quot;:&quot;no&quot;}\" data-widget_type=\"heading.default\">\n\t\t\t\t<div class=\"elementor-widget-container\">\n\t\t\t\t\t<h3 class=\"elementor-heading-title elementor-size-default\">De quoi est compos\u00e9e <br>la check-list ? \n<\/h3>\t\t\t\t<\/div>\n\t\t\t\t<\/div>\n\t\t\t\t<div class=\"elementor-element elementor-element-ce74a42 u-list-square u-list-square__blue ob-harakiri-inherit ob-has-background-overlay elementor-widget elementor-widget-text-editor\" data-id=\"ce74a42\" data-element_type=\"widget\" data-e-type=\"widget\" data-settings=\"{&quot;_ob_use_harakiri&quot;:&quot;yes&quot;,&quot;_ob_harakiri_writing_mode&quot;:&quot;inherit&quot;,&quot;_ob_postman_use&quot;:&quot;no&quot;,&quot;_ob_widget_stalker_use&quot;:&quot;no&quot;,&quot;_ob_poopart_use&quot;:&quot;yes&quot;,&quot;_ob_shadough_use&quot;:&quot;no&quot;,&quot;_ob_allow_hoveranimator&quot;:&quot;no&quot;}\" data-widget_type=\"text-editor.default\">\n\t\t\t\t<div class=\"elementor-widget-container\">\n\t\t\t\t\t\t\t\t\t<p><span style=\"font-weight: 400;\">Notre check-list couvre 6 domaines pour exploiter au mieux votre trafic, avant, pendant et apr\u00e8s le Black Friday :<br \/><br \/><\/span><\/p>\n<ul>\n<li style=\"text-align: left;\">Suivre l\u2019empreinte num\u00e9rique de vos utilisateurs<\/li>\n<li style=\"text-align: left;\">Convertir des utilisateurs anonymes en utilisateurs connus<\/li>\n<li style=\"text-align: left;\">Garantir la pr\u00e9sence omnicanale de votre e-commerce<\/li>\n<li style=\"text-align: left;\">Convertir un utilisateur connu en un acheteur<\/li>\n<li style=\"text-align: left;\">Augmenter la conversion et la valeur du ticket moyen<\/li>\n<li style=\"text-align: left;\">\n<p>Retenir et r\u00e9activer des utilisateurs en situation de risque<\/p>\n<p>\u00a0<\/p>\n<\/li>\n<\/ul>\n<p><strong>T\u00e9l\u00e9chargez maintentant votre check-list gratuite!<\/strong><\/p>\t\t\t\t\t\t\t\t<\/div>\n\t\t\t\t<\/div>\n\t\t\t\t<\/div>\n\t\t\t\t<\/div>\n\t\t\t\t<div class=\"elementor-element elementor-element-24f2b99 ob-has-background-overlay elementor-widget elementor-widget-html\" data-id=\"24f2b99\" data-element_type=\"widget\" data-e-type=\"widget\" data-settings=\"{&quot;_ob_widget_stalker_use&quot;:&quot;no&quot;,&quot;_ob_poopart_use&quot;:&quot;yes&quot;,&quot;_ob_shadough_use&quot;:&quot;no&quot;,&quot;_ob_allow_hoveranimator&quot;:&quot;no&quot;}\" data-widget_type=\"html.default\">\n\t\t\t\t<div class=\"elementor-widget-container\">\n\t\t\t\t\t<div class=\"cn-placeholder-pageform\"><\/div>\t\t\t\t<\/div>\n\t\t\t\t<\/div>\n\t\t\t\t\t<\/div>\n\t\t\t\t<\/div>\n\t\t\t\t<\/div>\n\t\t","protected":false},"excerpt":{"rendered":"<p>La check-list essentielle pour le Black Friday (et pour apr\u00e8s !)<\/p>\n","protected":false},"author":3,"featured_media":97379,"parent":96254,"menu_order":0,"comment_status":"closed","ping_status":"closed","template":"","meta":{"_acf_changed":false,"footnotes":""},"categories":[203],"tags":[],"class_list":["post-78899","page","type-page","status-publish","has-post-thumbnail","hentry","category-ebook-fr"],"acf":[],"yoast_head":"<!-- This site is optimized with the Yoast SEO plugin v27.3 - https:\/\/yoast.com\/product\/yoast-seo-wordpress\/ -->\n<title>La check-list essentielle pour le Black Friday (et pour apr\u00e8s !) - Connectif Marketing Automation<\/title>\n<meta name=\"description\" content=\"\u00cates-vous pr\u00eat \u00e0 vendre davantage ce Black Friday ? T\u00e9l\u00e9chargez la check-list essentielle pour mettre en \u0153uvre les meilleaires strat\u00e9gies.\" \/>\n<meta name=\"robots\" content=\"noindex, nofollow\" \/>\n<meta property=\"og:locale\" content=\"fr_FR\" \/>\n<meta property=\"og:type\" content=\"article\" \/>\n<meta property=\"og:title\" content=\"La check-list essentielle pour le Black Friday (et pour apr\u00e8s !)\" \/>\n<meta property=\"og:description\" content=\"\u00cates-vous pr\u00eat \u00e0 vendre davantage ce Black Friday ? T\u00e9l\u00e9chargez la check-list essentielle pour mettre en \u0153uvre les meilleaires strat\u00e9gies.\" \/>\n<meta property=\"og:url\" content=\"https:\/\/connectif.ai\/fr\/ebooks\/la-checklist-essentielle-pour-le-black-friday\/\" \/>\n<meta property=\"og:site_name\" content=\"Connectif Marketing Automation\" \/>\n<meta property=\"article:modified_time\" content=\"2025-08-06T14:45:27+00:00\" \/>\n<meta property=\"og:image\" content=\"https:\/\/connectif.ai\/wp-content\/uploads\/2023\/10\/1200x628-1024x534.png\" \/>\n\t<meta property=\"og:image:width\" content=\"1024\" \/>\n\t<meta property=\"og:image:height\" content=\"534\" \/>\n\t<meta property=\"og:image:type\" content=\"image\/png\" \/>\n<meta name=\"twitter:card\" content=\"summary_large_image\" \/>\n<meta name=\"twitter:label1\" content=\"Dur\u00e9e de lecture estim\u00e9e\" \/>\n\t<meta name=\"twitter:data1\" content=\"1 minute\" \/>\n<script type=\"application\/ld+json\" class=\"yoast-schema-graph\">{\"@context\":\"https:\\\/\\\/schema.org\",\"@graph\":[{\"@type\":\"WebPage\",\"@id\":\"https:\\\/\\\/connectif.ai\\\/fr\\\/ebooks\\\/la-checklist-essentielle-pour-le-black-friday\\\/\",\"url\":\"https:\\\/\\\/connectif.ai\\\/fr\\\/ebooks\\\/la-checklist-essentielle-pour-le-black-friday\\\/\",\"name\":\"La check-list essentielle pour le Black Friday (et pour apr\u00e8s !) - Connectif Marketing Automation\",\"isPartOf\":{\"@id\":\"https:\\\/\\\/connectif.ai\\\/fr\\\/#website\"},\"primaryImageOfPage\":{\"@id\":\"https:\\\/\\\/connectif.ai\\\/fr\\\/ebooks\\\/la-checklist-essentielle-pour-le-black-friday\\\/#primaryimage\"},\"image\":{\"@id\":\"https:\\\/\\\/connectif.ai\\\/fr\\\/ebooks\\\/la-checklist-essentielle-pour-le-black-friday\\\/#primaryimage\"},\"thumbnailUrl\":\"https:\\\/\\\/connectif.ai\\\/wp-content\\\/uploads\\\/2025\\\/08\\\/Ebook_Connectif_-El-checklist-imprescindible-para-Black-Friday-\u00a1y-mas-alla.png\",\"datePublished\":\"2023-10-23T11:45:40+00:00\",\"dateModified\":\"2025-08-06T14:45:27+00:00\",\"description\":\"\u00cates-vous pr\u00eat \u00e0 vendre davantage ce Black Friday ? T\u00e9l\u00e9chargez la check-list essentielle pour mettre en \u0153uvre les meilleaires strat\u00e9gies.\",\"breadcrumb\":{\"@id\":\"https:\\\/\\\/connectif.ai\\\/fr\\\/ebooks\\\/la-checklist-essentielle-pour-le-black-friday\\\/#breadcrumb\"},\"inLanguage\":\"fr-FR\",\"potentialAction\":[{\"@type\":\"ReadAction\",\"target\":[\"https:\\\/\\\/connectif.ai\\\/fr\\\/ebooks\\\/la-checklist-essentielle-pour-le-black-friday\\\/\"]}]},{\"@type\":\"ImageObject\",\"inLanguage\":\"fr-FR\",\"@id\":\"https:\\\/\\\/connectif.ai\\\/fr\\\/ebooks\\\/la-checklist-essentielle-pour-le-black-friday\\\/#primaryimage\",\"url\":\"https:\\\/\\\/connectif.ai\\\/wp-content\\\/uploads\\\/2025\\\/08\\\/Ebook_Connectif_-El-checklist-imprescindible-para-Black-Friday-\u00a1y-mas-alla.png\",\"contentUrl\":\"https:\\\/\\\/connectif.ai\\\/wp-content\\\/uploads\\\/2025\\\/08\\\/Ebook_Connectif_-El-checklist-imprescindible-para-Black-Friday-\u00a1y-mas-alla.png\",\"width\":850,\"height\":560},{\"@type\":\"BreadcrumbList\",\"@id\":\"https:\\\/\\\/connectif.ai\\\/fr\\\/ebooks\\\/la-checklist-essentielle-pour-le-black-friday\\\/#breadcrumb\",\"itemListElement\":[{\"@type\":\"ListItem\",\"position\":1,\"name\":\"Portada\",\"item\":\"https:\\\/\\\/connectif.ai\\\/\"},{\"@type\":\"ListItem\",\"position\":2,\"name\":\"eBooks\",\"item\":\"https:\\\/\\\/connectif.ai\\\/fr\\\/ebooks\\\/\"},{\"@type\":\"ListItem\",\"position\":3,\"name\":\"La check-list essentielle pour le Black Friday (et pour apr\u00e8s !)\"}]},{\"@type\":\"WebSite\",\"@id\":\"https:\\\/\\\/connectif.ai\\\/fr\\\/#website\",\"url\":\"https:\\\/\\\/connectif.ai\\\/fr\\\/\",\"name\":\"Connectif Marketing Automation\",\"description\":\"Marketing Automation Software Connectif te permite crear experiencias de compra hiperpersonalizada a tus clientes de forma r\u00e1pida y visual\",\"publisher\":{\"@id\":\"https:\\\/\\\/connectif.ai\\\/fr\\\/#organization\"},\"potentialAction\":[{\"@type\":\"SearchAction\",\"target\":{\"@type\":\"EntryPoint\",\"urlTemplate\":\"https:\\\/\\\/connectif.ai\\\/fr\\\/?s={search_term_string}\"},\"query-input\":{\"@type\":\"PropertyValueSpecification\",\"valueRequired\":true,\"valueName\":\"search_term_string\"}}],\"inLanguage\":\"fr-FR\"},{\"@type\":\"Organization\",\"@id\":\"https:\\\/\\\/connectif.ai\\\/fr\\\/#organization\",\"name\":\"Connectif Marketing Automation\",\"url\":\"https:\\\/\\\/connectif.ai\\\/fr\\\/\",\"logo\":{\"@type\":\"ImageObject\",\"inLanguage\":\"fr-FR\",\"@id\":\"https:\\\/\\\/connectif.ai\\\/fr\\\/#\\\/schema\\\/logo\\\/image\\\/\",\"url\":\"https:\\\/\\\/connectif.ai\\\/wp-content\\\/uploads\\\/2023\\\/02\\\/Logo-Connectif-web.svg\",\"contentUrl\":\"https:\\\/\\\/connectif.ai\\\/wp-content\\\/uploads\\\/2023\\\/02\\\/Logo-Connectif-web.svg\",\"width\":506,\"height\":46,\"caption\":\"Connectif Marketing Automation\"},\"image\":{\"@id\":\"https:\\\/\\\/connectif.ai\\\/fr\\\/#\\\/schema\\\/logo\\\/image\\\/\"}}]}<\/script>\n<!-- \/ Yoast SEO plugin. -->","yoast_head_json":{"title":"La check-list essentielle pour le Black Friday (et pour apr\u00e8s !) - Connectif Marketing Automation","description":"\u00cates-vous pr\u00eat \u00e0 vendre davantage ce Black Friday ? T\u00e9l\u00e9chargez la check-list essentielle pour mettre en \u0153uvre les meilleaires strat\u00e9gies.","robots":{"index":"noindex","follow":"nofollow"},"og_locale":"fr_FR","og_type":"article","og_title":"La check-list essentielle pour le Black Friday (et pour apr\u00e8s !)","og_description":"\u00cates-vous pr\u00eat \u00e0 vendre davantage ce Black Friday ? T\u00e9l\u00e9chargez la check-list essentielle pour mettre en \u0153uvre les meilleaires strat\u00e9gies.","og_url":"https:\/\/connectif.ai\/fr\/ebooks\/la-checklist-essentielle-pour-le-black-friday\/","og_site_name":"Connectif Marketing Automation","article_modified_time":"2025-08-06T14:45:27+00:00","og_image":[{"width":1024,"height":534,"url":"https:\/\/connectif.ai\/wp-content\/uploads\/2023\/10\/1200x628-1024x534.png","type":"image\/png"}],"twitter_card":"summary_large_image","twitter_misc":{"Dur\u00e9e de lecture estim\u00e9e":"1 minute"},"schema":{"@context":"https:\/\/schema.org","@graph":[{"@type":"WebPage","@id":"https:\/\/connectif.ai\/fr\/ebooks\/la-checklist-essentielle-pour-le-black-friday\/","url":"https:\/\/connectif.ai\/fr\/ebooks\/la-checklist-essentielle-pour-le-black-friday\/","name":"La check-list essentielle pour le Black Friday (et pour apr\u00e8s !) - Connectif Marketing Automation","isPartOf":{"@id":"https:\/\/connectif.ai\/fr\/#website"},"primaryImageOfPage":{"@id":"https:\/\/connectif.ai\/fr\/ebooks\/la-checklist-essentielle-pour-le-black-friday\/#primaryimage"},"image":{"@id":"https:\/\/connectif.ai\/fr\/ebooks\/la-checklist-essentielle-pour-le-black-friday\/#primaryimage"},"thumbnailUrl":"https:\/\/connectif.ai\/wp-content\/uploads\/2025\/08\/Ebook_Connectif_-El-checklist-imprescindible-para-Black-Friday-\u00a1y-mas-alla.png","datePublished":"2023-10-23T11:45:40+00:00","dateModified":"2025-08-06T14:45:27+00:00","description":"\u00cates-vous pr\u00eat \u00e0 vendre davantage ce Black Friday ? T\u00e9l\u00e9chargez la check-list essentielle pour mettre en \u0153uvre les meilleaires strat\u00e9gies.","breadcrumb":{"@id":"https:\/\/connectif.ai\/fr\/ebooks\/la-checklist-essentielle-pour-le-black-friday\/#breadcrumb"},"inLanguage":"fr-FR","potentialAction":[{"@type":"ReadAction","target":["https:\/\/connectif.ai\/fr\/ebooks\/la-checklist-essentielle-pour-le-black-friday\/"]}]},{"@type":"ImageObject","inLanguage":"fr-FR","@id":"https:\/\/connectif.ai\/fr\/ebooks\/la-checklist-essentielle-pour-le-black-friday\/#primaryimage","url":"https:\/\/connectif.ai\/wp-content\/uploads\/2025\/08\/Ebook_Connectif_-El-checklist-imprescindible-para-Black-Friday-\u00a1y-mas-alla.png","contentUrl":"https:\/\/connectif.ai\/wp-content\/uploads\/2025\/08\/Ebook_Connectif_-El-checklist-imprescindible-para-Black-Friday-\u00a1y-mas-alla.png","width":850,"height":560},{"@type":"BreadcrumbList","@id":"https:\/\/connectif.ai\/fr\/ebooks\/la-checklist-essentielle-pour-le-black-friday\/#breadcrumb","itemListElement":[{"@type":"ListItem","position":1,"name":"Portada","item":"https:\/\/connectif.ai\/"},{"@type":"ListItem","position":2,"name":"eBooks","item":"https:\/\/connectif.ai\/fr\/ebooks\/"},{"@type":"ListItem","position":3,"name":"La check-list essentielle pour le Black Friday (et pour apr\u00e8s !)"}]},{"@type":"WebSite","@id":"https:\/\/connectif.ai\/fr\/#website","url":"https:\/\/connectif.ai\/fr\/","name":"Connectif Marketing Automation","description":"Marketing Automation Software Connectif te permite crear experiencias de compra hiperpersonalizada a tus clientes de forma r\u00e1pida y visual","publisher":{"@id":"https:\/\/connectif.ai\/fr\/#organization"},"potentialAction":[{"@type":"SearchAction","target":{"@type":"EntryPoint","urlTemplate":"https:\/\/connectif.ai\/fr\/?s={search_term_string}"},"query-input":{"@type":"PropertyValueSpecification","valueRequired":true,"valueName":"search_term_string"}}],"inLanguage":"fr-FR"},{"@type":"Organization","@id":"https:\/\/connectif.ai\/fr\/#organization","name":"Connectif Marketing Automation","url":"https:\/\/connectif.ai\/fr\/","logo":{"@type":"ImageObject","inLanguage":"fr-FR","@id":"https:\/\/connectif.ai\/fr\/#\/schema\/logo\/image\/","url":"https:\/\/connectif.ai\/wp-content\/uploads\/2023\/02\/Logo-Connectif-web.svg","contentUrl":"https:\/\/connectif.ai\/wp-content\/uploads\/2023\/02\/Logo-Connectif-web.svg","width":506,"height":46,"caption":"Connectif Marketing Automation"},"image":{"@id":"https:\/\/connectif.ai\/fr\/#\/schema\/logo\/image\/"}}]}},"_links":{"self":[{"href":"https:\/\/connectif.ai\/fr\/wp-json\/wp\/v2\/pages\/78899","targetHints":{"allow":["GET"]}}],"collection":[{"href":"https:\/\/connectif.ai\/fr\/wp-json\/wp\/v2\/pages"}],"about":[{"href":"https:\/\/connectif.ai\/fr\/wp-json\/wp\/v2\/types\/page"}],"author":[{"embeddable":true,"href":"https:\/\/connectif.ai\/fr\/wp-json\/wp\/v2\/users\/3"}],"replies":[{"embeddable":true,"href":"https:\/\/connectif.ai\/fr\/wp-json\/wp\/v2\/comments?post=78899"}],"version-history":[{"count":0,"href":"https:\/\/connectif.ai\/fr\/wp-json\/wp\/v2\/pages\/78899\/revisions"}],"up":[{"embeddable":true,"href":"https:\/\/connectif.ai\/fr\/wp-json\/wp\/v2\/pages\/96254"}],"wp:featuredmedia":[{"embeddable":true,"href":"https:\/\/connectif.ai\/fr\/wp-json\/wp\/v2\/media\/97379"}],"wp:attachment":[{"href":"https:\/\/connectif.ai\/fr\/wp-json\/wp\/v2\/media?parent=78899"}],"wp:term":[{"taxonomy":"category","embeddable":true,"href":"https:\/\/connectif.ai\/fr\/wp-json\/wp\/v2\/categories?post=78899"},{"taxonomy":"post_tag","embeddable":true,"href":"https:\/\/connectif.ai\/fr\/wp-json\/wp\/v2\/tags?post=78899"}],"curies":[{"name":"wp","href":"https:\/\/api.w.org\/{rel}","templated":true}]}}