{"id":75411,"date":"2023-07-26T10:42:18","date_gmt":"2023-07-26T09:42:18","guid":{"rendered":"https:\/\/connectif.ai\/?page_id=75411"},"modified":"2023-08-14T10:01:23","modified_gmt":"2023-08-14T09:01:23","slug":"newsletter","status":"publish","type":"page","link":"https:\/\/connectif.ai\/fr\/newsletter\/","title":{"rendered":"Newsletter"},"content":{"rendered":"\t\t<div data-elementor-type=\"wp-page\" data-elementor-id=\"75411\" class=\"elementor elementor-75411 elementor-75404\" data-elementor-post-type=\"page\">\n\t\t\t\t<div class=\"elementor-element elementor-element-7d21291 e-con-full e-flex e-con e-parent\" data-id=\"7d21291\" data-element_type=\"container\" data-e-type=\"container\" data-settings=\"{&quot;_ob_use_container_extras&quot;:&quot;no&quot;,&quot;_ob_column_hoveranimator&quot;:&quot;no&quot;,&quot;_ob_glider_is_slider&quot;:&quot;no&quot;,&quot;_ob_column_has_pseudo&quot;:&quot;no&quot;}\">\n\t\t<div class=\"elementor-element elementor-element-453262c e-con-full elementor-hidden-tablet elementor-hidden-mobile e-flex e-con e-parent\" data-id=\"453262c\" data-element_type=\"container\" data-e-type=\"container\" data-settings=\"{&quot;background_background&quot;:&quot;classic&quot;,&quot;_ob_use_container_extras&quot;:&quot;no&quot;,&quot;_ob_column_hoveranimator&quot;:&quot;no&quot;,&quot;_ob_glider_is_slider&quot;:&quot;no&quot;,&quot;_ob_column_has_pseudo&quot;:&quot;no&quot;}\">\n\t\t\t\t<\/div>\n\t\t<div class=\"elementor-element elementor-element-1363578 e-con-full e-flex e-con e-parent\" data-id=\"1363578\" data-element_type=\"container\" data-e-type=\"container\" data-settings=\"{&quot;_ob_use_container_extras&quot;:&quot;no&quot;,&quot;_ob_column_hoveranimator&quot;:&quot;no&quot;,&quot;_ob_glider_is_slider&quot;:&quot;no&quot;,&quot;_ob_column_has_pseudo&quot;:&quot;no&quot;}\">\n\t\t\t\t<div class=\"elementor-element elementor-element-950bc1f ob-harakiri-inherit ob-has-background-overlay elementor-widget elementor-widget-heading\" data-id=\"950bc1f\" data-element_type=\"widget\" data-e-type=\"widget\" data-settings=\"{&quot;_ob_use_harakiri&quot;:&quot;yes&quot;,&quot;_ob_harakiri_writing_mode&quot;:&quot;inherit&quot;,&quot;_ob_harakiri_text_clip&quot;:&quot;none&quot;,&quot;_ob_widget_stalker_use&quot;:&quot;no&quot;,&quot;_ob_poopart_use&quot;:&quot;yes&quot;,&quot;_ob_shadough_use&quot;:&quot;no&quot;,&quot;_ob_allow_hoveranimator&quot;:&quot;no&quot;}\" data-widget_type=\"heading.default\">\n\t\t\t\t<div class=\"elementor-widget-container\">\n\t\t\t\t\t<h1 class=\"elementor-heading-title elementor-size-default\">Toujours bien inform\u00e9<\/h1>\t\t\t\t<\/div>\n\t\t\t\t<\/div>\n\t\t\t\t<div class=\"elementor-element elementor-element-4d08d59 ob-harakiri-inherit ob-has-background-overlay elementor-widget elementor-widget-text-editor\" data-id=\"4d08d59\" data-element_type=\"widget\" data-e-type=\"widget\" data-settings=\"{&quot;_ob_use_harakiri&quot;:&quot;yes&quot;,&quot;_ob_harakiri_writing_mode&quot;:&quot;inherit&quot;,&quot;_ob_postman_use&quot;:&quot;no&quot;,&quot;_ob_widget_stalker_use&quot;:&quot;no&quot;,&quot;_ob_poopart_use&quot;:&quot;yes&quot;,&quot;_ob_shadough_use&quot;:&quot;no&quot;,&quot;_ob_allow_hoveranimator&quot;:&quot;no&quot;}\" data-widget_type=\"text-editor.default\">\n\t\t\t\t<div class=\"elementor-widget-container\">\n\t\t\t\t\t\t\t\t\t<div class=\"elementor-element elementor-element-9272790 ob-harakiri-inherit ob-has-background-overlay elementor-widget elementor-widget-text-editor ob-harakiri\" data-id=\"9272790\" data-element_type=\"widget\" data-settings=\"{&quot;_ob_use_harakiri&quot;:&quot;yes&quot;,&quot;_ob_harakiri_writing_mode&quot;:&quot;inherit&quot;,&quot;_ob_postman_use&quot;:&quot;no&quot;,&quot;_ob_perspektive_use&quot;:&quot;no&quot;,&quot;_ob_poopart_use&quot;:&quot;yes&quot;,&quot;_ob_shadough_use&quot;:&quot;no&quot;,&quot;_ob_allow_hoveranimator&quot;:&quot;no&quot;,&quot;_ob_widget_stalker_use&quot;:&quot;no&quot;}\" data-widget_type=\"text-editor.default\"><div class=\"elementor-widget-container\"><div class=\"elementor-element elementor-element-fb6c985 ob-harakiri-inherit ob-has-background-overlay elementor-widget elementor-widget-text-editor ob-harakiri\" data-id=\"fb6c985\" data-element_type=\"widget\" data-settings=\"{&quot;_ob_use_harakiri&quot;:&quot;yes&quot;,&quot;_ob_harakiri_writing_mode&quot;:&quot;inherit&quot;,&quot;_ob_postman_use&quot;:&quot;no&quot;,&quot;_ob_perspektive_use&quot;:&quot;no&quot;,&quot;_ob_poopart_use&quot;:&quot;yes&quot;,&quot;_ob_shadough_use&quot;:&quot;no&quot;,&quot;_ob_allow_hoveranimator&quot;:&quot;no&quot;,&quot;_ob_widget_stalker_use&quot;:&quot;no&quot;}\" data-widget_type=\"text-editor.default\"><div class=\"elementor-widget-container\"><div class=\"elementor-element elementor-element-fb6c985 ob-harakiri-inherit ob-has-background-overlay elementor-widget elementor-widget-text-editor ob-harakiri\" data-id=\"fb6c985\" data-element_type=\"widget\" data-settings=\"{&quot;_ob_use_harakiri&quot;:&quot;yes&quot;,&quot;_ob_harakiri_writing_mode&quot;:&quot;inherit&quot;,&quot;_ob_postman_use&quot;:&quot;no&quot;,&quot;_ob_perspektive_use&quot;:&quot;no&quot;,&quot;_ob_poopart_use&quot;:&quot;yes&quot;,&quot;_ob_shadough_use&quot;:&quot;no&quot;,&quot;_ob_allow_hoveranimator&quot;:&quot;no&quot;,&quot;_ob_widget_stalker_use&quot;:&quot;no&quot;}\" data-widget_type=\"text-editor.default\"><div class=\"elementor-widget-container\"><p class=\"p1\"><b>Voulez-vous \u00eatre le premier \u00e0 recevoir des informations in\u00e9dites sur Connectif?\u00a0<\/b>Indiquez-nous votre e-mail et tous les mois, vous pourrez d\u00e9couvrir avant tout le monde des exemples de r\u00e9ussite, des recommandations et des strat\u00e9gies innovantes pour automatiser vos actions de marketing, ainsi que les derni\u00e8res nouveaut\u00e9s concernant le Data First.<\/p><p>\u00a0<\/p><p class=\"p1\"><b>Inscrivez-vous pour recevoir des contenus utiles qui vous permettront de transformer votre e-commerce.<\/b><\/p><\/div><\/div><\/div><\/div><\/div><\/div>\t\t\t\t\t\t\t\t<\/div>\n\t\t\t\t<\/div>\n\t\t\t\t<div class=\"elementor-element elementor-element-c9d832f ob-has-background-overlay elementor-widget elementor-widget-html\" data-id=\"c9d832f\" data-element_type=\"widget\" data-e-type=\"widget\" data-settings=\"{&quot;_ob_widget_stalker_use&quot;:&quot;no&quot;,&quot;_ob_poopart_use&quot;:&quot;yes&quot;,&quot;_ob_shadough_use&quot;:&quot;no&quot;,&quot;_ob_allow_hoveranimator&quot;:&quot;no&quot;}\" data-widget_type=\"html.default\">\n\t\t\t\t<div class=\"elementor-widget-container\">\n\t\t\t\t\t<div class=\"cn-placeholder-pageform\" id=\"form_newsletter_FR\" style=\"min-height: 420px;\"><\/div>\t\t\t\t<\/div>\n\t\t\t\t<\/div>\n\t\t\t\t<\/div>\n\t\t<div class=\"elementor-element elementor-element-f7be288 e-con-full elementor-hidden-tablet elementor-hidden-mobile e-flex e-con e-parent\" data-id=\"f7be288\" data-element_type=\"container\" data-e-type=\"container\" data-settings=\"{&quot;background_background&quot;:&quot;classic&quot;,&quot;_ob_use_container_extras&quot;:&quot;no&quot;,&quot;_ob_column_hoveranimator&quot;:&quot;no&quot;,&quot;_ob_glider_is_slider&quot;:&quot;no&quot;,&quot;_ob_column_has_pseudo&quot;:&quot;no&quot;}\">\n\t\t\t\t<\/div>\n\t\t\t\t<\/div>\n\t\t\t\t<\/div>\n\t\t","protected":false},"excerpt":{"rendered":"<p>Toujours bien inform\u00e9 Voulez-vous \u00eatre le premier \u00e0 recevoir des informations in\u00e9dites sur Connectif?\u00a0Indiquez-nous votre e-mail et tous les mois, vous pourrez d\u00e9couvrir avant tout le monde des exemples de r\u00e9ussite, des recommandations et des strat\u00e9gies innovantes pour automatiser vos actions de marketing, ainsi que les derni\u00e8res nouveaut\u00e9s concernant le Data First. \u00a0 Inscrivez-vous pour [&hellip;]<\/p>\n","protected":false},"author":22,"featured_media":0,"parent":0,"menu_order":0,"comment_status":"closed","ping_status":"closed","template":"","meta":{"_acf_changed":false,"footnotes":""},"categories":[115],"tags":[],"class_list":["post-75411","page","type-page","status-publish","hentry","category-form"],"acf":[],"yoast_head":"<!-- This site is optimized with the Yoast SEO plugin v27.3 - https:\/\/yoast.com\/product\/yoast-seo-wordpress\/ -->\n<title>Newsletter - Connectif Marketing Automation<\/title>\n<meta name=\"description\" content=\"Voulez-vous \u00eatre le premier \u00e0 recevoir des informations in\u00e9dites sur Connectif? Indiquez-nous votre e-mail et tous les mois, vous pourrez d\u00e9couvrir avant tout le monde des exemples de r\u00e9ussite, des recommandations et des strat\u00e9gies innovantes pour automatiser vos actions de marketing, ainsi que les derni\u00e8res nouveaut\u00e9s concernant le Data First.\" \/>\n<meta name=\"robots\" content=\"index, follow, max-snippet:-1, max-image-preview:large, max-video-preview:-1\" \/>\n<link rel=\"canonical\" href=\"https:\/\/connectif.ai\/fr\/newsletter\/\" \/>\n<meta property=\"og:locale\" content=\"fr_FR\" \/>\n<meta property=\"og:type\" content=\"article\" \/>\n<meta property=\"og:title\" content=\"Newsletter - Connectif Marketing Automation\" \/>\n<meta property=\"og:description\" content=\"Voulez-vous \u00eatre le premier \u00e0 recevoir des informations in\u00e9dites sur Connectif? Indiquez-nous votre e-mail et tous les mois, vous pourrez d\u00e9couvrir avant tout le monde des exemples de r\u00e9ussite, des recommandations et des strat\u00e9gies innovantes pour automatiser vos actions de marketing, ainsi que les derni\u00e8res nouveaut\u00e9s concernant le Data First.\" \/>\n<meta property=\"og:url\" content=\"https:\/\/connectif.ai\/fr\/newsletter\/\" \/>\n<meta property=\"og:site_name\" content=\"Connectif Marketing Automation\" \/>\n<meta property=\"article:modified_time\" content=\"2023-08-14T09:01:23+00:00\" \/>\n<meta name=\"twitter:card\" content=\"summary_large_image\" \/>\n<meta name=\"twitter:label1\" content=\"Dur\u00e9e de lecture estim\u00e9e\" \/>\n\t<meta name=\"twitter:data1\" content=\"2 minutes\" \/>\n<script type=\"application\/ld+json\" class=\"yoast-schema-graph\">{\"@context\":\"https:\\\/\\\/schema.org\",\"@graph\":[{\"@type\":\"WebPage\",\"@id\":\"https:\\\/\\\/connectif.ai\\\/fr\\\/newsletter\\\/\",\"url\":\"https:\\\/\\\/connectif.ai\\\/fr\\\/newsletter\\\/\",\"name\":\"Newsletter - Connectif Marketing Automation\",\"isPartOf\":{\"@id\":\"https:\\\/\\\/connectif.ai\\\/fr\\\/#website\"},\"datePublished\":\"2023-07-26T09:42:18+00:00\",\"dateModified\":\"2023-08-14T09:01:23+00:00\",\"description\":\"Voulez-vous \u00eatre le premier \u00e0 recevoir des informations in\u00e9dites sur Connectif? Indiquez-nous votre e-mail et tous les mois, vous pourrez d\u00e9couvrir avant tout le monde des exemples de r\u00e9ussite, des recommandations et des strat\u00e9gies innovantes pour automatiser vos actions de marketing, ainsi que les derni\u00e8res nouveaut\u00e9s concernant le Data First.\",\"breadcrumb\":{\"@id\":\"https:\\\/\\\/connectif.ai\\\/fr\\\/newsletter\\\/#breadcrumb\"},\"inLanguage\":\"fr-FR\",\"potentialAction\":[{\"@type\":\"ReadAction\",\"target\":[\"https:\\\/\\\/connectif.ai\\\/fr\\\/newsletter\\\/\"]}]},{\"@type\":\"BreadcrumbList\",\"@id\":\"https:\\\/\\\/connectif.ai\\\/fr\\\/newsletter\\\/#breadcrumb\",\"itemListElement\":[{\"@type\":\"ListItem\",\"position\":1,\"name\":\"Portada\",\"item\":\"https:\\\/\\\/connectif.ai\\\/\"},{\"@type\":\"ListItem\",\"position\":2,\"name\":\"Newsletter\"}]},{\"@type\":\"WebSite\",\"@id\":\"https:\\\/\\\/connectif.ai\\\/fr\\\/#website\",\"url\":\"https:\\\/\\\/connectif.ai\\\/fr\\\/\",\"name\":\"Connectif Marketing Automation\",\"description\":\"Marketing Automation Software Connectif te permite crear experiencias de compra hiperpersonalizada a tus clientes de forma r\u00e1pida y visual\",\"publisher\":{\"@id\":\"https:\\\/\\\/connectif.ai\\\/fr\\\/#organization\"},\"potentialAction\":[{\"@type\":\"SearchAction\",\"target\":{\"@type\":\"EntryPoint\",\"urlTemplate\":\"https:\\\/\\\/connectif.ai\\\/fr\\\/?s={search_term_string}\"},\"query-input\":{\"@type\":\"PropertyValueSpecification\",\"valueRequired\":true,\"valueName\":\"search_term_string\"}}],\"inLanguage\":\"fr-FR\"},{\"@type\":\"Organization\",\"@id\":\"https:\\\/\\\/connectif.ai\\\/fr\\\/#organization\",\"name\":\"Connectif Marketing Automation\",\"url\":\"https:\\\/\\\/connectif.ai\\\/fr\\\/\",\"logo\":{\"@type\":\"ImageObject\",\"inLanguage\":\"fr-FR\",\"@id\":\"https:\\\/\\\/connectif.ai\\\/fr\\\/#\\\/schema\\\/logo\\\/image\\\/\",\"url\":\"https:\\\/\\\/connectif.ai\\\/wp-content\\\/uploads\\\/2023\\\/02\\\/Logo-Connectif-web.svg\",\"contentUrl\":\"https:\\\/\\\/connectif.ai\\\/wp-content\\\/uploads\\\/2023\\\/02\\\/Logo-Connectif-web.svg\",\"width\":506,\"height\":46,\"caption\":\"Connectif Marketing Automation\"},\"image\":{\"@id\":\"https:\\\/\\\/connectif.ai\\\/fr\\\/#\\\/schema\\\/logo\\\/image\\\/\"}}]}<\/script>\n<!-- \/ Yoast SEO plugin. -->","yoast_head_json":{"title":"Newsletter - Connectif Marketing Automation","description":"Voulez-vous \u00eatre le premier \u00e0 recevoir des informations in\u00e9dites sur Connectif? Indiquez-nous votre e-mail et tous les mois, vous pourrez d\u00e9couvrir avant tout le monde des exemples de r\u00e9ussite, des recommandations et des strat\u00e9gies innovantes pour automatiser vos actions de marketing, ainsi que les derni\u00e8res nouveaut\u00e9s concernant le Data First.","robots":{"index":"index","follow":"follow","max-snippet":"max-snippet:-1","max-image-preview":"max-image-preview:large","max-video-preview":"max-video-preview:-1"},"canonical":"https:\/\/connectif.ai\/fr\/newsletter\/","og_locale":"fr_FR","og_type":"article","og_title":"Newsletter - Connectif Marketing Automation","og_description":"Voulez-vous \u00eatre le premier \u00e0 recevoir des informations in\u00e9dites sur Connectif? Indiquez-nous votre e-mail et tous les mois, vous pourrez d\u00e9couvrir avant tout le monde des exemples de r\u00e9ussite, des recommandations et des strat\u00e9gies innovantes pour automatiser vos actions de marketing, ainsi que les derni\u00e8res nouveaut\u00e9s concernant le Data First.","og_url":"https:\/\/connectif.ai\/fr\/newsletter\/","og_site_name":"Connectif Marketing Automation","article_modified_time":"2023-08-14T09:01:23+00:00","twitter_card":"summary_large_image","twitter_misc":{"Dur\u00e9e de lecture estim\u00e9e":"2 minutes"},"schema":{"@context":"https:\/\/schema.org","@graph":[{"@type":"WebPage","@id":"https:\/\/connectif.ai\/fr\/newsletter\/","url":"https:\/\/connectif.ai\/fr\/newsletter\/","name":"Newsletter - Connectif Marketing Automation","isPartOf":{"@id":"https:\/\/connectif.ai\/fr\/#website"},"datePublished":"2023-07-26T09:42:18+00:00","dateModified":"2023-08-14T09:01:23+00:00","description":"Voulez-vous \u00eatre le premier \u00e0 recevoir des informations in\u00e9dites sur Connectif? Indiquez-nous votre e-mail et tous les mois, vous pourrez d\u00e9couvrir avant tout le monde des exemples de r\u00e9ussite, des recommandations et des strat\u00e9gies innovantes pour automatiser vos actions de marketing, ainsi que les derni\u00e8res nouveaut\u00e9s concernant le Data First.","breadcrumb":{"@id":"https:\/\/connectif.ai\/fr\/newsletter\/#breadcrumb"},"inLanguage":"fr-FR","potentialAction":[{"@type":"ReadAction","target":["https:\/\/connectif.ai\/fr\/newsletter\/"]}]},{"@type":"BreadcrumbList","@id":"https:\/\/connectif.ai\/fr\/newsletter\/#breadcrumb","itemListElement":[{"@type":"ListItem","position":1,"name":"Portada","item":"https:\/\/connectif.ai\/"},{"@type":"ListItem","position":2,"name":"Newsletter"}]},{"@type":"WebSite","@id":"https:\/\/connectif.ai\/fr\/#website","url":"https:\/\/connectif.ai\/fr\/","name":"Connectif Marketing Automation","description":"Marketing Automation Software Connectif te permite crear experiencias de compra hiperpersonalizada a tus clientes de forma r\u00e1pida y visual","publisher":{"@id":"https:\/\/connectif.ai\/fr\/#organization"},"potentialAction":[{"@type":"SearchAction","target":{"@type":"EntryPoint","urlTemplate":"https:\/\/connectif.ai\/fr\/?s={search_term_string}"},"query-input":{"@type":"PropertyValueSpecification","valueRequired":true,"valueName":"search_term_string"}}],"inLanguage":"fr-FR"},{"@type":"Organization","@id":"https:\/\/connectif.ai\/fr\/#organization","name":"Connectif Marketing Automation","url":"https:\/\/connectif.ai\/fr\/","logo":{"@type":"ImageObject","inLanguage":"fr-FR","@id":"https:\/\/connectif.ai\/fr\/#\/schema\/logo\/image\/","url":"https:\/\/connectif.ai\/wp-content\/uploads\/2023\/02\/Logo-Connectif-web.svg","contentUrl":"https:\/\/connectif.ai\/wp-content\/uploads\/2023\/02\/Logo-Connectif-web.svg","width":506,"height":46,"caption":"Connectif Marketing Automation"},"image":{"@id":"https:\/\/connectif.ai\/fr\/#\/schema\/logo\/image\/"}}]}},"_links":{"self":[{"href":"https:\/\/connectif.ai\/fr\/wp-json\/wp\/v2\/pages\/75411","targetHints":{"allow":["GET"]}}],"collection":[{"href":"https:\/\/connectif.ai\/fr\/wp-json\/wp\/v2\/pages"}],"about":[{"href":"https:\/\/connectif.ai\/fr\/wp-json\/wp\/v2\/types\/page"}],"author":[{"embeddable":true,"href":"https:\/\/connectif.ai\/fr\/wp-json\/wp\/v2\/users\/22"}],"replies":[{"embeddable":true,"href":"https:\/\/connectif.ai\/fr\/wp-json\/wp\/v2\/comments?post=75411"}],"version-history":[{"count":0,"href":"https:\/\/connectif.ai\/fr\/wp-json\/wp\/v2\/pages\/75411\/revisions"}],"wp:attachment":[{"href":"https:\/\/connectif.ai\/fr\/wp-json\/wp\/v2\/media?parent=75411"}],"wp:term":[{"taxonomy":"category","embeddable":true,"href":"https:\/\/connectif.ai\/fr\/wp-json\/wp\/v2\/categories?post=75411"},{"taxonomy":"post_tag","embeddable":true,"href":"https:\/\/connectif.ai\/fr\/wp-json\/wp\/v2\/tags?post=75411"}],"curies":[{"name":"wp","href":"https:\/\/api.w.org\/{rel}","templated":true}]}}