{"id":71043,"date":"2023-04-24T10:28:09","date_gmt":"2023-04-24T09:28:09","guid":{"rendered":"https:\/\/connectif.ai\/?page_id=71043"},"modified":"2024-02-01T09:18:47","modified_gmt":"2024-02-01T08:18:47","slug":"elementor-71043","status":"publish","type":"page","link":"https:\/\/connectif.ai\/fr\/mention-legale\/","title":{"rendered":"Mention l\u00e9gale"},"content":{"rendered":"\t\t<div data-elementor-type=\"wp-page\" data-elementor-id=\"71043\" class=\"elementor elementor-71043 elementor-27477\" data-elementor-post-type=\"page\">\n\t\t\t\t<div class=\"elementor-element elementor-element-e497550 e-flex e-con-boxed e-con e-parent\" data-id=\"e497550\" data-element_type=\"container\" data-e-type=\"container\" data-settings=\"{&quot;_ob_use_container_extras&quot;:&quot;no&quot;,&quot;_ob_column_hoveranimator&quot;:&quot;no&quot;,&quot;_ob_glider_is_slider&quot;:&quot;no&quot;,&quot;_ob_column_has_pseudo&quot;:&quot;no&quot;}\">\n\t\t\t\t\t<div class=\"e-con-inner\">\n\t\t\t\t<div class=\"elementor-element elementor-element-5a61c71 ob-harakiri-inherit ob-has-background-overlay elementor-widget elementor-widget-text-editor\" data-id=\"5a61c71\" data-element_type=\"widget\" data-e-type=\"widget\" data-settings=\"{&quot;_ob_use_harakiri&quot;:&quot;yes&quot;,&quot;_ob_harakiri_writing_mode&quot;:&quot;inherit&quot;,&quot;_ob_postman_use&quot;:&quot;no&quot;,&quot;_ob_widget_stalker_use&quot;:&quot;no&quot;,&quot;_ob_poopart_use&quot;:&quot;yes&quot;,&quot;_ob_shadough_use&quot;:&quot;no&quot;,&quot;_ob_allow_hoveranimator&quot;:&quot;no&quot;}\" data-widget_type=\"text-editor.default\">\n\t\t\t\t<div class=\"elementor-widget-container\">\n\t\t\t\t\t\t\t\t\t<h1 class=\"elementor-heading-title elementor-size-default\">Mention l\u00e9gale<\/h1>\t\t\t\t\t\t\t\t<\/div>\n\t\t\t\t<\/div>\n\t\t\t\t\t<\/div>\n\t\t\t\t<\/div>\n\t\t<div class=\"elementor-element elementor-element-9a17936 e-flex e-con-boxed e-con e-parent\" data-id=\"9a17936\" data-element_type=\"container\" data-e-type=\"container\" data-settings=\"{&quot;_ob_use_container_extras&quot;:&quot;no&quot;,&quot;_ob_column_hoveranimator&quot;:&quot;no&quot;,&quot;_ob_glider_is_slider&quot;:&quot;no&quot;,&quot;_ob_column_has_pseudo&quot;:&quot;no&quot;}\">\n\t\t\t\t\t<div class=\"e-con-inner\">\n\t\t\t\t<div class=\"elementor-element elementor-element-407b8e9 ob-harakiri-inherit ob-has-background-overlay elementor-widget elementor-widget-text-editor\" data-id=\"407b8e9\" data-element_type=\"widget\" data-e-type=\"widget\" data-settings=\"{&quot;_ob_use_harakiri&quot;:&quot;yes&quot;,&quot;_ob_harakiri_writing_mode&quot;:&quot;inherit&quot;,&quot;_ob_postman_use&quot;:&quot;no&quot;,&quot;_ob_widget_stalker_use&quot;:&quot;no&quot;,&quot;_ob_poopart_use&quot;:&quot;yes&quot;,&quot;_ob_shadough_use&quot;:&quot;no&quot;,&quot;_ob_allow_hoveranimator&quot;:&quot;no&quot;}\" data-widget_type=\"text-editor.default\">\n\t\t\t\t<div class=\"elementor-widget-container\">\n\t\t\t\t\t\t\t\t\t<p>Veuillez lire toutes les sections de cette Mention L\u00e9gale avant d\u2019utiliser ce site web. Les conditions suivantes sont contraignantes pour tout utilisateur de ce site web.<\/p><p>Conform\u00e9ment \u00e0 l\u2019obligation d\u2019information d\u00e9finie dans la Loi 34\/2002 sur les services de la soci\u00e9t\u00e9 de l\u2019information et le commerce \u00e9lectronique (LSSI-CE) du 11 juillet, les informations g\u00e9n\u00e9rales suivantes concernant ce site web sont fournies ci-dessous.<\/p><p>La raison de ce texte est d\u2019expliquer en d\u00e9tail les fonctionnalit\u00e9s de ce site web et de vous fournir des informations relatives au propri\u00e9taire du site web et \u00e0 l\u2019objectif du contenu.<\/p><h2>DONN\u00c9ES D\u2019IDENTIFICATION<\/h2><p>Cet avis juridique r\u00e9glemente l\u2019utilisation du service du site web en vous informant, conform\u00e9ment \u00e0 la loi 34\/2002 du 11 juillet, sur les services de la soci\u00e9t\u00e9 de l\u2019information et le commerce \u00e9lectronique, des points suivants :<\/p><p>Propri\u00e9taire :\u00a0CONNECTIF ARTIFICIAL INTELLIGENCE, S.L.<\/p><p>CIF:\u00a0B05509641<\/p><p>Adresse : Avenida Ciclista Mariano Rojas, 76; 4\u00aa Planta, 30009, Murcia<\/p><p>T\u00e9l\u00e9phone :\u00a0968935520<\/p><p>Courrier \u00e9lectronique :\u00a0<a href=\"mailto:info@connectif.es\">info@connectif.es<\/a><\/p><p>Informations d\u2019inscription au registre du commerce : Murcia Tome 3335 Feuillet 1 Page MU-98409 1re inscription<\/p><p>L\u2019objectif de CONNECTIF ARTIFICIAL INTELLIGENCE, S.L. par l\u2019interm\u00e9diaire de son site web, est de pr\u00e9senter son activit\u00e9 et d\u2019offrir la possibilit\u00e9 de nous contacter, de poser des questions, de s\u2019abonner \u00e0 notre magazine, ainsi que de nous pr\u00e9senter des plaintes et r\u00e9clamations.<\/p><p>Ce document a pour objet d\u00b4\u00e9tablir les conditions g\u00e9n\u00e9rales d\u00b4utilisation du site web. Les conditions g\u00e9n\u00e9rales doivent \u00eatre accept\u00e9es et respect\u00e9es par tous les utilisateurs souhaitant l\u2019utiliser.<\/p><h2>UTILISATION DU SITE WEB ET OBLIGATIONS DE L\u2019UTILISATEUR.<\/h2><p>L\u2019utilisateur s\u2019engage \u00e0 utiliser le site web, le contenu et les services, sans contrevenir \u00e0 la l\u00e9gislation en vigueur, aux usages g\u00e9n\u00e9ralement accept\u00e9s et \u00e0 l\u2019ordre public. L\u2019utilisation du site web \u00e0 des fins ill\u00e9gales ou pr\u00e9judiciables \u00e0 l\u2019encontre de CONNECTIF ARTIFICIAL INTELLIGENCE, S.L. ou d\u2019un tiers qui, de quelque mani\u00e8re que ce soit, pourrait nuire ou emp\u00eacher l\u2019utilisation normale du site web est interdite.<\/p><p>CONNECTIF ARTIFICIAL INTELLIGENCE, S.L. garantit que les contenus et les services propos\u00e9s par le portail respectent le principe de dignit\u00e9 humaine, de protection des jeunes et des enfants, de non-discrimination fond\u00e9e sur la race, le sexe, la religion, l\u2019opinion, la nationalit\u00e9, le handicap ou sur tout autre aspect personnel et social.<\/p><p>Les pr\u00e9sentes conditions g\u00e9n\u00e9rales d\u2019utilisation du site web n\u2019accordent \u00e0 l\u2019utilisateur aucun droit d\u2019utilisation, de modification, d\u2019exploitation, de reproduction, de distribution ou de communication publique du contenu du site web, autre que ceux express\u00e9ment pr\u00e9vus ici.<\/p><p>Les contenus (informations, fichiers audio et\/ou images, photographies, designs, etc.) collect\u00e9s sur le portail appartiennent \u00e0 CONNECTIF ARTIFICIAL INTELLIGENCE, S.L. ou leur diffusion est d\u00fbment autoris\u00e9e par ses propri\u00e9taires l\u00e9gitimes.<\/p><p>CONNECTIF ARTIFICIAL INTELLIGENCE, S.L. s\u2019engage \u00e0 ne pas faire de publicit\u00e9 mensong\u00e8re, il est par cons\u00e9quent strictement interdit :<\/p><ul><li>L\u2019utilisation \u00e0 des fins commerciales ou publicitaires, autres que celles strictement autoris\u00e9es.<\/li><li>Sa reproduction, publication, distribution ou modification, totale ou partielle, sauf autorisation \u00e9crite pr\u00e9alable de ses propri\u00e9taires l\u00e9gitimes ou si la loi l\u2019autorise.<\/li><li>Toute violation des droits de CONNECTIF ARTIFICIAL INTELLIGENCE, S.L. ou de ses propri\u00e9taires l\u00e9gitimes sur ceux-ceux-ci.<\/li><\/ul><h2>PROPRI\u00c9T\u00c9 INTELLECTUELLE ET INDUSTRIELLE<\/h2><p>L\u2019utilisateur reconna\u00eet et accepte que tous les droits de propri\u00e9t\u00e9 industrielle et intellectuelle sur le contenu et\/ou tout autre \u00e9l\u00e9ment ins\u00e9r\u00e9 sur le site web appartiennent \u00e0 la soci\u00e9t\u00e9 CONNECTIF ARTIFICIAL INTELLIGENCE, S.L. ou celle-ci est d\u00fbment autoris\u00e9e \u00e0 leur diffusion sur ce site web.<\/p><p>Dans le cas o\u00f9 un utilisateur ou un tiers consid\u00e8re qu\u2019une violation de ses droits de propri\u00e9t\u00e9 intellectuelle l\u00e9gitimes s\u2019est produite suite \u00e0 l\u2019introduction de certains contenus sur le site web, il devra en informer CONNECTIF ARTIFICIAL INTELLIGENCE, S.L. en mentionnant :<\/p><ul><li>Les donn\u00e9es personnelles de l\u2019int\u00e9ress\u00e9 titulaire des droits pr\u00e9tendument viol\u00e9s, ou indiquant la repr\u00e9sentation avec laquelle il agit si la r\u00e9clamation est d\u00e9pos\u00e9e par un tiers autre que l\u2019int\u00e9ress\u00e9.<\/li><li>Les contenus prot\u00e9g\u00e9s par les droits de propri\u00e9t\u00e9 intellectuelle et leur emplacement sur le site web, l\u2019accr\u00e9ditation des droits de propri\u00e9t\u00e9 intellectuelle mentionn\u00e9s et une d\u00e9claration expresse dans laquelle l\u2019int\u00e9ress\u00e9 se d\u00e9clare responsable de la v\u00e9racit\u00e9 des informations fournies dans la notification.<\/li><\/ul><h2>LIENS<\/h2><p>Ce site Web fournit des liens vers d\u2019autres sites web qui lui sont propres et vers des contenus appartenant \u00e0 des tiers.<\/p><p>Le seul but des liens est de fournir \u00e0 l\u2019utilisateur la possibilit\u00e9 d\u2019acc\u00e9der \u00e0 ces liens. CONNECTIF ARTIFICIAL INTELLIGENCE, S.L. n\u2019est en aucun cas responsable des r\u00e9sultats d\u00e9coulant de l\u2019acc\u00e8s \u00e0 ces liens et pouvant affecter l\u2019utilisateur.<\/p><p>Tout utilisateur ayant l\u2019intention d\u2019installer un dispositif technique de lien entre son site web et le portail doit obtenir l\u2019autorisation \u00e9crite pr\u00e9alable de CONNECTIF ARTIFICIAL INTELLIGENCE, S.L. L\u2019\u00e9tablissement du lien n\u2019implique en aucun cas l\u2019existence de relations entre CONNECTIF ARTIFICIAL INTELLIGENCE, S.L. et le propri\u00e9taire du site sur lequel le lien est \u00e9tabli, ni l\u2019acceptation ou l\u2019approbation par CONNECTIF ARTIFICIAL INTELLIGENCE, S.L. de ses contenus ou services.<\/p><p>Le site web sur lequel le lien est \u00e9tabli ne contiendra aucune marque, ni d\u00e9nomination, ni logo, ni slogan ou autre signe distinctif appartenant \u00e0 CONNECTIF ARTIFICIAL INTELLIGENCE, S.L., \u00e0 l\u2019exception de ceux express\u00e9ment autoris\u00e9s.<\/p><h2>MODIFICATION UNILAT\u00c9RALE ET DUR\u00c9E<\/h2><p>CONNECTIF ARTIFICIAL INTELLIGENCE, S.L. se r\u00e9serve le droit de modifier, \u00e0 tout moment et sans pr\u00e9avis, la pr\u00e9sentation et la configuration du site web ainsi que cette Mention L\u00e9gale.<\/p><p>EXCLUSION DE GARANTIES ET DE RESPONSABILIT\u00c9\u00a0CONNECTIF ARTIFICIAL INTELLIGENCE, S.L. n\u2019accorde aucune garantie et n\u2019est en aucun cas responsable des dommages de toute nature pouvant r\u00e9sulter de :<\/p><ul><li>Le manque de disponibilit\u00e9, de maintenance et de fonctionnement efficace du site web et\/ou de ses services ou contenus.<\/li><li>La pr\u00e9sence de virus, de programmes malveillants ou nuisibles dans le contenu.<\/li><li>L\u2019utilisation ill\u00e9gale, n\u00e9gligente, frauduleuse, contraire aux pr\u00e9sentes conditions, \u00e0 la bonne foi, aux usages g\u00e9n\u00e9ralement accept\u00e9s ou \u00e0 l\u2019ordre public, du site web, de ses services ou de ses contenus, faite par les internautes.<\/li><\/ul><h2>TRAITEMENT DES DONN\u00c9ES PERSONNELLES<\/h2><p>CONNECTIF ARTIFICIAL INTELLIGENCE, S.L., comme indiqu\u00e9 dans sa \u00ab POLITIQUE DE CONFIDENTIALIT\u00c9 \u00bb, que vous pouvez consulter sur ce site web, a adopt\u00e9 les niveaux de s\u00e9curit\u00e9 appropri\u00e9s pour les donn\u00e9es qu\u2019elle traite et g\u00e8re, en incorporant tous les moyens et mesures techniques \u00e0 sa disposition pour garantir leur confidentialit\u00e9, emp\u00eacher leur utilisation inappropri\u00e9e, leur perte, leur alt\u00e9ration, leur acc\u00e8s non autoris\u00e9 et leur vol.<\/p><h2>\u00a0<\/h2><h2>DROIT APPLICABLE ET JURIDICTION<\/h2><p>Ces Conditions seront r\u00e9gies par le droit espagnol, soumises aux tribunaux de la ville de Murcie, en cas de litige li\u00e9 \u00e0 l\u2019acc\u00e8s au site web.<\/p><h2>CONTACT<\/h2><p>Tout utilisateur ayant des questions concernant cette mention l\u00e9gale ou des commentaires \u00e0 ce sujet, peut contacter\u00a0<a href=\"mailto:info@connectif.es\">info@connectif.es<\/a>\u00a0ou envoyer une communication \u00e9crite \u00e0 l\u2019adresse indiqu\u00e9e dans l\u2019en-t\u00eate.<\/p>\t\t\t\t\t\t\t\t<\/div>\n\t\t\t\t<\/div>\n\t\t\t\t\t<\/div>\n\t\t\t\t<\/div>\n\t\t\t\t<\/div>\n\t\t","protected":false},"excerpt":{"rendered":"<p>Mention l\u00e9gale Veuillez lire toutes les sections de cette Mention L\u00e9gale avant d\u2019utiliser ce site web. Les conditions suivantes sont contraignantes pour tout utilisateur de ce site web. Conform\u00e9ment \u00e0 l\u2019obligation d\u2019information d\u00e9finie dans la Loi 34\/2002 sur les services de la soci\u00e9t\u00e9 de l\u2019information et le commerce \u00e9lectronique (LSSI-CE) du 11 juillet, les informations [&hellip;]<\/p>\n","protected":false},"author":22,"featured_media":0,"parent":0,"menu_order":0,"comment_status":"closed","ping_status":"closed","template":"","meta":{"_acf_changed":false,"footnotes":""},"categories":[],"tags":[],"class_list":["post-71043","page","type-page","status-publish","hentry"],"acf":[],"yoast_head":"<!-- This site is optimized with the Yoast SEO plugin v27.3 - https:\/\/yoast.com\/product\/yoast-seo-wordpress\/ -->\n<title>Mention l\u00e9gale - Connectif Marketing Automation<\/title>\n<meta name=\"robots\" content=\"index, follow, max-snippet:-1, max-image-preview:large, max-video-preview:-1\" \/>\n<link rel=\"canonical\" href=\"https:\/\/connectif.ai\/fr\/mention-legale\/\" \/>\n<meta property=\"og:locale\" content=\"fr_FR\" \/>\n<meta property=\"og:type\" content=\"article\" \/>\n<meta property=\"og:title\" content=\"Mention l\u00e9gale - Connectif Marketing Automation\" \/>\n<meta property=\"og:description\" content=\"Mention l\u00e9gale Veuillez lire toutes les sections de cette Mention L\u00e9gale avant d\u2019utiliser ce site web. Les conditions suivantes sont contraignantes pour tout utilisateur de ce site web. Conform\u00e9ment \u00e0 l\u2019obligation d\u2019information d\u00e9finie dans la Loi 34\/2002 sur les services de la soci\u00e9t\u00e9 de l\u2019information et le commerce \u00e9lectronique (LSSI-CE) du 11 juillet, les informations [&hellip;]\" \/>\n<meta property=\"og:url\" content=\"https:\/\/connectif.ai\/fr\/mention-legale\/\" \/>\n<meta property=\"og:site_name\" content=\"Connectif Marketing Automation\" \/>\n<meta property=\"article:modified_time\" content=\"2024-02-01T08:18:47+00:00\" \/>\n<meta name=\"twitter:card\" content=\"summary_large_image\" \/>\n<meta name=\"twitter:label1\" content=\"Dur\u00e9e de lecture estim\u00e9e\" \/>\n\t<meta name=\"twitter:data1\" content=\"6 minutes\" \/>\n<script type=\"application\/ld+json\" class=\"yoast-schema-graph\">{\"@context\":\"https:\\\/\\\/schema.org\",\"@graph\":[{\"@type\":\"WebPage\",\"@id\":\"https:\\\/\\\/connectif.ai\\\/fr\\\/mention-legale\\\/\",\"url\":\"https:\\\/\\\/connectif.ai\\\/fr\\\/mention-legale\\\/\",\"name\":\"Mention l\u00e9gale - Connectif Marketing Automation\",\"isPartOf\":{\"@id\":\"https:\\\/\\\/connectif.ai\\\/fr\\\/#website\"},\"datePublished\":\"2023-04-24T09:28:09+00:00\",\"dateModified\":\"2024-02-01T08:18:47+00:00\",\"breadcrumb\":{\"@id\":\"https:\\\/\\\/connectif.ai\\\/fr\\\/mention-legale\\\/#breadcrumb\"},\"inLanguage\":\"fr-FR\",\"potentialAction\":[{\"@type\":\"ReadAction\",\"target\":[\"https:\\\/\\\/connectif.ai\\\/fr\\\/mention-legale\\\/\"]}]},{\"@type\":\"BreadcrumbList\",\"@id\":\"https:\\\/\\\/connectif.ai\\\/fr\\\/mention-legale\\\/#breadcrumb\",\"itemListElement\":[{\"@type\":\"ListItem\",\"position\":1,\"name\":\"Portada\",\"item\":\"https:\\\/\\\/connectif.ai\\\/\"},{\"@type\":\"ListItem\",\"position\":2,\"name\":\"Mention l\u00e9gale\"}]},{\"@type\":\"WebSite\",\"@id\":\"https:\\\/\\\/connectif.ai\\\/fr\\\/#website\",\"url\":\"https:\\\/\\\/connectif.ai\\\/fr\\\/\",\"name\":\"Connectif Marketing Automation\",\"description\":\"Marketing Automation Software Connectif te permite crear experiencias de compra hiperpersonalizada a tus clientes de forma r\u00e1pida y visual\",\"publisher\":{\"@id\":\"https:\\\/\\\/connectif.ai\\\/fr\\\/#organization\"},\"potentialAction\":[{\"@type\":\"SearchAction\",\"target\":{\"@type\":\"EntryPoint\",\"urlTemplate\":\"https:\\\/\\\/connectif.ai\\\/fr\\\/?s={search_term_string}\"},\"query-input\":{\"@type\":\"PropertyValueSpecification\",\"valueRequired\":true,\"valueName\":\"search_term_string\"}}],\"inLanguage\":\"fr-FR\"},{\"@type\":\"Organization\",\"@id\":\"https:\\\/\\\/connectif.ai\\\/fr\\\/#organization\",\"name\":\"Connectif Marketing Automation\",\"url\":\"https:\\\/\\\/connectif.ai\\\/fr\\\/\",\"logo\":{\"@type\":\"ImageObject\",\"inLanguage\":\"fr-FR\",\"@id\":\"https:\\\/\\\/connectif.ai\\\/fr\\\/#\\\/schema\\\/logo\\\/image\\\/\",\"url\":\"https:\\\/\\\/connectif.ai\\\/wp-content\\\/uploads\\\/2023\\\/02\\\/Logo-Connectif-web.svg\",\"contentUrl\":\"https:\\\/\\\/connectif.ai\\\/wp-content\\\/uploads\\\/2023\\\/02\\\/Logo-Connectif-web.svg\",\"width\":506,\"height\":46,\"caption\":\"Connectif Marketing Automation\"},\"image\":{\"@id\":\"https:\\\/\\\/connectif.ai\\\/fr\\\/#\\\/schema\\\/logo\\\/image\\\/\"}}]}<\/script>\n<!-- \/ Yoast SEO plugin. -->","yoast_head_json":{"title":"Mention l\u00e9gale - Connectif Marketing Automation","robots":{"index":"index","follow":"follow","max-snippet":"max-snippet:-1","max-image-preview":"max-image-preview:large","max-video-preview":"max-video-preview:-1"},"canonical":"https:\/\/connectif.ai\/fr\/mention-legale\/","og_locale":"fr_FR","og_type":"article","og_title":"Mention l\u00e9gale - Connectif Marketing Automation","og_description":"Mention l\u00e9gale Veuillez lire toutes les sections de cette Mention L\u00e9gale avant d\u2019utiliser ce site web. Les conditions suivantes sont contraignantes pour tout utilisateur de ce site web. Conform\u00e9ment \u00e0 l\u2019obligation d\u2019information d\u00e9finie dans la Loi 34\/2002 sur les services de la soci\u00e9t\u00e9 de l\u2019information et le commerce \u00e9lectronique (LSSI-CE) du 11 juillet, les informations [&hellip;]","og_url":"https:\/\/connectif.ai\/fr\/mention-legale\/","og_site_name":"Connectif Marketing Automation","article_modified_time":"2024-02-01T08:18:47+00:00","twitter_card":"summary_large_image","twitter_misc":{"Dur\u00e9e de lecture estim\u00e9e":"6 minutes"},"schema":{"@context":"https:\/\/schema.org","@graph":[{"@type":"WebPage","@id":"https:\/\/connectif.ai\/fr\/mention-legale\/","url":"https:\/\/connectif.ai\/fr\/mention-legale\/","name":"Mention l\u00e9gale - Connectif Marketing Automation","isPartOf":{"@id":"https:\/\/connectif.ai\/fr\/#website"},"datePublished":"2023-04-24T09:28:09+00:00","dateModified":"2024-02-01T08:18:47+00:00","breadcrumb":{"@id":"https:\/\/connectif.ai\/fr\/mention-legale\/#breadcrumb"},"inLanguage":"fr-FR","potentialAction":[{"@type":"ReadAction","target":["https:\/\/connectif.ai\/fr\/mention-legale\/"]}]},{"@type":"BreadcrumbList","@id":"https:\/\/connectif.ai\/fr\/mention-legale\/#breadcrumb","itemListElement":[{"@type":"ListItem","position":1,"name":"Portada","item":"https:\/\/connectif.ai\/"},{"@type":"ListItem","position":2,"name":"Mention l\u00e9gale"}]},{"@type":"WebSite","@id":"https:\/\/connectif.ai\/fr\/#website","url":"https:\/\/connectif.ai\/fr\/","name":"Connectif Marketing Automation","description":"Marketing Automation Software Connectif te permite crear experiencias de compra hiperpersonalizada a tus clientes de forma r\u00e1pida y visual","publisher":{"@id":"https:\/\/connectif.ai\/fr\/#organization"},"potentialAction":[{"@type":"SearchAction","target":{"@type":"EntryPoint","urlTemplate":"https:\/\/connectif.ai\/fr\/?s={search_term_string}"},"query-input":{"@type":"PropertyValueSpecification","valueRequired":true,"valueName":"search_term_string"}}],"inLanguage":"fr-FR"},{"@type":"Organization","@id":"https:\/\/connectif.ai\/fr\/#organization","name":"Connectif Marketing Automation","url":"https:\/\/connectif.ai\/fr\/","logo":{"@type":"ImageObject","inLanguage":"fr-FR","@id":"https:\/\/connectif.ai\/fr\/#\/schema\/logo\/image\/","url":"https:\/\/connectif.ai\/wp-content\/uploads\/2023\/02\/Logo-Connectif-web.svg","contentUrl":"https:\/\/connectif.ai\/wp-content\/uploads\/2023\/02\/Logo-Connectif-web.svg","width":506,"height":46,"caption":"Connectif Marketing Automation"},"image":{"@id":"https:\/\/connectif.ai\/fr\/#\/schema\/logo\/image\/"}}]}},"_links":{"self":[{"href":"https:\/\/connectif.ai\/fr\/wp-json\/wp\/v2\/pages\/71043","targetHints":{"allow":["GET"]}}],"collection":[{"href":"https:\/\/connectif.ai\/fr\/wp-json\/wp\/v2\/pages"}],"about":[{"href":"https:\/\/connectif.ai\/fr\/wp-json\/wp\/v2\/types\/page"}],"author":[{"embeddable":true,"href":"https:\/\/connectif.ai\/fr\/wp-json\/wp\/v2\/users\/22"}],"replies":[{"embeddable":true,"href":"https:\/\/connectif.ai\/fr\/wp-json\/wp\/v2\/comments?post=71043"}],"version-history":[{"count":0,"href":"https:\/\/connectif.ai\/fr\/wp-json\/wp\/v2\/pages\/71043\/revisions"}],"wp:attachment":[{"href":"https:\/\/connectif.ai\/fr\/wp-json\/wp\/v2\/media?parent=71043"}],"wp:term":[{"taxonomy":"category","embeddable":true,"href":"https:\/\/connectif.ai\/fr\/wp-json\/wp\/v2\/categories?post=71043"},{"taxonomy":"post_tag","embeddable":true,"href":"https:\/\/connectif.ai\/fr\/wp-json\/wp\/v2\/tags?post=71043"}],"curies":[{"name":"wp","href":"https:\/\/api.w.org\/{rel}","templated":true}]}}